{"id":288398,"date":"2021-07-05T11:24:02","date_gmt":"2021-07-05T09:24:02","guid":{"rendered":"https:\/\/www.huntersfriend.eu\/product\/saunders-armskydd-target\/"},"modified":"2025-08-27T11:19:52","modified_gmt":"2025-08-27T09:19:52","slug":"saunders-armskydd-target","status":"publish","type":"product","link":"https:\/\/www.huntersfriend.eu\/sv\/produkt\/saunders-armskydd-target\/","title":{"rendered":"Saunders armskydd Target"},"content":{"rendered":"<p>Detta \u00e4r en ren, 3\u2033 x 5 1\/2\u2033 \u00f6ppen design, sval, bekv\u00e4m och passar lika bra p\u00e5 linjen som p\u00e5 skjutbanan. Kommer inte att rulla ihop sig eller spricka. Snabbjusterbar elastisk med krok.  <\/p>\n","protected":false},"excerpt":{"rendered":"<p>Svart plast &#8211; liten<\/p>\n","protected":false},"featured_media":220241,"comment_status":"open","ping_status":"closed","template":"","meta":[],"product_brand":[],"product_cat":[2926],"product_tag":[],"class_list":{"0":"post-288398","1":"product","2":"type-product","3":"status-publish","4":"has-post-thumbnail","6":"product_cat-armskydd-for-jakt-och-malskytte","8":"first","9":"instock","10":"taxable","11":"shipping-taxable","12":"purchasable","13":"product-type-simple"},"composite_virtual":false,"composite_layout":"","composite_add_to_cart_form_location":"","composite_editable_in_cart":false,"composite_sold_individually_context":"","composite_shop_price_calc":"","composite_components":[],"composite_scenarios":[],"group_of_quantity":0,"min_quantity":0,"max_quantity":"","exclude_order_quantity_value_rules":"no","exclude_category_quantity_rules":"no","combine_variations":"no","exclude_global_add_ons":[],"addons":[],"_links":{"self":[{"href":"https:\/\/www.huntersfriend.eu\/sv\/wp-json\/wp\/v2\/product\/288398","targetHints":{"allow":["GET"]}}],"collection":[{"href":"https:\/\/www.huntersfriend.eu\/sv\/wp-json\/wp\/v2\/product"}],"about":[{"href":"https:\/\/www.huntersfriend.eu\/sv\/wp-json\/wp\/v2\/types\/product"}],"replies":[{"embeddable":true,"href":"https:\/\/www.huntersfriend.eu\/sv\/wp-json\/wp\/v2\/comments?post=288398"}],"wp:featuredmedia":[{"embeddable":true,"href":"https:\/\/www.huntersfriend.eu\/sv\/wp-json\/wp\/v2\/media\/220241"}],"wp:attachment":[{"href":"https:\/\/www.huntersfriend.eu\/sv\/wp-json\/wp\/v2\/media?parent=288398"}],"wp:term":[{"taxonomy":"product_brand","embeddable":true,"href":"https:\/\/www.huntersfriend.eu\/sv\/wp-json\/wp\/v2\/product_brand?post=288398"},{"taxonomy":"product_cat","embeddable":true,"href":"https:\/\/www.huntersfriend.eu\/sv\/wp-json\/wp\/v2\/product_cat?post=288398"},{"taxonomy":"product_tag","embeddable":true,"href":"https:\/\/www.huntersfriend.eu\/sv\/wp-json\/wp\/v2\/product_tag?post=288398"}],"curies":[{"name":"wp","href":"https:\/\/api.w.org\/{rel}","templated":true}]}}