{"id":288397,"date":"2021-07-07T14:20:36","date_gmt":"2021-07-07T12:20:36","guid":{"rendered":"https:\/\/www.huntersfriend.eu\/product\/sista-inflygningen-sista-pass-stockenten-lockente\/"},"modified":"2025-08-27T11:19:51","modified_gmt":"2025-08-27T09:19:51","slug":"sista-inflygningen-sista-pass-stockenten-lockente","status":"publish","type":"product","link":"https:\/\/www.huntersfriend.eu\/sv\/produkt\/sista-inflygningen-sista-pass-stockenten-lockente\/","title":{"rendered":"Sista inflygningen sista pass stockenten lockente"},"content":{"rendered":"<p>Vi ville erbjuda dig ett bete till ett fantastiskt pris med en fantastisk lackering. Dessa beten \u00e4r l\u00e4tta och mindre \u00e4n v\u00e5ra Live Series Mallards, vilket g\u00f6r dem perfekta f\u00f6r l\u00e5nga v\u00e4gar till jaktomr\u00e5dena eller f\u00f6r att f\u00e5 plats med flera beten i en n\u00e4tkasse eller en liten b\u00e5t. <\/p>\n<p>12-pack<br \/>SAMMA ROBUSTA KONSTRUKTION OCH H\u00c5LLBARHET SOM ALLTID!<br \/>Nya sniderier av 17-faldige v\u00e4rldsm\u00e4staren Pat Godin!<br \/>Perfekt f\u00f6r att komplettera din spridning med siffror<br \/>L\u00e4tt vikt<br \/>Robust konstruktion i ett stycke,<br \/>Tyngd k\u00f6l och sn\u00f6rl\u00e5ssystem<br \/>Inneh\u00e5ller: 6 \u00e4nder och 6 h\u00f6nor<\/p>\n<p>Varning! Onlinebest\u00e4llningar \u00e4r begr\u00e4nsade till en l\u00e5da per best\u00e4llning. F\u00f6r st\u00f6rre kvantiteter, v\u00e4nligen kontakta kundtj\u00e4nst direkt f\u00f6r att fr\u00e5ga om leveranskostnaderna.  <\/p>\n","protected":false},"excerpt":{"rendered":"<p>12 st per f\u00f6rpackning, 6 honor och 6 hanar  <\/p>\n","protected":false},"featured_media":208743,"comment_status":"open","ping_status":"closed","template":"","meta":[],"product_brand":[],"product_cat":[2527],"product_tag":[],"class_list":{"0":"post-288397","1":"product","2":"type-product","3":"status-publish","4":"has-post-thumbnail","6":"product_cat-andbeten","7":"product_shipping_class-big-sv","9":"first","10":"instock","11":"sale","12":"taxable","13":"shipping-taxable","14":"purchasable","15":"product-type-simple"},"composite_virtual":false,"composite_layout":"","composite_add_to_cart_form_location":"","composite_editable_in_cart":false,"composite_sold_individually_context":"","composite_shop_price_calc":"","composite_components":[],"composite_scenarios":[],"group_of_quantity":0,"min_quantity":0,"max_quantity":"","exclude_order_quantity_value_rules":"no","exclude_category_quantity_rules":"no","combine_variations":"no","exclude_global_add_ons":[],"addons":[],"_links":{"self":[{"href":"https:\/\/www.huntersfriend.eu\/sv\/wp-json\/wp\/v2\/product\/288397","targetHints":{"allow":["GET"]}}],"collection":[{"href":"https:\/\/www.huntersfriend.eu\/sv\/wp-json\/wp\/v2\/product"}],"about":[{"href":"https:\/\/www.huntersfriend.eu\/sv\/wp-json\/wp\/v2\/types\/product"}],"replies":[{"embeddable":true,"href":"https:\/\/www.huntersfriend.eu\/sv\/wp-json\/wp\/v2\/comments?post=288397"}],"wp:featuredmedia":[{"embeddable":true,"href":"https:\/\/www.huntersfriend.eu\/sv\/wp-json\/wp\/v2\/media\/208743"}],"wp:attachment":[{"href":"https:\/\/www.huntersfriend.eu\/sv\/wp-json\/wp\/v2\/media?parent=288397"}],"wp:term":[{"taxonomy":"product_brand","embeddable":true,"href":"https:\/\/www.huntersfriend.eu\/sv\/wp-json\/wp\/v2\/product_brand?post=288397"},{"taxonomy":"product_cat","embeddable":true,"href":"https:\/\/www.huntersfriend.eu\/sv\/wp-json\/wp\/v2\/product_cat?post=288397"},{"taxonomy":"product_tag","embeddable":true,"href":"https:\/\/www.huntersfriend.eu\/sv\/wp-json\/wp\/v2\/product_tag?post=288397"}],"curies":[{"name":"wp","href":"https:\/\/api.w.org\/{rel}","templated":true}]}}