{"id":288396,"date":"2021-06-22T08:20:10","date_gmt":"2021-06-22T06:20:10","guid":{"rendered":"https:\/\/www.huntersfriend.eu\/product\/alps-outdoorz-xtreme-kikarseles-x\/"},"modified":"2026-03-18T22:00:56","modified_gmt":"2026-03-18T20:00:56","slug":"alps-outdoorz-xtreme-kikarseles-x","status":"publish","type":"product","link":"https:\/\/www.huntersfriend.eu\/sv\/produkt\/alps-outdoorz-xtreme-kikarseles-x\/","title":{"rendered":"Alps outdoorz xtreme kikarseles X"},"content":{"rendered":"<p>Som en av de f\u00f6rsta produktut\u00f6kningarna till Alps mycket popul\u00e4ra och framg\u00e5ngsrika Extreme-serie, \u00e4r Bino Harness X den perfekta f\u00f6ljeslagaren f\u00f6r din optik. Designad f\u00f6r att h\u00e5lla fickan n\u00e4ra br\u00f6stet och minska m\u00e4ngden r\u00f6relse du k\u00e4nner i din optik. Bino Harness X \u00e4r tillverkad av 1680D ballistisk nylonv\u00e4v och \u00e4r lika tuff som du och redo f\u00f6r alla jaktmilj\u00f6er. En linstrasa ing\u00e5r, och designen har en l\u00e4ttanv\u00e4nd enhands\u00f6ppningsmekanism f\u00f6r snabb \u00e5tkomst.   <\/p>\n<p>\u2022 Fickan sitter s\u00e4kert mot br\u00f6stet under r\u00f6relse<\/p>\n<p>\u2022 1680D ballistisk nylonv\u00e4v anv\u00e4nds genomg\u00e5ende f\u00f6r o\u00f6vertr\u00e4ffad styrka<\/p>\n<p>\u2022 Fr\u00e4mre U-formad design ger enklare \u00e5tkomst till kikare<\/p>\n<p>\u2022 Linstrasa ing\u00e5r<\/p>\n<p>\u2022 Vadderad bakpanel f\u00f6r extra komfort<\/p>\n<p>\u2022 Elastisk st\u00e4ngning f\u00f6r att rymma en m\u00e4ngd olika kikare<\/p>\n<p>\u2022 Justerbar f\u00e4stsele f\u00f6r att passa alla kroppsstorlekar<\/p>\n<p>\u2022 Icke-metalliska kikarf\u00e4sten<\/p>\n<p>\u2022 Flera f\u00e4stpunkter f\u00f6r extra tillbeh\u00f6r<\/p>\n<p>\u2022 En sidoficka f\u00f6r f\u00f6rvaring av vindindikator<\/p>\n<p>\u2022 \u00c4rmficka p\u00e5 baksidan fungerar utm\u00e4rkt f\u00f6r en handeldvapen, telefon eller extra utrustning<\/p>\n<table style=\"height: 72px;\" border=\"3\" width=\"263\">\n<tbody>\n<tr>\n<th colspan=\"2\">Standard<\/th>\n<\/tr>\n<tr align=\"CENTER\">\n<td><b>M\u00e5tt<\/b><\/td>\n<td>16,5 cm H x 14 cm B x 5,7 cm D<\/td>\n<\/tr>\n<tr align=\"CENTER\">\n<td><b>Vikt<\/b><\/td>\n<td>312 g<\/td>\n<\/tr>\n<tr>\n<th colspan=\"2\"><\/th>\n<\/tr>\n<tr align=\"CENTER\">\n<td><\/td>\n<td><\/td>\n<\/tr>\n<tr align=\"CENTER\">\n<td><\/td>\n<td><\/td>\n<\/tr>\n<\/tbody>\n<\/table>\n","protected":false},"excerpt":{"rendered":"<p>Coyote eller Real tree excape camo<\/p>\n","protected":false},"featured_media":209731,"comment_status":"open","ping_status":"closed","template":"","meta":[],"product_brand":[],"product_cat":[2820],"product_tag":[],"class_list":{"0":"post-288396","1":"product","2":"type-product","3":"status-publish","4":"has-post-thumbnail","6":"product_cat-kikarselesar","8":"first","9":"instock","10":"taxable","11":"shipping-taxable","12":"purchasable","13":"product-type-variable"},"composite_virtual":false,"composite_layout":"","composite_add_to_cart_form_location":"","composite_editable_in_cart":false,"composite_sold_individually_context":"","composite_shop_price_calc":"","composite_components":[],"composite_scenarios":[],"group_of_quantity":0,"min_quantity":0,"max_quantity":"","exclude_order_quantity_value_rules":"no","exclude_category_quantity_rules":"no","combine_variations":"no","exclude_global_add_ons":[],"addons":[],"_links":{"self":[{"href":"https:\/\/www.huntersfriend.eu\/sv\/wp-json\/wp\/v2\/product\/288396","targetHints":{"allow":["GET"]}}],"collection":[{"href":"https:\/\/www.huntersfriend.eu\/sv\/wp-json\/wp\/v2\/product"}],"about":[{"href":"https:\/\/www.huntersfriend.eu\/sv\/wp-json\/wp\/v2\/types\/product"}],"replies":[{"embeddable":true,"href":"https:\/\/www.huntersfriend.eu\/sv\/wp-json\/wp\/v2\/comments?post=288396"}],"wp:featuredmedia":[{"embeddable":true,"href":"https:\/\/www.huntersfriend.eu\/sv\/wp-json\/wp\/v2\/media\/209731"}],"wp:attachment":[{"href":"https:\/\/www.huntersfriend.eu\/sv\/wp-json\/wp\/v2\/media?parent=288396"}],"wp:term":[{"taxonomy":"product_brand","embeddable":true,"href":"https:\/\/www.huntersfriend.eu\/sv\/wp-json\/wp\/v2\/product_brand?post=288396"},{"taxonomy":"product_cat","embeddable":true,"href":"https:\/\/www.huntersfriend.eu\/sv\/wp-json\/wp\/v2\/product_cat?post=288396"},{"taxonomy":"product_tag","embeddable":true,"href":"https:\/\/www.huntersfriend.eu\/sv\/wp-json\/wp\/v2\/product_tag?post=288396"}],"curies":[{"name":"wp","href":"https:\/\/api.w.org\/{rel}","templated":true}]}}