{"id":288394,"date":"2021-06-24T11:20:21","date_gmt":"2021-06-24T09:20:21","guid":{"rendered":"https:\/\/www.huntersfriend.eu\/product\/nikon-prostaff-1000-laseravstandsmatare\/"},"modified":"2025-08-27T11:19:36","modified_gmt":"2025-08-27T09:19:36","slug":"nikon-prostaff-1000-laseravstandsmatare","status":"publish","type":"product","link":"https:\/\/www.huntersfriend.eu\/sv\/produkt\/nikon-prostaff-1000-laseravstandsmatare\/","title":{"rendered":"Nikon Prostaff 1000 laseravst\u00e5ndsm\u00e4tare"},"content":{"rendered":"<section class=\"nkn-resp-pdp-section redesign nkn-resp-pdp-overview-text-only container-fluid text-center row\">\n<div class=\"nkn-resp-pdp-overview-content max-750\">\n<h3 class=\"nkn-resp-pdp-title\">Noggrannhet, konsekvens och v\u00e4rde<\/h3>\n<div class=\"nkn-resp-pdp-description\">PROSTAFF 1000 6&#215;20 laseravst\u00e5ndsm\u00e4tare ger dig en solid maximal r\u00e4ckvidd p\u00e5 1 000 yards i handen, tillsammans med kompakt ergonomi som f\u00e5r plats i fickan. 6x optiskt system g\u00f6r att du kan se \u2013 och m\u00e4ta avst\u00e5ndet till \u2013 r\u00e5djur ut till 600 yards, medan Tru-Target-systemet l\u00e5ter dig v\u00e4lja antingen First Target eller Distant Target Priority. V\u00e4derbest\u00e4ndig\/regnt\u00e4t konstruktion.  <\/div>\n<\/div>\n<\/section>\n<section class=\"nkn-resp-pdp-section redesign nkn-resp-pdp-overview-text-only container-fluid text-center row\">\n<div class=\"nkn-resp-pdp-overview-content max-750\">\n<h3 class=\"nkn-resp-pdp-title\">Tru-Target-teknik<\/h3>\n<div class=\"nkn-resp-pdp-description\">V\u00e4lj mellan tv\u00e5 olika avst\u00e5ndsm\u00e4tningsl\u00e4gen beroende p\u00e5 situationen. First target priority mode l\u00e5ter dig m\u00e4ta avst\u00e5ndet till ett objekt s\u00e5 litet som en st\u00e4ngselstolpe, medan distant target priority mode visar avst\u00e5ndet till det l\u00e4ngst bort bel\u00e4gna m\u00e5let bland en grupp uppm\u00e4tta m\u00e5l. <\/div>\n<\/div>\n<div>\n<ol class=\"specs-group-content expandable\">\n<li class=\"spec-content row\">\n<h4 class=\"spec-title col-sm-6\">M\u00e4tomr\u00e5de 6- <span class=\"value\">1,000<\/span><span class=\"suffix\"> yd.<\/span><\/h4>\n<\/li>\n<li class=\"spec-content row\">\n<h4 class=\"spec-title col-sm-6\">F\u00f6rstoring &#8211; 6<span class=\"suffix\">x<\/span><\/h4>\n<\/li>\n<li class=\"spec-content row\">\n<h4 class=\"spec-title col-sm-6\">Vinkel synf\u00e4lt (Real) &#8211; 6<span class=\"suffix\">\u00b0<\/span><\/h4>\n<\/li>\n<li class=\"spec-content row\">\n<h4 class=\"spec-title col-sm-6\">S\u00f6kardisplay &#8211; meter\/yards<\/h4>\n<\/li>\n<li class=\"spec-content row\">\n<h4 class=\"spec-title col-sm-6\">Utg\u00e5ngspupill -3.3<span class=\"suffix\">mm<\/span><\/h4>\n<\/li>\n<li class=\"spec-content row\">\n<h4 class=\"spec-title col-sm-6\">Dioptrijustering &#8211; +\/- <span class=\"value\">4<\/span><span class=\"suffix\">\u00b0<\/span><\/h4>\n<\/li>\n<li class=\"spec-content row\">\n<h4 class=\"spec-title col-sm-6\">Str\u00f6mk\u00e4lla -1 CR2 litiumbatteri<\/h4>\n<\/li>\n<li class=\"spec-content row\">\n<h4 class=\"spec-title col-sm-6\">Storlek (l\u00e4ngd x bredd x h\u00f6jd) &#8211; 3.6<span class=\"suffix\"> in.<\/span> x <span class=\"value\">1.5<\/span><span class=\"suffix\"> in.<\/span> x <span class=\"value\">2.9<\/span><span class=\"suffix\"> in.<\/span><\/h4>\n<\/li>\n<li class=\"spec-content row\">\n<h4 class=\"spec-title col-sm-6\">Vikt (utan batterier) &#8211; 4.6<span class=\"suffix\"> oz<\/span><\/h4>\n<\/li>\n<li class=\"spec-content row\">\n<h4 class=\"spec-title col-sm-6\">Objektivdiameter &#8211; 20<span class=\"suffix\">mm<\/span><\/h4>\n<\/li>\n<\/ol>\n<\/div>\n<\/section>\n","protected":false},"excerpt":{"rendered":"<p>R\u00e4ckvidd 5 &#8211; 910 m<\/p>\n","protected":false},"featured_media":208773,"comment_status":"open","ping_status":"closed","template":"","meta":[],"product_brand":[],"product_cat":[2829],"product_tag":[],"class_list":{"0":"post-288394","1":"product","2":"type-product","3":"status-publish","4":"has-post-thumbnail","6":"product_cat-avstandsmatare","8":"first","9":"instock","10":"taxable","11":"shipping-taxable","12":"purchasable","13":"product-type-simple"},"composite_virtual":false,"composite_layout":"","composite_add_to_cart_form_location":"","composite_editable_in_cart":false,"composite_sold_individually_context":"","composite_shop_price_calc":"","composite_components":[],"composite_scenarios":[],"group_of_quantity":0,"min_quantity":0,"max_quantity":"","exclude_order_quantity_value_rules":"no","exclude_category_quantity_rules":"no","combine_variations":"no","exclude_global_add_ons":[],"addons":[],"_links":{"self":[{"href":"https:\/\/www.huntersfriend.eu\/sv\/wp-json\/wp\/v2\/product\/288394","targetHints":{"allow":["GET"]}}],"collection":[{"href":"https:\/\/www.huntersfriend.eu\/sv\/wp-json\/wp\/v2\/product"}],"about":[{"href":"https:\/\/www.huntersfriend.eu\/sv\/wp-json\/wp\/v2\/types\/product"}],"replies":[{"embeddable":true,"href":"https:\/\/www.huntersfriend.eu\/sv\/wp-json\/wp\/v2\/comments?post=288394"}],"wp:featuredmedia":[{"embeddable":true,"href":"https:\/\/www.huntersfriend.eu\/sv\/wp-json\/wp\/v2\/media\/208773"}],"wp:attachment":[{"href":"https:\/\/www.huntersfriend.eu\/sv\/wp-json\/wp\/v2\/media?parent=288394"}],"wp:term":[{"taxonomy":"product_brand","embeddable":true,"href":"https:\/\/www.huntersfriend.eu\/sv\/wp-json\/wp\/v2\/product_brand?post=288394"},{"taxonomy":"product_cat","embeddable":true,"href":"https:\/\/www.huntersfriend.eu\/sv\/wp-json\/wp\/v2\/product_cat?post=288394"},{"taxonomy":"product_tag","embeddable":true,"href":"https:\/\/www.huntersfriend.eu\/sv\/wp-json\/wp\/v2\/product_tag?post=288394"}],"curies":[{"name":"wp","href":"https:\/\/api.w.org\/{rel}","templated":true}]}}