{"id":288382,"date":"2021-09-28T10:41:25","date_gmt":"2021-09-28T08:41:25","guid":{"rendered":"https:\/\/www.huntersfriend.eu\/product\/alps-hopfallbart-skumunderlag\/"},"modified":"2025-08-27T11:19:03","modified_gmt":"2025-08-27T09:19:03","slug":"alps-hopfallbart-skumunderlag","status":"publish","type":"product","link":"https:\/\/www.huntersfriend.eu\/sv\/produkt\/alps-hopfallbart-skumunderlag\/","title":{"rendered":"Alps hopf\u00e4llbart skumunderlag"},"content":{"rendered":"<p>F\u00f6rb\u00e4ttra din campingupplevelse och sov b\u00e4ttre med det hopf\u00e4llbara skumunderlaget. Den l\u00e4tta dragspelsdesignen f\u00e4lls ihop till en kompakt storlek f\u00f6r enkel packning och f\u00f6rvaring. \u00c4ggkartongens yta med slutna celler ger d\u00e4mpad komfort och isolerande v\u00e4rme f\u00f6r en bekv\u00e4m natts\u00f6mn.  <\/p>\n<p>\u2022 Dragspelsvikning f\u00f6r en liten packstorlek<\/p>\n<p>\u2022 Bekv\u00e4m \u00e4ggkartongskumyta att sova p\u00e5<\/p>\n<p>\u2022 L\u00e4ttviktsdesign<\/p>\n<p>\u2022 Slutna celler skyddar och isolerar<\/p>\n<table border=\"3\">\n<tbody>\n<tr align=\"CENTER\">\n<td><b>M\u00e5tt<\/b><\/td>\n<td>22&#8243; x 71&#8243; x .75&#8243;<\/td>\n<\/tr>\n<tr align=\"CENTER\">\n<td><b>Vikt<\/b><\/td>\n<td>10 oz.<\/td>\n<\/tr>\n<tr align=\"CENTER\">\n<td><b>Packad storlek<\/b><\/td>\n<td>22&#8243; x 5&#8243; x 5.75&#8243;<\/td>\n<\/tr>\n<\/tbody>\n<\/table>\n","protected":false},"excerpt":{"rendered":"<p>F\u00f6rb\u00e4ttra din campingupplevelse och sov b\u00e4ttre med det hopf\u00e4llbara skumunderlaget. Den l\u00e4tta dragspelsdesignen f\u00e4lls ihop till en kompakt storlek f\u00f6r enkel packning och f\u00f6rvaring. \u00c4ggkartongens yta med slutna celler ger d\u00e4mpad komfort och isolerande v\u00e4rme f\u00f6r en bekv\u00e4m natts\u00f6mn. \u2022 Dragspelsvikning f\u00f6r en liten packstorlek \u2022 Bekv\u00e4m \u00e4ggkartongskumyta att sova p\u00e5 \u2022 L\u00e4ttviktsdesign \u2022 Slutna [&#8230;]\n","protected":false},"featured_media":217057,"comment_status":"open","ping_status":"closed","template":"","meta":[],"product_brand":[],"product_cat":[2572],"product_tag":[],"class_list":{"0":"post-288382","1":"product","2":"type-product","3":"status-publish","4":"has-post-thumbnail","6":"product_cat-faltsangar-och-liggunderlag","8":"first","9":"instock","10":"taxable","11":"shipping-taxable","12":"purchasable","13":"product-type-simple"},"composite_virtual":false,"composite_layout":"","composite_add_to_cart_form_location":"","composite_editable_in_cart":false,"composite_sold_individually_context":"","composite_shop_price_calc":"","composite_components":[],"composite_scenarios":[],"group_of_quantity":0,"min_quantity":0,"max_quantity":"","exclude_order_quantity_value_rules":"no","exclude_category_quantity_rules":"no","combine_variations":"no","exclude_global_add_ons":[],"addons":[],"_links":{"self":[{"href":"https:\/\/www.huntersfriend.eu\/sv\/wp-json\/wp\/v2\/product\/288382","targetHints":{"allow":["GET"]}}],"collection":[{"href":"https:\/\/www.huntersfriend.eu\/sv\/wp-json\/wp\/v2\/product"}],"about":[{"href":"https:\/\/www.huntersfriend.eu\/sv\/wp-json\/wp\/v2\/types\/product"}],"replies":[{"embeddable":true,"href":"https:\/\/www.huntersfriend.eu\/sv\/wp-json\/wp\/v2\/comments?post=288382"}],"wp:featuredmedia":[{"embeddable":true,"href":"https:\/\/www.huntersfriend.eu\/sv\/wp-json\/wp\/v2\/media\/217057"}],"wp:attachment":[{"href":"https:\/\/www.huntersfriend.eu\/sv\/wp-json\/wp\/v2\/media?parent=288382"}],"wp:term":[{"taxonomy":"product_brand","embeddable":true,"href":"https:\/\/www.huntersfriend.eu\/sv\/wp-json\/wp\/v2\/product_brand?post=288382"},{"taxonomy":"product_cat","embeddable":true,"href":"https:\/\/www.huntersfriend.eu\/sv\/wp-json\/wp\/v2\/product_cat?post=288382"},{"taxonomy":"product_tag","embeddable":true,"href":"https:\/\/www.huntersfriend.eu\/sv\/wp-json\/wp\/v2\/product_tag?post=288382"}],"curies":[{"name":"wp","href":"https:\/\/api.w.org\/{rel}","templated":true}]}}