{"id":288381,"date":"2021-09-28T10:41:28","date_gmt":"2021-09-28T08:41:28","guid":{"rendered":"https:\/\/www.huntersfriend.eu\/product\/grim-reaper-razor-cut-ss\/"},"modified":"2025-10-29T11:21:09","modified_gmt":"2025-10-29T09:21:09","slug":"grim-reaper-razor-cut-ss","status":"publish","type":"product","link":"https:\/\/www.huntersfriend.eu\/sv\/produkt\/grim-reaper-razor-cut-ss\/","title":{"rendered":"Grim reaper razor cut SS"},"content":{"rendered":"<div class=\"rte product-single__description\">Grim Reapers rostfria st\u00e5lspets i ett stycke som full\u00e4ndar v\u00e5r Razorcut SS-serie av jaktspetsar. F\u00f6r maximal penetration. <\/div>\n<div><\/div>\n<div class=\"rte product-single__description\">\n<p>\u201c<strong>SE DEM FALLA<\/strong>\u201d!<\/p>\n<\/div>\n","protected":false},"excerpt":{"rendered":"<p>3-bladig &#8211; 3\/f\u00f6rpackning<\/p>\n","protected":false},"featured_media":215146,"comment_status":"open","ping_status":"closed","template":"","meta":[],"product_brand":[],"product_cat":[2647],"product_tag":[],"class_list":{"0":"post-288381","1":"product","2":"type-product","3":"status-publish","4":"has-post-thumbnail","6":"product_cat-broadheads-jakt","8":"first","9":"outofstock","10":"taxable","11":"shipping-taxable","12":"purchasable","13":"product-type-variable"},"composite_virtual":false,"composite_layout":"","composite_add_to_cart_form_location":"","composite_editable_in_cart":false,"composite_sold_individually_context":"","composite_shop_price_calc":"","composite_components":[],"composite_scenarios":[],"group_of_quantity":0,"min_quantity":0,"max_quantity":"","exclude_order_quantity_value_rules":"no","exclude_category_quantity_rules":"no","combine_variations":"no","exclude_global_add_ons":[],"addons":[],"_links":{"self":[{"href":"https:\/\/www.huntersfriend.eu\/sv\/wp-json\/wp\/v2\/product\/288381","targetHints":{"allow":["GET"]}}],"collection":[{"href":"https:\/\/www.huntersfriend.eu\/sv\/wp-json\/wp\/v2\/product"}],"about":[{"href":"https:\/\/www.huntersfriend.eu\/sv\/wp-json\/wp\/v2\/types\/product"}],"replies":[{"embeddable":true,"href":"https:\/\/www.huntersfriend.eu\/sv\/wp-json\/wp\/v2\/comments?post=288381"}],"wp:featuredmedia":[{"embeddable":true,"href":"https:\/\/www.huntersfriend.eu\/sv\/wp-json\/wp\/v2\/media\/215146"}],"wp:attachment":[{"href":"https:\/\/www.huntersfriend.eu\/sv\/wp-json\/wp\/v2\/media?parent=288381"}],"wp:term":[{"taxonomy":"product_brand","embeddable":true,"href":"https:\/\/www.huntersfriend.eu\/sv\/wp-json\/wp\/v2\/product_brand?post=288381"},{"taxonomy":"product_cat","embeddable":true,"href":"https:\/\/www.huntersfriend.eu\/sv\/wp-json\/wp\/v2\/product_cat?post=288381"},{"taxonomy":"product_tag","embeddable":true,"href":"https:\/\/www.huntersfriend.eu\/sv\/wp-json\/wp\/v2\/product_tag?post=288381"}],"curies":[{"name":"wp","href":"https:\/\/api.w.org\/{rel}","templated":true}]}}