{"id":288379,"date":"2021-08-03T14:20:26","date_gmt":"2021-08-03T12:20:26","guid":{"rendered":"https:\/\/www.huntersfriend.eu\/product\/slutlig-inflygning-mutt-hutt-snotacke\/"},"modified":"2025-08-27T11:18:34","modified_gmt":"2025-08-27T09:18:34","slug":"slutlig-inflygning-mutt-hutt-snotacke","status":"publish","type":"product","link":"https:\/\/www.huntersfriend.eu\/sv\/produkt\/slutlig-inflygning-mutt-hutt-snotacke\/","title":{"rendered":"Slutlig inflygning mutt hutt Sn\u00f6t\u00e4cke"},"content":{"rendered":"<p>H\u00e5ll din Mutt Hutt dold i sn\u00f6n med Mutt Hutt Snow Cover. Dra den enkelt \u00f6ver skyddet och l\u00e4gg till lite kvistar i remmarna f\u00f6r att f\u00f6rsvinna in i sn\u00f6n. <\/p>\n<p>FUNKTIONER<\/p>\n<ul>\n<li>L\u00e4tt att s\u00e4tta p\u00e5 och ta av<\/li>\n<li>UV-behandlad<\/li>\n<li>Elastisk botten f\u00f6r s\u00e4ker passform<\/li>\n<\/ul>\n","protected":false},"excerpt":{"rendered":"<p>Vit<\/p>\n","protected":false},"featured_media":220828,"comment_status":"open","ping_status":"closed","template":"","meta":[],"product_brand":[],"product_cat":[878],"product_tag":[],"class_list":{"0":"post-288379","1":"product","2":"type-product","3":"status-publish","4":"has-post-thumbnail","6":"product_cat-uncategorized-sv","8":"first","9":"outofstock","10":"taxable","11":"shipping-taxable","12":"purchasable","13":"product-type-simple"},"composite_virtual":false,"composite_layout":"","composite_add_to_cart_form_location":"","composite_editable_in_cart":false,"composite_sold_individually_context":"","composite_shop_price_calc":"","composite_components":[],"composite_scenarios":[],"group_of_quantity":0,"min_quantity":0,"max_quantity":"","exclude_order_quantity_value_rules":"no","exclude_category_quantity_rules":"no","combine_variations":"no","exclude_global_add_ons":[],"addons":[],"_links":{"self":[{"href":"https:\/\/www.huntersfriend.eu\/sv\/wp-json\/wp\/v2\/product\/288379","targetHints":{"allow":["GET"]}}],"collection":[{"href":"https:\/\/www.huntersfriend.eu\/sv\/wp-json\/wp\/v2\/product"}],"about":[{"href":"https:\/\/www.huntersfriend.eu\/sv\/wp-json\/wp\/v2\/types\/product"}],"replies":[{"embeddable":true,"href":"https:\/\/www.huntersfriend.eu\/sv\/wp-json\/wp\/v2\/comments?post=288379"}],"wp:featuredmedia":[{"embeddable":true,"href":"https:\/\/www.huntersfriend.eu\/sv\/wp-json\/wp\/v2\/media\/220828"}],"wp:attachment":[{"href":"https:\/\/www.huntersfriend.eu\/sv\/wp-json\/wp\/v2\/media?parent=288379"}],"wp:term":[{"taxonomy":"product_brand","embeddable":true,"href":"https:\/\/www.huntersfriend.eu\/sv\/wp-json\/wp\/v2\/product_brand?post=288379"},{"taxonomy":"product_cat","embeddable":true,"href":"https:\/\/www.huntersfriend.eu\/sv\/wp-json\/wp\/v2\/product_cat?post=288379"},{"taxonomy":"product_tag","embeddable":true,"href":"https:\/\/www.huntersfriend.eu\/sv\/wp-json\/wp\/v2\/product_tag?post=288379"}],"curies":[{"name":"wp","href":"https:\/\/api.w.org\/{rel}","templated":true}]}}