{"id":288377,"date":"2021-08-03T14:20:26","date_gmt":"2021-08-03T12:20:26","guid":{"rendered":"https:\/\/www.huntersfriend.eu\/product\/slutlig-inflygnings-knockout-snotacke\/"},"modified":"2025-08-27T11:18:32","modified_gmt":"2025-08-27T09:18:32","slug":"slutlig-inflygnings-knockout-snotacke","status":"publish","type":"product","link":"https:\/\/www.huntersfriend.eu\/sv\/produkt\/slutlig-inflygnings-knockout-snotacke\/","title":{"rendered":"Slutlig inflygnings-knockout Sn\u00f6t\u00e4cke"},"content":{"rendered":"<p>DENNA PRODUKT \u00c4R SN\u00d6T\u00c4CKET F\u00d6R KNOCK OUT-BLINDEN ENDAST &#8211; BLIND ING\u00c5R EJ<\/p>\n<p>&nbsp;<\/p>\n<p>Vi designade den F\u00d6RSTA layout-blinden 1993! Och nu, 27 \u00e5r senare, kommer vi att ta layout-blinds till n\u00e4sta niv\u00e5 igen! Den nya &#8221;KO&#8221;-blinden \u00e4r redo att knocka f\u00e5glarna med otrolig d\u00f6ljning och \u00e4ven sl\u00e5 ut all annan konkurrens p\u00e5 layout-blind-marknaden.  <\/p>\n<p>Detta \u00e4r den snabbaste installationen och nedmonteringen av alla blinds p\u00e5 marknaden, samt den mest h\u00e5llbara. Installeras och monteras ned p\u00e5 n\u00e5gra sekunder och f\u00f6rvaras snabbt. Den h\u00e5llbara ramen och st\u00f6dst\u00e4ngerna g\u00f6r att du kan l\u00e4gga s\u00e5 mycket tryck p\u00e5 blinden n\u00e4r du g\u00e5r in eller ut, vilket inte har varit ett alternativ hittills i blinds.  <\/p>\n<h2>FUNKTIONER<\/h2>\n<ul>\n<li>Nydesignad g\u00e5ngj\u00e4rnsram f\u00f6r snabb installation och nedmontering<\/li>\n<li>Nedmonteringsst\u00e4nger och nackst\u00f6dsst\u00e4nger f\u00f6r \u00f6kad h\u00e5llbarhet och stabilitet<\/li>\n<li>Helt nytt ryggn\u00e4t f\u00f6r att d\u00f6lja baksidan av ditt huvud n\u00e4r du v\u00e4nder dig f\u00f6r att titta p\u00e5 f\u00e5glarna<\/li>\n<li>Original Stubble Straps \u2122 f\u00f6r att l\u00e4gga till extra g\u00f6msel till blinden<\/li>\n<li>Original snabb\u00e5tkomst-flaggningsh\u00e5l<\/li>\n<li>Dragkedjef\u00f6rsedd &#8221;rensnings&#8221;-lucka vid f\u00f6tterna f\u00f6r att snabbt ta bort skr\u00e4p i blinden<\/li>\n<li>H\u00e5llbart kamouflagematerial med vattenavvisande baksida<\/li>\n<li>Bekv\u00e4mt vadderat nackst\u00f6d<\/li>\n<li>40&#8243; B x 85&#8243; L x 18&#8243; H, v\u00e4ger endast 20 lbs.<\/li>\n<\/ul>\n","protected":false},"excerpt":{"rendered":"<p>Vit<\/p>\n","protected":false},"featured_media":221871,"comment_status":"open","ping_status":"closed","template":"","meta":[],"product_brand":[],"product_cat":[878],"product_tag":[],"class_list":{"0":"post-288377","1":"product","2":"type-product","3":"status-publish","4":"has-post-thumbnail","6":"product_cat-uncategorized-sv","8":"first","9":"outofstock","10":"taxable","11":"shipping-taxable","12":"purchasable","13":"product-type-simple"},"composite_virtual":false,"composite_layout":"","composite_add_to_cart_form_location":"","composite_editable_in_cart":false,"composite_sold_individually_context":"","composite_shop_price_calc":"","composite_components":[],"composite_scenarios":[],"group_of_quantity":0,"min_quantity":0,"max_quantity":"","exclude_order_quantity_value_rules":"no","exclude_category_quantity_rules":"no","combine_variations":"no","exclude_global_add_ons":[],"addons":[],"_links":{"self":[{"href":"https:\/\/www.huntersfriend.eu\/sv\/wp-json\/wp\/v2\/product\/288377","targetHints":{"allow":["GET"]}}],"collection":[{"href":"https:\/\/www.huntersfriend.eu\/sv\/wp-json\/wp\/v2\/product"}],"about":[{"href":"https:\/\/www.huntersfriend.eu\/sv\/wp-json\/wp\/v2\/types\/product"}],"replies":[{"embeddable":true,"href":"https:\/\/www.huntersfriend.eu\/sv\/wp-json\/wp\/v2\/comments?post=288377"}],"wp:featuredmedia":[{"embeddable":true,"href":"https:\/\/www.huntersfriend.eu\/sv\/wp-json\/wp\/v2\/media\/221871"}],"wp:attachment":[{"href":"https:\/\/www.huntersfriend.eu\/sv\/wp-json\/wp\/v2\/media?parent=288377"}],"wp:term":[{"taxonomy":"product_brand","embeddable":true,"href":"https:\/\/www.huntersfriend.eu\/sv\/wp-json\/wp\/v2\/product_brand?post=288377"},{"taxonomy":"product_cat","embeddable":true,"href":"https:\/\/www.huntersfriend.eu\/sv\/wp-json\/wp\/v2\/product_cat?post=288377"},{"taxonomy":"product_tag","embeddable":true,"href":"https:\/\/www.huntersfriend.eu\/sv\/wp-json\/wp\/v2\/product_tag?post=288377"}],"curies":[{"name":"wp","href":"https:\/\/api.w.org\/{rel}","templated":true}]}}