{"id":288376,"date":"2021-07-26T11:22:42","date_gmt":"2021-07-26T09:22:42","guid":{"rendered":"https:\/\/www.huntersfriend.eu\/product\/bohning-ferr-l-tite-cool-flex-smaltlim\/"},"modified":"2026-04-21T06:52:07","modified_gmt":"2026-04-21T04:52:07","slug":"bohning-ferr-l-tite-cool-flex-smaltlim","status":"publish","type":"product","link":"https:\/\/www.huntersfriend.eu\/sv\/produkt\/bohning-ferr-l-tite-cool-flex-smaltlim\/","title":{"rendered":"Bohning FERR-l-TITE COOL-FLEX sm\u00e4ltlim"},"content":{"rendered":"<p>Ferr-L-Tite Cool Flex \u00e4r utformat f\u00f6r spetsar, insatser, outserts och bussningar p\u00e5 kolfiberskaft. Detta sm\u00e4ltlim har flexibla egenskaper som hindrar det fr\u00e5n att spricka \u00e4ven efter upprepade tr\u00e4ffar i m\u00e5ltavlan. Cool Flex \u00e4r ett m\u00e5ste f\u00f6r kolfiberskaft, men det fungerar ocks\u00e5 utm\u00e4rkt p\u00e5 aluminium och glasfiber. Det kr\u00e4ver en l\u00e5ga f\u00f6r installation, men anv\u00e4nd bara VARMT VATTEN f\u00f6r enkel justering, byte eller borttagning av spetsar, insatser, outserts och bussningar. Cool Flex \u00e4r fullst\u00e4ndigt h\u00e4rdat s\u00e5 snart det n\u00e5r rumstemperatur (cirka 5 minuter), och dess sm\u00e4ltpunkt \u00e4r 137,8 \u00b0C. Finns i 12 grams stavar. Inget utg\u00e5ngsdatum. Certifierat kompatibelt med armborst.       <\/p>\n","protected":false},"excerpt":{"rendered":"<p>Ferr-L-Tite Cool Flex \u00e4r utformat f\u00f6r spetsar, insatser, outserts och bussningar p\u00e5 kolfiberskaft. Detta sm\u00e4ltlim har flexibla egenskaper som hindrar det fr\u00e5n att spricka \u00e4ven efter upprepade tr\u00e4ffar i m\u00e5ltavlan. Cool Flex \u00e4r ett m\u00e5ste f\u00f6r kolfiberskaft, men det fungerar ocks\u00e5 utm\u00e4rkt p\u00e5 aluminium och glasfiber. Det kr\u00e4ver en l\u00e5ga f\u00f6r installation, men anv\u00e4nd bara [&#8230;]\n","protected":false},"featured_media":217259,"comment_status":"open","ping_status":"closed","template":"","meta":[],"product_brand":[],"product_cat":[2988],"product_tag":[],"class_list":{"0":"post-288376","1":"product","2":"type-product","3":"status-publish","4":"has-post-thumbnail","6":"product_cat-lim-och-fastmedel","8":"first","9":"instock","10":"taxable","11":"shipping-taxable","12":"purchasable","13":"product-type-simple"},"composite_virtual":false,"composite_layout":"","composite_add_to_cart_form_location":"","composite_editable_in_cart":false,"composite_sold_individually_context":"","composite_shop_price_calc":"","composite_components":[],"composite_scenarios":[],"group_of_quantity":0,"min_quantity":0,"max_quantity":"","exclude_order_quantity_value_rules":"no","exclude_category_quantity_rules":"no","combine_variations":"no","exclude_global_add_ons":[],"addons":[],"_links":{"self":[{"href":"https:\/\/www.huntersfriend.eu\/sv\/wp-json\/wp\/v2\/product\/288376","targetHints":{"allow":["GET"]}}],"collection":[{"href":"https:\/\/www.huntersfriend.eu\/sv\/wp-json\/wp\/v2\/product"}],"about":[{"href":"https:\/\/www.huntersfriend.eu\/sv\/wp-json\/wp\/v2\/types\/product"}],"replies":[{"embeddable":true,"href":"https:\/\/www.huntersfriend.eu\/sv\/wp-json\/wp\/v2\/comments?post=288376"}],"wp:featuredmedia":[{"embeddable":true,"href":"https:\/\/www.huntersfriend.eu\/sv\/wp-json\/wp\/v2\/media\/217259"}],"wp:attachment":[{"href":"https:\/\/www.huntersfriend.eu\/sv\/wp-json\/wp\/v2\/media?parent=288376"}],"wp:term":[{"taxonomy":"product_brand","embeddable":true,"href":"https:\/\/www.huntersfriend.eu\/sv\/wp-json\/wp\/v2\/product_brand?post=288376"},{"taxonomy":"product_cat","embeddable":true,"href":"https:\/\/www.huntersfriend.eu\/sv\/wp-json\/wp\/v2\/product_cat?post=288376"},{"taxonomy":"product_tag","embeddable":true,"href":"https:\/\/www.huntersfriend.eu\/sv\/wp-json\/wp\/v2\/product_tag?post=288376"}],"curies":[{"name":"wp","href":"https:\/\/api.w.org\/{rel}","templated":true}]}}