{"id":288374,"date":"2021-08-11T11:20:30","date_gmt":"2021-08-11T09:20:30","guid":{"rendered":"https:\/\/www.huntersfriend.eu\/product\/trophy-ridge-v-plus-rh-lh-2\/"},"modified":"2025-08-27T11:18:28","modified_gmt":"2025-08-27T09:18:28","slug":"trophy-ridge-v-plus-rh-lh-2","status":"publish","type":"product","link":"https:\/\/www.huntersfriend.eu\/sv\/produkt\/trophy-ridge-v-plus-rh-lh-2\/","title":{"rendered":"Trophy Ridge v plus RH\/LH"},"content":{"rendered":"<p>N\u00e4sta generations uppdatering av den legendariska Whicker Biscuit-designen.<\/p>\n<p>Whisker Biscuit V-Plus erbjuder justeringar f\u00f6r vindavdrift och h\u00f6jd f\u00f6r att \u00f6ka noggrannheten och precisionen i varje skott. Den patenterade V-notch-tekniken centrerar din pil med f\u00e4rre kontaktpunkter \u00e4n den ursprungliga Whisker Biscuit-designen. <\/p>\n","protected":false},"excerpt":{"rendered":"<p>N\u00e4sta generations uppdatering av den legendariska Whicker Biscuit-designen. Whisker Biscuit V-Plus erbjuder justeringar f\u00f6r vindavdrift och h\u00f6jd f\u00f6r att \u00f6ka noggrannheten och precisionen i varje skott. Den patenterade V-notch-tekniken centrerar din pil med f\u00e4rre kontaktpunkter \u00e4n den ursprungliga Whisker Biscuit-designen.<\/p>\n","protected":false},"featured_media":220244,"comment_status":"open","ping_status":"closed","template":"","meta":[],"product_brand":[],"product_cat":[2985],"product_tag":[],"class_list":{"0":"post-288374","1":"product","2":"type-product","3":"status-publish","4":"has-post-thumbnail","6":"product_cat-fullstandiga-fangststod-for-compoundbagar","8":"first","9":"instock","10":"taxable","11":"shipping-taxable","12":"purchasable","13":"product-type-simple"},"composite_virtual":false,"composite_layout":"","composite_add_to_cart_form_location":"","composite_editable_in_cart":false,"composite_sold_individually_context":"","composite_shop_price_calc":"","composite_components":[],"composite_scenarios":[],"group_of_quantity":0,"min_quantity":0,"max_quantity":"","exclude_order_quantity_value_rules":"no","exclude_category_quantity_rules":"no","combine_variations":"no","exclude_global_add_ons":[],"addons":[],"_links":{"self":[{"href":"https:\/\/www.huntersfriend.eu\/sv\/wp-json\/wp\/v2\/product\/288374","targetHints":{"allow":["GET"]}}],"collection":[{"href":"https:\/\/www.huntersfriend.eu\/sv\/wp-json\/wp\/v2\/product"}],"about":[{"href":"https:\/\/www.huntersfriend.eu\/sv\/wp-json\/wp\/v2\/types\/product"}],"replies":[{"embeddable":true,"href":"https:\/\/www.huntersfriend.eu\/sv\/wp-json\/wp\/v2\/comments?post=288374"}],"wp:featuredmedia":[{"embeddable":true,"href":"https:\/\/www.huntersfriend.eu\/sv\/wp-json\/wp\/v2\/media\/220244"}],"wp:attachment":[{"href":"https:\/\/www.huntersfriend.eu\/sv\/wp-json\/wp\/v2\/media?parent=288374"}],"wp:term":[{"taxonomy":"product_brand","embeddable":true,"href":"https:\/\/www.huntersfriend.eu\/sv\/wp-json\/wp\/v2\/product_brand?post=288374"},{"taxonomy":"product_cat","embeddable":true,"href":"https:\/\/www.huntersfriend.eu\/sv\/wp-json\/wp\/v2\/product_cat?post=288374"},{"taxonomy":"product_tag","embeddable":true,"href":"https:\/\/www.huntersfriend.eu\/sv\/wp-json\/wp\/v2\/product_tag?post=288374"}],"curies":[{"name":"wp","href":"https:\/\/api.w.org\/{rel}","templated":true}]}}