{"id":288372,"date":"2021-09-01T14:21:07","date_gmt":"2021-09-01T12:21:07","guid":{"rendered":"https:\/\/www.huntersfriend.eu\/product\/armytek-magnetfaste-awm-03\/"},"modified":"2025-08-27T11:18:00","modified_gmt":"2025-08-27T09:18:00","slug":"armytek-magnetfaste-awm-03","status":"publish","type":"product","link":"https:\/\/www.huntersfriend.eu\/sv\/produkt\/armytek-magnetfaste-awm-03\/","title":{"rendered":"Armytek magnetf\u00e4ste AWM-03"},"content":{"rendered":"<p>Armytek magnetiskt vapenf\u00e4ste AWM-03.<\/p>\n<ul>\n<li>Passar till lampa med en kroppsdiameter p\u00e5 1&#8243; \/ 25,4 mm och huvud upp till 2,52&#8243; \/ 64 mm<\/li>\n<li>Passar p\u00e5 vapen med diametrar 0,3-1,2&#8243; \/ 8-30 mm<\/li>\n<li>Tillverkad av frostbest\u00e4ndiga och robusta material<\/li>\n<li>T\u00e5lig och slagt\u00e5lig design<\/li>\n<li>Skydd mot repor p\u00e5 vapen och lampa<\/li>\n<li> Extra starka dubbla magneter (upp till 18 lb \/ 8,1 kg)<\/li>\n<li>Storlek\/vikt: 2,1&#8243;\u04451,5&#8243;\u04451,9&#8243; \/ 2,7oz (54x39x48mm \/ 77g)<\/li>\n<li><strong>5 \u00e5rs problemfri garanti<\/strong><\/li>\n<\/ul>\n","protected":false},"excerpt":{"rendered":"<p>Armytek magnetiskt vapenf\u00e4ste AWM-03. Passar till lampa med en kroppsdiameter p\u00e5 1&#8243; \/ 25,4 mm och huvud upp till 2,52&#8243; \/ 64 mm Passar p\u00e5 vapen med diametrar 0,3-1,2&#8243; \/ 8-30 mm Tillverkad av frostbest\u00e4ndiga och robusta material T\u00e5lig och slagt\u00e5lig design Skydd mot repor p\u00e5 vapen och lampa Extra starka dubbla magneter (upp till [&#8230;]\n","protected":false},"featured_media":213057,"comment_status":"open","ping_status":"closed","template":"","meta":[],"product_brand":[],"product_cat":[2525],"product_tag":[],"class_list":{"0":"post-288372","1":"product","2":"type-product","3":"status-publish","4":"has-post-thumbnail","6":"product_cat-jaktlampor","8":"first","9":"instock","10":"taxable","11":"shipping-taxable","12":"purchasable","13":"product-type-simple"},"composite_virtual":false,"composite_layout":"","composite_add_to_cart_form_location":"","composite_editable_in_cart":false,"composite_sold_individually_context":"","composite_shop_price_calc":"","composite_components":[],"composite_scenarios":[],"group_of_quantity":0,"min_quantity":0,"max_quantity":"","exclude_order_quantity_value_rules":"no","exclude_category_quantity_rules":"no","combine_variations":"no","exclude_global_add_ons":[],"addons":[],"_links":{"self":[{"href":"https:\/\/www.huntersfriend.eu\/sv\/wp-json\/wp\/v2\/product\/288372","targetHints":{"allow":["GET"]}}],"collection":[{"href":"https:\/\/www.huntersfriend.eu\/sv\/wp-json\/wp\/v2\/product"}],"about":[{"href":"https:\/\/www.huntersfriend.eu\/sv\/wp-json\/wp\/v2\/types\/product"}],"replies":[{"embeddable":true,"href":"https:\/\/www.huntersfriend.eu\/sv\/wp-json\/wp\/v2\/comments?post=288372"}],"wp:featuredmedia":[{"embeddable":true,"href":"https:\/\/www.huntersfriend.eu\/sv\/wp-json\/wp\/v2\/media\/213057"}],"wp:attachment":[{"href":"https:\/\/www.huntersfriend.eu\/sv\/wp-json\/wp\/v2\/media?parent=288372"}],"wp:term":[{"taxonomy":"product_brand","embeddable":true,"href":"https:\/\/www.huntersfriend.eu\/sv\/wp-json\/wp\/v2\/product_brand?post=288372"},{"taxonomy":"product_cat","embeddable":true,"href":"https:\/\/www.huntersfriend.eu\/sv\/wp-json\/wp\/v2\/product_cat?post=288372"},{"taxonomy":"product_tag","embeddable":true,"href":"https:\/\/www.huntersfriend.eu\/sv\/wp-json\/wp\/v2\/product_tag?post=288372"}],"curies":[{"name":"wp","href":"https:\/\/api.w.org\/{rel}","templated":true}]}}