{"id":288371,"date":"2021-08-17T08:20:31","date_gmt":"2021-08-17T06:20:31","guid":{"rendered":"https:\/\/www.huntersfriend.eu\/product\/nap-hellrazor-jaktspets\/"},"modified":"2026-04-16T07:22:05","modified_gmt":"2026-04-16T05:22:05","slug":"nap-hellrazor-jaktspets","status":"publish","type":"product","link":"https:\/\/www.huntersfriend.eu\/sv\/produkt\/nap-hellrazor-jaktspets\/","title":{"rendered":"NAP HellRazor jaktspets"},"content":{"rendered":"<p>En jaktspets med fast blad i ett stycke, tillverkad av massivt st\u00e5l, som \u00e4r rakbladsvass och alltid f\u00e5r jobbet gjort. Det \u00e4r HellRazor. <\/p>\n<p>Helt i st\u00e5l! Ett stycke! Rakbladsvass utan l\u00f6sa blad! HellRazor jaktspetsar med fast blad \u00e4r de ultimata jaktspetsarna i ett stycke, designade f\u00f6r att maximera precision och penetration fr\u00e5n dagens snabba pilb\u00e5gar med h\u00f6g prestanda.   <\/p>\n<p>\u00d6vning ger f\u00e4rdighet! Anv\u00e4nd inte dina jaktspetsar f\u00f6r att \u00f6va med, vi har en s\u00e4rskild \u00f6vningsspets f\u00f6r att f\u00e5 din utrustning perfekt inst\u00e4lld. <\/p>\n","protected":false},"excerpt":{"rendered":"<p>3 st\/f\u00f6rpackning<\/p>\n","protected":false},"featured_media":212371,"comment_status":"open","ping_status":"closed","template":"","meta":[],"product_brand":[],"product_cat":[2647,2765],"product_tag":[],"class_list":{"0":"post-288371","1":"product","2":"type-product","3":"status-publish","4":"has-post-thumbnail","6":"product_cat-broadheads-jakt","7":"product_cat-fyndlada-slutrea","9":"first","10":"instock","11":"sale","12":"taxable","13":"shipping-taxable","14":"purchasable","15":"product-type-variable","16":"has-default-attributes"},"composite_virtual":false,"composite_layout":"","composite_add_to_cart_form_location":"","composite_editable_in_cart":false,"composite_sold_individually_context":"","composite_shop_price_calc":"","composite_components":[],"composite_scenarios":[],"group_of_quantity":0,"min_quantity":0,"max_quantity":"","exclude_order_quantity_value_rules":"no","exclude_category_quantity_rules":"no","combine_variations":"no","exclude_global_add_ons":[],"addons":[],"_links":{"self":[{"href":"https:\/\/www.huntersfriend.eu\/sv\/wp-json\/wp\/v2\/product\/288371","targetHints":{"allow":["GET"]}}],"collection":[{"href":"https:\/\/www.huntersfriend.eu\/sv\/wp-json\/wp\/v2\/product"}],"about":[{"href":"https:\/\/www.huntersfriend.eu\/sv\/wp-json\/wp\/v2\/types\/product"}],"replies":[{"embeddable":true,"href":"https:\/\/www.huntersfriend.eu\/sv\/wp-json\/wp\/v2\/comments?post=288371"}],"wp:featuredmedia":[{"embeddable":true,"href":"https:\/\/www.huntersfriend.eu\/sv\/wp-json\/wp\/v2\/media\/212371"}],"wp:attachment":[{"href":"https:\/\/www.huntersfriend.eu\/sv\/wp-json\/wp\/v2\/media?parent=288371"}],"wp:term":[{"taxonomy":"product_brand","embeddable":true,"href":"https:\/\/www.huntersfriend.eu\/sv\/wp-json\/wp\/v2\/product_brand?post=288371"},{"taxonomy":"product_cat","embeddable":true,"href":"https:\/\/www.huntersfriend.eu\/sv\/wp-json\/wp\/v2\/product_cat?post=288371"},{"taxonomy":"product_tag","embeddable":true,"href":"https:\/\/www.huntersfriend.eu\/sv\/wp-json\/wp\/v2\/product_tag?post=288371"}],"curies":[{"name":"wp","href":"https:\/\/api.w.org\/{rel}","templated":true}]}}