{"id":288370,"date":"2021-08-24T14:20:34","date_gmt":"2021-08-24T12:20:34","guid":{"rendered":"https:\/\/www.huntersfriend.eu\/product\/cbe-tactic-micro-5-pin-sikte\/"},"modified":"2025-08-27T11:18:17","modified_gmt":"2025-08-27T09:18:17","slug":"cbe-tactic-micro-5-pin-sikte","status":"publish","type":"product","link":"https:\/\/www.huntersfriend.eu\/sv\/produkt\/cbe-tactic-micro-5-pin-sikte\/","title":{"rendered":"CBE TACTIC MICRO 5 PIN SIKTE"},"content":{"rendered":"<p>&#8211; Smart f\u00e4ste med flera positioner<br \/>\n&#8211; H\u00f6jd &#8211; mikroh\u00f6jdsjustering med visuella lasergraverade markeringar f\u00f6r exakta justeringar<br \/>\n&#8211; Sidvind &#8211; mikrojustering av sidvind med visuella lasergraverade markeringar f\u00f6r exakta justeringar<br \/>\n&#8211; Finns med ett 5-pin h\u00f6lje som \u00e4r lasergraverat f\u00f6r justeringar<br \/>\n&#8211; 0,019&#8243; Blade-pins &#8211; Fluorescerande siktring<br \/>\n&#8211; Siktljus ing\u00e5r<br \/>\n&#8211; Designad f\u00f6r att v\u00e4ndas f\u00f6r v\u00e4nsterh\u00e4nta b\u00e5gskyttar<\/p>\n<p><em><strong>Produktvikt: 201 gram<\/strong><\/em><\/p>\n","protected":false},"excerpt":{"rendered":"<p>5-pin, svart, musta, 0,019, RH\/LH<\/p>\n","protected":false},"featured_media":220851,"comment_status":"open","ping_status":"closed","template":"","meta":[],"product_brand":[],"product_cat":[2690,2765],"product_tag":[],"class_list":{"0":"post-288370","1":"product","2":"type-product","3":"status-publish","4":"has-post-thumbnail","6":"product_cat-bagjaktsikten","7":"product_cat-fyndlada-slutrea","9":"first","10":"instock","11":"sale","12":"taxable","13":"shipping-taxable","14":"purchasable","15":"product-type-simple"},"composite_virtual":false,"composite_layout":"","composite_add_to_cart_form_location":"","composite_editable_in_cart":false,"composite_sold_individually_context":"","composite_shop_price_calc":"","composite_components":[],"composite_scenarios":[],"group_of_quantity":0,"min_quantity":0,"max_quantity":"","exclude_order_quantity_value_rules":"no","exclude_category_quantity_rules":"no","combine_variations":"no","exclude_global_add_ons":[],"addons":[],"_links":{"self":[{"href":"https:\/\/www.huntersfriend.eu\/sv\/wp-json\/wp\/v2\/product\/288370","targetHints":{"allow":["GET"]}}],"collection":[{"href":"https:\/\/www.huntersfriend.eu\/sv\/wp-json\/wp\/v2\/product"}],"about":[{"href":"https:\/\/www.huntersfriend.eu\/sv\/wp-json\/wp\/v2\/types\/product"}],"replies":[{"embeddable":true,"href":"https:\/\/www.huntersfriend.eu\/sv\/wp-json\/wp\/v2\/comments?post=288370"}],"wp:featuredmedia":[{"embeddable":true,"href":"https:\/\/www.huntersfriend.eu\/sv\/wp-json\/wp\/v2\/media\/220851"}],"wp:attachment":[{"href":"https:\/\/www.huntersfriend.eu\/sv\/wp-json\/wp\/v2\/media?parent=288370"}],"wp:term":[{"taxonomy":"product_brand","embeddable":true,"href":"https:\/\/www.huntersfriend.eu\/sv\/wp-json\/wp\/v2\/product_brand?post=288370"},{"taxonomy":"product_cat","embeddable":true,"href":"https:\/\/www.huntersfriend.eu\/sv\/wp-json\/wp\/v2\/product_cat?post=288370"},{"taxonomy":"product_tag","embeddable":true,"href":"https:\/\/www.huntersfriend.eu\/sv\/wp-json\/wp\/v2\/product_tag?post=288370"}],"curies":[{"name":"wp","href":"https:\/\/api.w.org\/{rel}","templated":true}]}}