{"id":288367,"date":"2021-09-01T14:21:47","date_gmt":"2021-09-01T12:21:47","guid":{"rendered":"https:\/\/www.huntersfriend.eu\/product\/armytek-elf-v2-c1-micro-usb-vit\/"},"modified":"2025-08-27T11:17:55","modified_gmt":"2025-08-27T09:17:55","slug":"armytek-elf-v2-c1-micro-usb-vit","status":"publish","type":"product","link":"https:\/\/www.huntersfriend.eu\/sv\/produkt\/armytek-elf-v2-c1-micro-usb-vit\/","title":{"rendered":"Armytek elf v2 C1 micro USB Vit"},"content":{"rendered":"<h3>Armytek elf v2 C1 micro USB Multi ficklampa med lampl\u00e4ge.<\/h3>\n<p><img decoding=\"async\" class=\"size-medium wp-image-227844 aligncenter\" src=\"https:\/\/www.huntersfriend.eu\/app\/uploads\/2021\/09\/Elf-C1_en_white_2-600x56.png\" alt=\"\" width=\"600\" height=\"56\" srcset=\"https:\/\/www.huntersfriend.eu\/app\/uploads\/2021\/09\/Elf-C1_en_white_2-600x56.png 600w, https:\/\/www.huntersfriend.eu\/app\/uploads\/2021\/09\/Elf-C1_en_white_2-768x72.png 768w, https:\/\/www.huntersfriend.eu\/app\/uploads\/2021\/09\/Elf-C1_en_white_2-300x28.png 300w, https:\/\/www.huntersfriend.eu\/app\/uploads\/2021\/09\/Elf-C1_en_white_2-200x19.png 200w, https:\/\/www.huntersfriend.eu\/app\/uploads\/2021\/09\/Elf-C1_en_white_2-190x18.png 190w, https:\/\/www.huntersfriend.eu\/app\/uploads\/2021\/09\/Elf-C1_en_white_2-750x70.png 750w, https:\/\/www.huntersfriend.eu\/app\/uploads\/2021\/09\/Elf-C1_en_white_2.png 801w\" sizes=\"(max-width: 600px) 100vw, 600px\" \/><\/p>\n<p>Elf C1 \u00e4r en kompakt och l\u00e4tt multi-ficklampa med grundl\u00e4ggande l\u00e4gen och Micro USB-laddare.<\/p>\n<p>Optimal vikt, imponerande ljusstyrka och enkel anv\u00e4ndning. Ficklampan m\u00f6jligg\u00f6r en bekv\u00e4mare utomhusvistelse f\u00f6r l\u00f6pare, bergskl\u00e4ttrare, grottforskare och fiskare. <\/p>\n<p>Imponerande 1000 lumen i ett h\u00f6lje som bara v\u00e4ger 56 gram. Elf C1 \u00e4r en utm\u00e4rkt huvud- eller extra ljusk\u00e4lla f\u00f6r alla dagliga aktiviteter. Du kan ta med dig ficklampan p\u00e5 en kv\u00e4llspromenad, vid jakt, fiske eller vandring. Den tar inte mycket plats, f\u00e5r l\u00e4tt plats i en v\u00e4ska och beh\u00f6ver inte laddas p\u00e5 2 m\u00e5nader vid minimal ljusstyrka. Ficklampan fungerar \u00e4ven i lampl\u00e4ge \u2013 fr\u00e5n en USB-str\u00f6mk\u00e4lla, utan batteri inuti. Micro USB-uttaget eliminerar behovet av att b\u00e4ra med sig laddaren: vilken Micro USB-kabel som helst \u00e4r l\u00e4mplig f\u00f6r laddning. Kraftfull inbyggd magnet, avtagbar kl\u00e4mma och huvudf\u00e4ste ger flera f\u00e4stm\u00f6jligheter och ytterligare h\u00e5l i bakstycket g\u00f6r Elf C1 till en fullfj\u00e4drad 5-i-1 multi-ficklampa.      <\/p>\n<p>Ficklampans h\u00f6lje \u00e4r kompatibelt med cykelf\u00e4ste ABM-01 och universellt hj\u00e4lmf\u00e4ste AHM-02.<\/p>\n<h3>Elf C1 \u2013 Multi-ficklampa 5 i 1<\/h3>\n<p><strong>Pannlampa<\/strong><\/p>\n<ul>\n<li>Enkel enhandsman\u00f6vrering, p\u00e5litligt huvudf\u00e4ste<\/li>\n<li>Solid kropp utan l\u00e5nga sladdar, svaga gummikontakter och on\u00f6diga l\u00e5dor<\/li>\n<li>Ficklampan \u00e4r l\u00e4tt att installera, ta bort och 180\u00b0 roterbar i f\u00e4stet<\/li>\n<\/ul>\n<p><strong>Ficklampa f\u00f6r vardagsbruk<img decoding=\"async\" class=\"size-full wp-image-227846 alignright\" src=\"https:\/\/www.huntersfriend.eu\/app\/uploads\/2021\/09\/Set-Elf-C2-400x600px_en.png\" alt=\"\" width=\"600\" height=\"400\" srcset=\"https:\/\/www.huntersfriend.eu\/app\/uploads\/2021\/09\/Set-Elf-C2-400x600px_en.png 600w, https:\/\/www.huntersfriend.eu\/app\/uploads\/2021\/09\/Set-Elf-C2-400x600px_en-300x200.png 300w, https:\/\/www.huntersfriend.eu\/app\/uploads\/2021\/09\/Set-Elf-C2-400x600px_en-200x133.png 200w, https:\/\/www.huntersfriend.eu\/app\/uploads\/2021\/09\/Set-Elf-C2-400x600px_en-90x60.png 90w, https:\/\/www.huntersfriend.eu\/app\/uploads\/2021\/09\/Set-Elf-C2-400x600px_en-135x90.png 135w\" sizes=\"(max-width: 600px) 100vw, 600px\" \/><\/strong><\/p>\n<ul>\n<li>Kompakt design<\/li>\n<li>Bekv\u00e4m sidoknapp<\/li>\n<li>Speciell matt anti-slip finish utan grov r\u00e4ffling<\/li>\n<li>Stark inbyggd magnet och avtagbar robust st\u00e5lkl\u00e4mma<\/li>\n<\/ul>\n<p><strong>Cykellampa<\/strong><\/p>\n<ul>\n<li>Kropp tillverkad av slitstarkt och l\u00e4tt flygplansklassat aluminium<\/li>\n<li> F\u00f6rb\u00e4ttrad st\u00f6tt\u00e5lighet, nya fj\u00e4drar f\u00f6r effektivare ficklampsprestanda och b\u00e4ttre batteri- och drivrutinsskydd<\/li>\n<li>Konstant ljus utan flimmer<\/li>\n<li>Valfritt snabbf\u00e4ste<\/li>\n<\/ul>\n<p><strong>Nyckelringslampa<\/strong><\/p>\n<ul>\n<li>Kompakt och l\u00e4tt f\u00f6r \u00e4nnu bekv\u00e4mare att b\u00e4ra i en ficka<\/li>\n<li>H\u00e5l f\u00f6r nyckelring eller snodd i bakstycket<\/li>\n<\/ul>\n<p><strong>Lampl\u00e4ge<\/strong><\/p>\n<ul>\n<li> Fungerar utan batterier direkt fr\u00e5n en Powerbank eller n\u00e5gon USB-adapter<\/li>\n<\/ul>\n<h3>Tekniska data<\/h3>\n<p><strong>Ljus och optik<\/strong><\/p>\n<ul>\n<li>F\u00e4rgtemperatur: Vit<\/li>\n<li>LED: Samsung LH351D<\/li>\n<li>Optik: TIR<\/li>\n<li>Ljusfl\u00f6de, lumen: 1000 lm<\/li>\n<li>Ljusl\u00e4ngd, meter: 103 m<\/li>\n<li>Typ av ljusstyrkestabilisering: Digital (CPU-ljusstyrkekontroll)<\/li>\n<li>Hotspot:spill: 70\u00b0:120\u00b0<\/li>\n<\/ul>\n<p><strong>L\u00e4gen<\/strong><\/p>\n<ul>\n<li>Antal l\u00e4gen: 6<\/li>\n<li>Drifttid i maximalt l\u00e4ge: 52 min (530 lm efter 4 min)<\/li>\n<li>Drifttid i minimalt l\u00e4ge: 60 d<\/li>\n<li>Strobel\u00e4ge: Nej<\/li>\n<\/ul>\n<p><strong>M\u00e5tt och vikt<\/strong><\/p>\n<ul>\n<li>Huvuddiameter: 33 mm<\/li>\n<li>Kroppsdiameter: 20,4 mm<\/li>\n<li>L\u00e4ngd: 75,9 mm<\/li>\n<li>Vikt (utan batteri): 56 g<\/li>\n<\/ul>\n<p><strong>Kropp<\/strong><\/p>\n<ul>\n<li>Material: Aluminium av flygplansgrad<\/li>\n<li>N\u00f6tningsbest\u00e4ndig finish: Premium typ III h\u00e5rdanodisering 400HV<\/li>\n<li>Vattent\u00e4t och dammt\u00e4t standard: IP68<\/li>\n<li>S\u00e4kert s\u00e4nkdjup: 10 m<\/li>\n<li>S\u00e4ker fallh\u00f6jd: 10 m<\/li>\n<li>Drifttemperaturer: -25..+40 \u00b0C<\/li>\n<\/ul>\n<p><strong>Elektronik<\/strong><\/p>\n<ul>\n<li>Batterikompatibilitet: 1&#215;18350 Li-Ion<\/li>\n<li>M\u00f6jlighet att anv\u00e4nda batterier med PCB: Ja<\/li>\n<li>M\u00f6jlighet att anv\u00e4nda batterier utan PCB: Ja<\/li>\n<li>Skydd mot oavsiktlig p\u00e5slagning: Ja<\/li>\n<li>F\u00e4rgbatteriets statusindikation: Ja<\/li>\n<li>Indikation p\u00e5 l\u00e5g batteriniv\u00e5: Ja<\/li>\n<\/ul>\n<p>&nbsp;<\/p>\n","protected":false},"excerpt":{"rendered":"<p>Armytek elf v2 C1 micro USB Multi ficklampa med lampl\u00e4ge. Elf C1 \u00e4r en kompakt och l\u00e4tt multi-ficklampa med grundl\u00e4ggande l\u00e4gen och Micro USB-laddare. Optimal vikt, imponerande ljusstyrka och enkel anv\u00e4ndning. Ficklampan m\u00f6jligg\u00f6r en bekv\u00e4mare utomhusvistelse f\u00f6r l\u00f6pare, bergskl\u00e4ttrare, grottforskare och fiskare. Imponerande 1000 lumen i ett h\u00f6lje som bara v\u00e4ger 56 gram. Elf C1 [&#8230;]\n","protected":false},"featured_media":213253,"comment_status":"open","ping_status":"closed","template":"","meta":[],"product_brand":[],"product_cat":[2525],"product_tag":[],"class_list":{"0":"post-288367","1":"product","2":"type-product","3":"status-publish","4":"has-post-thumbnail","6":"product_cat-jaktlampor","8":"first","9":"instock","10":"taxable","11":"shipping-taxable","12":"purchasable","13":"product-type-simple"},"composite_virtual":false,"composite_layout":"","composite_add_to_cart_form_location":"","composite_editable_in_cart":false,"composite_sold_individually_context":"","composite_shop_price_calc":"","composite_components":[],"composite_scenarios":[],"group_of_quantity":0,"min_quantity":0,"max_quantity":"","exclude_order_quantity_value_rules":"no","exclude_category_quantity_rules":"no","combine_variations":"no","exclude_global_add_ons":[],"addons":[],"_links":{"self":[{"href":"https:\/\/www.huntersfriend.eu\/sv\/wp-json\/wp\/v2\/product\/288367","targetHints":{"allow":["GET"]}}],"collection":[{"href":"https:\/\/www.huntersfriend.eu\/sv\/wp-json\/wp\/v2\/product"}],"about":[{"href":"https:\/\/www.huntersfriend.eu\/sv\/wp-json\/wp\/v2\/types\/product"}],"replies":[{"embeddable":true,"href":"https:\/\/www.huntersfriend.eu\/sv\/wp-json\/wp\/v2\/comments?post=288367"}],"wp:featuredmedia":[{"embeddable":true,"href":"https:\/\/www.huntersfriend.eu\/sv\/wp-json\/wp\/v2\/media\/213253"}],"wp:attachment":[{"href":"https:\/\/www.huntersfriend.eu\/sv\/wp-json\/wp\/v2\/media?parent=288367"}],"wp:term":[{"taxonomy":"product_brand","embeddable":true,"href":"https:\/\/www.huntersfriend.eu\/sv\/wp-json\/wp\/v2\/product_brand?post=288367"},{"taxonomy":"product_cat","embeddable":true,"href":"https:\/\/www.huntersfriend.eu\/sv\/wp-json\/wp\/v2\/product_cat?post=288367"},{"taxonomy":"product_tag","embeddable":true,"href":"https:\/\/www.huntersfriend.eu\/sv\/wp-json\/wp\/v2\/product_tag?post=288367"}],"curies":[{"name":"wp","href":"https:\/\/api.w.org\/{rel}","templated":true}]}}