{"id":288366,"date":"2021-09-01T14:21:16","date_gmt":"2021-09-01T12:21:16","guid":{"rendered":"https:\/\/www.huntersfriend.eu\/product\/armytek-18650-li-ion-3500-mah-2\/"},"modified":"2025-08-27T11:17:55","modified_gmt":"2025-08-27T09:17:55","slug":"armytek-18650-li-ion-3500-mah-2","status":"publish","type":"product","link":"https:\/\/www.huntersfriend.eu\/sv\/produkt\/armytek-18650-li-ion-3500-mah-2\/","title":{"rendered":"Armytek 18650 Li-ion 3500 mAh"},"content":{"rendered":"<p>Armytek 18650 Li-Ion 3500 mAh-batterier ger maximal kapacitet och drifttid f\u00f6r enheter med h\u00f6g str\u00f6mstyrka. Kompatibel med de flesta Armytek-ficklampor. <\/p>\n<ul>\n<li>H\u00f6gkvalitativ battericell med 3,7 V utsp\u00e4nning.<\/li>\n<li>Utan PCB (skyddskretskort), f\u00f6r ficklampor med inbyggt batteriskydd.<\/li>\n<li>Batteri med platt topp.<\/li>\n<li>M\u00f6jlighet att arbeta \u00e4ven under tung belastning. H\u00f6g urladdningsstr\u00f6m upp till 13A. <\/li>\n<li>S\u00e4kerhetsventil med termiskt avbrottsskydd.<\/li>\n<li>Inte mindre \u00e4n 500 laddnings-\/urladdningscykler.<\/li>\n<li>Fungerar i upp till 5 \u00e5r.<\/li>\n<\/ul>\n<p>&nbsp;<\/p>\n","protected":false},"excerpt":{"rendered":"<p>Armytek 18650 Li-Ion 3500 mAh-batterier ger maximal kapacitet och drifttid f\u00f6r enheter med h\u00f6g str\u00f6mstyrka. Kompatibel med de flesta Armytek-ficklampor. H\u00f6gkvalitativ battericell med 3,7 V utsp\u00e4nning. Utan PCB (skyddskretskort), f\u00f6r ficklampor med inbyggt batteriskydd. Batteri med platt topp. M\u00f6jlighet att arbeta \u00e4ven under tung belastning. H\u00f6g urladdningsstr\u00f6m upp till 13A. S\u00e4kerhetsventil med termiskt avbrottsskydd. Inte [&#8230;]\n","protected":false},"featured_media":213071,"comment_status":"open","ping_status":"closed","template":"","meta":[],"product_brand":[],"product_cat":[878],"product_tag":[],"class_list":{"0":"post-288366","1":"product","2":"type-product","3":"status-publish","4":"has-post-thumbnail","6":"product_cat-uncategorized-sv","8":"first","9":"outofstock","10":"taxable","11":"shipping-taxable","12":"purchasable","13":"product-type-simple"},"composite_virtual":false,"composite_layout":"","composite_add_to_cart_form_location":"","composite_editable_in_cart":false,"composite_sold_individually_context":"","composite_shop_price_calc":"","composite_components":[],"composite_scenarios":[],"group_of_quantity":0,"min_quantity":0,"max_quantity":"","exclude_order_quantity_value_rules":"no","exclude_category_quantity_rules":"no","combine_variations":"no","exclude_global_add_ons":[],"addons":[],"_links":{"self":[{"href":"https:\/\/www.huntersfriend.eu\/sv\/wp-json\/wp\/v2\/product\/288366","targetHints":{"allow":["GET"]}}],"collection":[{"href":"https:\/\/www.huntersfriend.eu\/sv\/wp-json\/wp\/v2\/product"}],"about":[{"href":"https:\/\/www.huntersfriend.eu\/sv\/wp-json\/wp\/v2\/types\/product"}],"replies":[{"embeddable":true,"href":"https:\/\/www.huntersfriend.eu\/sv\/wp-json\/wp\/v2\/comments?post=288366"}],"wp:featuredmedia":[{"embeddable":true,"href":"https:\/\/www.huntersfriend.eu\/sv\/wp-json\/wp\/v2\/media\/213071"}],"wp:attachment":[{"href":"https:\/\/www.huntersfriend.eu\/sv\/wp-json\/wp\/v2\/media?parent=288366"}],"wp:term":[{"taxonomy":"product_brand","embeddable":true,"href":"https:\/\/www.huntersfriend.eu\/sv\/wp-json\/wp\/v2\/product_brand?post=288366"},{"taxonomy":"product_cat","embeddable":true,"href":"https:\/\/www.huntersfriend.eu\/sv\/wp-json\/wp\/v2\/product_cat?post=288366"},{"taxonomy":"product_tag","embeddable":true,"href":"https:\/\/www.huntersfriend.eu\/sv\/wp-json\/wp\/v2\/product_tag?post=288366"}],"curies":[{"name":"wp","href":"https:\/\/api.w.org\/{rel}","templated":true}]}}