{"id":288365,"date":"2021-09-01T14:21:33","date_gmt":"2021-09-01T12:21:33","guid":{"rendered":"https:\/\/www.huntersfriend.eu\/product\/armytek-barracuda-pro-xhp35-hi-white-2\/"},"modified":"2025-11-19T10:43:11","modified_gmt":"2025-11-19T08:43:11","slug":"armytek-barracuda-pro-xhp35-hi-white-2","status":"publish","type":"product","link":"https:\/\/www.huntersfriend.eu\/sv\/produkt\/armytek-barracuda-pro-xhp35-hi-white-2\/","title":{"rendered":"Armytek Barracuda Pro XHP35 HI White"},"content":{"rendered":"<h3>Armytek Barracuda Pro XHP35 HI Warm \u00e4r en l\u00e4tt, p\u00e5litlig och l\u00e5ngdistansficklampa f\u00f6r s\u00f6kinsatser.<\/h3>\n<p><img decoding=\"async\" class=\"transparent aligncenter\" src=\"https:\/\/www.huntersfriend.eu\/app\/uploads\/2023\/09\/set-barracuda_pro-en.png\" alt=\"Armytek Barracuda\"><\/p>\n<ul>\n<li>Extrem ljusstyrka \u2013 1 390 OTF lumen<\/li>\n<li>O\u00f6vertr\u00e4ffad r\u00e4ckvidd p\u00e5 upp till 775 meter f\u00f6r effektiv belysning av stora omr\u00e5den<\/li>\n<li>Ultrastarka material och robust konstruktion garanterar totalt skydd mot h\u00e5rda st\u00f6tar eller vibrationer<\/li>\n<li>L\u00e4tt ficklampa med konstant ljus och fels\u00e4ker tillf\u00f6rlitlighet<\/li>\n<li>Enkel anv\u00e4ndning och kontinuerliga drifttider \u2013 1 timme i maximalt l\u00e4ge och n\u00e4stan 22 timmar i mellanl\u00e4ge<\/li>\n<li>Konstant ljusstyrka med n\u00e4stan urladdade batterier och vid -25 \u00baC utomhus<\/li>\n<li>Den h\u00f6gsta IP68 damm- och vattent\u00e4ta standarden \u2013 mer \u00e4n 5 timmar p\u00e5 50 meters djup<\/li>\n<li>Garanterad h\u00e5llbarhet \u2013 st\u00e5r emot rekylen fr\u00e5n alla vapenkalibrar och fall fr\u00e5n 30 meters h\u00f6jd<\/li>\n<\/ul>\n<p><strong>Batterier ing\u00e5r inte i paketet.<\/strong><\/p>\n<h3>SPECIFIKATION<img decoding=\"async\" class=\"alignright\" src=\"https:\/\/www.huntersfriend.eu\/app\/uploads\/2023\/09\/icon_features_barracuda-pro-xhp35hi_02.png\"><\/h3>\n<p><strong>Ljus och optik<\/strong><\/p>\n<p>F\u00e4rgtemperatur: Varm<\/p>\n<p>LED: XHP35 HI<\/p>\n<p>Optik: Sl\u00e4t reflektor<\/p>\n<p>Ljusfl\u00f6de, lumen: 1390 lm<\/p>\n<p>R\u00e4ckvidd, meter: 771 m<\/p>\n<p>Typ av ljusstyrkestabilisering: FULL (konstant ljusstyrka)<\/p>\n<p>Hotspot: 5\u00b0<\/p>\n<p>Spill: 40\u00b0<\/p>\n<p>&nbsp;<\/p>\n<p><strong>L\u00e4gen<\/strong><\/p>\n<p>Antal l\u00e4gen: 9<\/p>\n<p>Drifttid i maximalt l\u00e4ge: 1 timme<\/p>\n<p>Drifttid i minimalt l\u00e4ge: 500 dagar<\/p>\n<p>Stroboskopl\u00e4ge:<\/p>\n<p>&#8211;<\/p>\n<p><strong>M\u00e5tt och vikt<\/strong><\/p>\n<p>Huvuddiameter: 64 mm<\/p>\n<p>Kroppsdiameter: 25,4 mm<\/p>\n<p>Vikt (utan batteri): 303 g<\/p>\n<p>&nbsp;<\/p>\n<p><strong>Kropp<\/strong><\/p>\n<p>Material: Flygplansklassat aluminium<\/p>\n<p>N\u00f6tningsbest\u00e4ndig finish: Premium typ III h\u00e5rdanodisering 400HV<\/p>\n<p>Vattent\u00e4t och dammt\u00e4t standard: IP68 (h\u00f6gsta)<\/p>\n<p>S\u00e4kert s\u00e4nkdjup: 50 m<\/p>\n<p>S\u00e4ker fallh\u00f6jd: 30 m<\/p>\n<p>Drifttemperaturer: -25..+40 \u00b0C<\/p>\n<p>&nbsp;<\/p>\n<p><strong>Elektronik<\/strong><\/p>\n<p>M\u00f6jlighet att anv\u00e4nda batterier med PCB: &#8211;<\/p>\n<p>M\u00f6jlighet att anv\u00e4nda batterier utan PCB: &#8211;<\/p>\n<p>Skydd mot oavsiktlig p\u00e5slagning: &#8211;<\/p>\n<p>F\u00e4rgindikation f\u00f6r batteristatus: &#8211;<\/p>\n<p>Indikation f\u00f6r l\u00e5g batteriniv\u00e5: &#8211;<\/p>\n","protected":false},"excerpt":{"rendered":"<p>Armytek Barracuda Pro XHP35 HI Warm \u00e4r en l\u00e4tt, p\u00e5litlig och l\u00e5ngdistansficklampa f\u00f6r s\u00f6kinsatser. Extrem ljusstyrka \u2013 1 390 OTF lumen O\u00f6vertr\u00e4ffad r\u00e4ckvidd p\u00e5 upp till 775 meter f\u00f6r effektiv belysning av stora omr\u00e5den Ultrastarka material och robust konstruktion garanterar totalt skydd mot h\u00e5rda st\u00f6tar eller vibrationer L\u00e4tt ficklampa med konstant ljus och fels\u00e4ker tillf\u00f6rlitlighet [&#8230;]\n","protected":false},"featured_media":213085,"comment_status":"open","ping_status":"closed","template":"","meta":[],"product_brand":[],"product_cat":[878],"product_tag":[],"class_list":{"0":"post-288365","1":"product","2":"type-product","3":"status-publish","4":"has-post-thumbnail","6":"product_cat-uncategorized-sv","8":"first","9":"outofstock","10":"taxable","11":"shipping-taxable","12":"purchasable","13":"product-type-simple"},"composite_virtual":false,"composite_layout":"","composite_add_to_cart_form_location":"","composite_editable_in_cart":false,"composite_sold_individually_context":"","composite_shop_price_calc":"","composite_components":[],"composite_scenarios":[],"group_of_quantity":0,"min_quantity":0,"max_quantity":"","exclude_order_quantity_value_rules":"no","exclude_category_quantity_rules":"no","combine_variations":"no","exclude_global_add_ons":[],"addons":[],"_links":{"self":[{"href":"https:\/\/www.huntersfriend.eu\/sv\/wp-json\/wp\/v2\/product\/288365","targetHints":{"allow":["GET"]}}],"collection":[{"href":"https:\/\/www.huntersfriend.eu\/sv\/wp-json\/wp\/v2\/product"}],"about":[{"href":"https:\/\/www.huntersfriend.eu\/sv\/wp-json\/wp\/v2\/types\/product"}],"replies":[{"embeddable":true,"href":"https:\/\/www.huntersfriend.eu\/sv\/wp-json\/wp\/v2\/comments?post=288365"}],"wp:featuredmedia":[{"embeddable":true,"href":"https:\/\/www.huntersfriend.eu\/sv\/wp-json\/wp\/v2\/media\/213085"}],"wp:attachment":[{"href":"https:\/\/www.huntersfriend.eu\/sv\/wp-json\/wp\/v2\/media?parent=288365"}],"wp:term":[{"taxonomy":"product_brand","embeddable":true,"href":"https:\/\/www.huntersfriend.eu\/sv\/wp-json\/wp\/v2\/product_brand?post=288365"},{"taxonomy":"product_cat","embeddable":true,"href":"https:\/\/www.huntersfriend.eu\/sv\/wp-json\/wp\/v2\/product_cat?post=288365"},{"taxonomy":"product_tag","embeddable":true,"href":"https:\/\/www.huntersfriend.eu\/sv\/wp-json\/wp\/v2\/product_tag?post=288365"}],"curies":[{"name":"wp","href":"https:\/\/api.w.org\/{rel}","templated":true}]}}