{"id":288364,"date":"2021-09-01T14:22:01","date_gmt":"2021-09-01T12:22:01","guid":{"rendered":"https:\/\/www.huntersfriend.eu\/product\/armytek-predator-pro-magnet-usb-2\/"},"modified":"2025-08-27T11:17:30","modified_gmt":"2025-08-27T09:17:30","slug":"armytek-predator-pro-magnet-usb-2","status":"publish","type":"product","link":"https:\/\/www.huntersfriend.eu\/sv\/produkt\/armytek-predator-pro-magnet-usb-2\/","title":{"rendered":"Armytek Predator Pro magnet USB"},"content":{"rendered":"<h3>Armytek Predator Pro magnet USB. Den mest l\u00e5ngkastande taktiska ficklampan fr\u00e5n Armytek, nu med magnetisk laddare. <\/h3>\n<p>Predator Pro \u00e4r en taktisk modell med smal ljusk\u00e4gla och imponerande r\u00e4ckvidd f\u00f6r specialiserade uppgifter och jakt. Den nya generationens ficklampa har beh\u00e5llit de b\u00e4sta egenskaperna fr\u00e5n den tidigare versionen, samtidigt som den har f\u00e5tt en h\u00f6gteknologisk uppdatering. <\/p>\n<p>En tydlig central ljuspunkt med minimalt spilljus g\u00f6r det m\u00f6jligt att belysa objekt p\u00e5 ett avst\u00e5nd upp till 501 meter. Idealisk f\u00f6r anv\u00e4ndning p\u00e5 ett avst\u00e5nd av 100\u2013300 meter. Ficklampan levereras med en snabb magnetisk laddare och ett 18650 Li-Ion 3500 mAh-batteri. Den kan anv\u00e4ndas direkt ur l\u00e5dan och laddas fr\u00e5n valfri USB-str\u00f6mk\u00e4lla: en v\u00e4gg- eller biladapter, samt en Powerbank.   <\/p>\n<p>Silikongrepp, tyst taktisk bakknapp, kompatibilitet med alla vapenf\u00e4sten, original fj\u00e4rrbrytare och f\u00e4rgfilter: en genomt\u00e4nkt design garanterar den mest effektiva taktiska anv\u00e4ndningen.<\/p>\n<h3>Nya funktioner.<\/h3>\n<p><strong>Maximalt kastavst\u00e5nd:<\/strong> speciell, exakt ber\u00e4knad reflektor f\u00f6r High Intensity LED-modifiering, som ger 1,5 g\u00e5nger ljusr\u00e4ckvidden j\u00e4mf\u00f6rt med en vanlig LED, och h\u00e4rdat glas med antireflexbel\u00e4ggning f\u00f6r maximalt kast skapar en tydlig central ljuspunkt med minimalt spilljus vid 1500 lumen ljusstyrka. Spilldiametern \u00e4r 9 meter p\u00e5 100 meters avst\u00e5nd. <\/p>\n<p><strong>Innovativ elektronik och firmware:<\/strong> optimerade drifttider och f\u00f6rb\u00e4ttrad ljusstyrka.<\/p>\n<p><strong>Ny taktisk knapp:<\/strong> tyst elektronisk knapp f\u00f6rhindrar att platsen avsl\u00f6jas vid jakt eller under speciella operationer.<\/p>\n<p><strong>Snabb magnetisk laddare:<\/strong> medf\u00f6ljande 18650 Li-Ion 3500 mAh-batteri laddas p\u00e5 3 timmar och 40 minuter.<\/p>\n<p><strong>F\u00f6rb\u00e4ttrade fj\u00e4drar:<\/strong> nya fj\u00e4drar f\u00f6r b\u00e4ttre skydd av batteriet och drivrutinen och \u00f6kad prestandaeffektivitet.<\/p>\n<p><strong>\u00d6kad tillf\u00f6rlitlighet:<\/strong> speciell placering och fixering av drivrutinen i ficklampans kropp.<\/p>\n<p><strong>Snygg kropp:<\/strong> matt anodisering, lakonisk stil, ny f\u00f6retagsm\u00e4rkning.<\/p>\n<p><strong>Ut\u00f6kat set:<\/strong> h\u00f6gkapacitetsbatteri 3500 mAh och snabb magnetisk USB-laddare ing\u00e5r. Ficklampan \u00e4r redo att anv\u00e4ndas direkt ur f\u00f6rpackningen. <\/p>\n<p><strong>Kompatibilitet med magnetisk fj\u00e4rrbrytare:<\/strong> valfri magnetisk fj\u00e4rrbrytare f\u00f6r momentan p\u00e5slagning (endast n\u00e4r knappen trycks in) och f\u00f6r konstant ljus. Enkel anslutning i en r\u00f6relse, inget behov av att skruva loss bakstycket. <\/p>\n<h3>SPECIFIKATION<\/h3>\n<p><strong>Ljus och optik<\/strong><\/p>\n<p>F\u00e4rgtemperatur: Vit<\/p>\n<p>LED: Cree XHP35HI<\/p>\n<p>Optik: Sl\u00e4t reflektor<\/p>\n<p>Ljusfl\u00f6de, lumen: 1500 lm<\/p>\n<p>Ljusl\u00e4ngd, meter: 501 m<\/p>\n<p>Typ av ljusstyrkestabilisering: Full (konstant ljus)<\/p>\n<p>Hotspot:spill: 5\u00b0:40\u00b0<\/p>\n<p>&nbsp;<\/p>\n<p><strong>L\u00e4gen<\/strong><\/p>\n<p>Antal l\u00e4gen: 6<\/p>\n<p>Drifttid i maximalt l\u00e4ge: 1 h 33 min (700 lm efter 3 min)<\/p>\n<p>Drifttid i minimil\u00e4ge: 32 h<\/p>\n<p>Strobel\u00e4ge: Ja<\/p>\n<p>&nbsp;<\/p>\n<p><strong>M\u00e5tt och vikt<\/strong><\/p>\n<p>Huvuddiameter: 41 mm<\/p>\n<p>Kroppsdiameter: 25,4 mm<\/p>\n<p>L\u00e4ngd: 160 mm<\/p>\n<p>Vikt (utan batteri): 136 g<\/p>\n<p>&nbsp;<\/p>\n<p><strong>Kropp<\/strong><\/p>\n<p>Material: Aluminium av flygplansgrad<\/p>\n<p>N\u00f6tningsbest\u00e4ndig finish: Premium typ III h\u00e5rdanodisering 400HV<\/p>\n<p>Vattent\u00e4t och dammt\u00e4t standard: IP68<\/p>\n<p>S\u00e4kert neds\u00e4nkningsdjup: 25 m<\/p>\n<p>S\u00e4ker fallh\u00f6jd: 25 m<\/p>\n<p>Drifttemperaturer: -40..+40 \u00b0C<\/p>\n<p>&nbsp;<\/p>\n<p><strong>Elektronik<\/strong><\/p>\n<p>Batterikompatibilitet: 1&#215;18650 Li-Ion<\/p>\n<p>M\u00f6jlighet att anv\u00e4nda batterier med PCB: Ja<\/p>\n<p>M\u00f6jlighet att anv\u00e4nda batterier utan PCB: Ja<\/p>\n<p>Skydd mot oavsiktlig p\u00e5slagning: Ja<\/p>\n<p>F\u00e4rg batteri status indikation: &#8211;<\/p>\n<p>Indikation p\u00e5 l\u00e5g batteriniv\u00e5: Ja<\/p>\n","protected":false},"excerpt":{"rendered":"<p>Armytek Predator Pro magnet USB. Den mest l\u00e5ngkastande taktiska ficklampan fr\u00e5n Armytek, nu med magnetisk laddare. Predator Pro \u00e4r en taktisk modell med smal ljusk\u00e4gla och imponerande r\u00e4ckvidd f\u00f6r specialiserade uppgifter och jakt. Den nya generationens ficklampa har beh\u00e5llit de b\u00e4sta egenskaperna fr\u00e5n den tidigare versionen, samtidigt som den har f\u00e5tt en h\u00f6gteknologisk uppdatering. En [&#8230;]\n","protected":false},"featured_media":213259,"comment_status":"open","ping_status":"closed","template":"","meta":[],"product_brand":[],"product_cat":[2525],"product_tag":[],"class_list":{"0":"post-288364","1":"product","2":"type-product","3":"status-publish","4":"has-post-thumbnail","6":"product_cat-jaktlampor","8":"first","9":"instock","10":"taxable","11":"shipping-taxable","12":"purchasable","13":"product-type-simple"},"composite_virtual":false,"composite_layout":"","composite_add_to_cart_form_location":"","composite_editable_in_cart":false,"composite_sold_individually_context":"","composite_shop_price_calc":"","composite_components":[],"composite_scenarios":[],"group_of_quantity":0,"min_quantity":0,"max_quantity":"","exclude_order_quantity_value_rules":"no","exclude_category_quantity_rules":"no","combine_variations":"no","exclude_global_add_ons":[],"addons":[],"_links":{"self":[{"href":"https:\/\/www.huntersfriend.eu\/sv\/wp-json\/wp\/v2\/product\/288364","targetHints":{"allow":["GET"]}}],"collection":[{"href":"https:\/\/www.huntersfriend.eu\/sv\/wp-json\/wp\/v2\/product"}],"about":[{"href":"https:\/\/www.huntersfriend.eu\/sv\/wp-json\/wp\/v2\/types\/product"}],"replies":[{"embeddable":true,"href":"https:\/\/www.huntersfriend.eu\/sv\/wp-json\/wp\/v2\/comments?post=288364"}],"wp:featuredmedia":[{"embeddable":true,"href":"https:\/\/www.huntersfriend.eu\/sv\/wp-json\/wp\/v2\/media\/213259"}],"wp:attachment":[{"href":"https:\/\/www.huntersfriend.eu\/sv\/wp-json\/wp\/v2\/media?parent=288364"}],"wp:term":[{"taxonomy":"product_brand","embeddable":true,"href":"https:\/\/www.huntersfriend.eu\/sv\/wp-json\/wp\/v2\/product_brand?post=288364"},{"taxonomy":"product_cat","embeddable":true,"href":"https:\/\/www.huntersfriend.eu\/sv\/wp-json\/wp\/v2\/product_cat?post=288364"},{"taxonomy":"product_tag","embeddable":true,"href":"https:\/\/www.huntersfriend.eu\/sv\/wp-json\/wp\/v2\/product_tag?post=288364"}],"curies":[{"name":"wp","href":"https:\/\/api.w.org\/{rel}","templated":true}]}}