{"id":288338,"date":"2021-09-01T14:21:47","date_gmt":"2021-09-01T12:21:47","guid":{"rendered":"https:\/\/www.huntersfriend.eu\/product\/armytek-elf-v2-c2-micro-usb-varm\/"},"modified":"2025-08-27T11:17:32","modified_gmt":"2025-08-27T09:17:32","slug":"armytek-elf-v2-c2-micro-usb-varm","status":"publish","type":"product","link":"https:\/\/www.huntersfriend.eu\/sv\/produkt\/armytek-elf-v2-c2-micro-usb-varm\/","title":{"rendered":"Armytek elf V2 C2 micro USB varm"},"content":{"rendered":"<h3>Armytek elf V2 C2 micro USB varm har \u00f6kad ljusstyrka och bibeh\u00e5llen enkel anv\u00e4ndning!<\/h3>\n<p><img decoding=\"async\" class=\"size-medium wp-image-227886 aligncenter\" src=\"https:\/\/www.huntersfriend.eu\/app\/uploads\/2021\/09\/ELF2-600x62.png\" alt=\"\" width=\"600\" height=\"62\" srcset=\"https:\/\/www.huntersfriend.eu\/app\/uploads\/2021\/09\/ELF2-600x62.png 600w, https:\/\/www.huntersfriend.eu\/app\/uploads\/2021\/09\/ELF2-768x80.png 768w, https:\/\/www.huntersfriend.eu\/app\/uploads\/2021\/09\/ELF2-300x31.png 300w, https:\/\/www.huntersfriend.eu\/app\/uploads\/2021\/09\/ELF2-200x21.png 200w, https:\/\/www.huntersfriend.eu\/app\/uploads\/2021\/09\/ELF2-190x20.png 190w, https:\/\/www.huntersfriend.eu\/app\/uploads\/2021\/09\/ELF2-750x78.png 750w, https:\/\/www.huntersfriend.eu\/app\/uploads\/2021\/09\/ELF2.png 801w\" sizes=\"(max-width: 600px) 100vw, 600px\" \/><\/p>\n<p>Elf C2 V2 Micro USB Varm \u00e4r den nya versionen av den popul\u00e4ra Micro USB-ficklampan med lampl\u00e4ge. Den har enkel anv\u00e4ndning och ett universellt uttag f\u00f6r bekv\u00e4m laddning hemma, p\u00e5 kontoret eller utomhus. <\/p>\n<p>Multifunktionell modell med upp till 1023 lumen och upp till 104 meters r\u00e4ckvidd f\u00f6r utomhusaktiviteter, sport, renovering och professionellt bruk. Elf C2 fungerar i hela 6,5 m\u00e5nader i l\u00e4gsta ljusstyrka och obegr\u00e4nsad tid som en lampficklampa \u2013 utan batterier, direkt fr\u00e5n valfri USB-str\u00f6mk\u00e4lla. Universell laddningsplats eliminerar behovet av att st\u00e4ndigt b\u00e4ra med sig laddaren: alla \u00e4ger en Micro USB-kabel. Inbyggd magnet f\u00f6r fixering p\u00e5 metallytor, avtagbar kl\u00e4mma och huvudf\u00e4ste ing\u00e5r.   <\/p>\n<p>Standard f\u00f6r Armyteks multificklampskropp g\u00f6r det m\u00f6jligt att anv\u00e4nda Elf C2 tillsammans med cykelf\u00e4ste ABM-01 f\u00f6r cykling och hj\u00e4lmf\u00e4ste AHM-02 f\u00f6r industriellt arbete.<\/p>\n<h3>Elf C2 \u2013 multificklampa 4 i 1<\/h3>\n<p><strong>Pannlampa<\/strong><\/p>\n<ul>\n<li>Enkel enhandsman\u00f6vrering, p\u00e5litligt huvudf\u00e4ste<\/li>\n<li>Solid kropp utan l\u00e5nga sladdar, svaga gummikontakter och on\u00f6diga l\u00e5dor<\/li>\n<li>Ficklampan \u00e4r l\u00e4tt att installera, ta bort och 180\u00b0 roterbar i f\u00e4stet<\/li>\n<li>Snabbkopplingsring i gummi ger ytterligare fixering<\/li>\n<\/ul>\n<p><strong>Ficklampa f\u00f6r vardagsbruk<img decoding=\"async\" class=\"size-full wp-image-227890 alignright\" src=\"https:\/\/www.huntersfriend.eu\/app\/uploads\/2021\/09\/Set-Elf-C2-400x600_en-tama.png\" alt=\"\" width=\"600\" height=\"400\" srcset=\"https:\/\/www.huntersfriend.eu\/app\/uploads\/2021\/09\/Set-Elf-C2-400x600_en-tama.png 600w, https:\/\/www.huntersfriend.eu\/app\/uploads\/2021\/09\/Set-Elf-C2-400x600_en-tama-300x200.png 300w, https:\/\/www.huntersfriend.eu\/app\/uploads\/2021\/09\/Set-Elf-C2-400x600_en-tama-200x133.png 200w, https:\/\/www.huntersfriend.eu\/app\/uploads\/2021\/09\/Set-Elf-C2-400x600_en-tama-90x60.png 90w, https:\/\/www.huntersfriend.eu\/app\/uploads\/2021\/09\/Set-Elf-C2-400x600_en-tama-135x90.png 135w\" sizes=\"(max-width: 600px) 100vw, 600px\" \/><\/strong><\/p>\n<ul>\n<li>Kompakt design<\/li>\n<li>Bekv\u00e4m sidoknapp<\/li>\n<li>Speciell matt anti-slip finish utan grov r\u00e4ffling<\/li>\n<li>Stark inbyggd magnet och avtagbar robust st\u00e5lkl\u00e4mma<\/li>\n<\/ul>\n<p><strong>Cykellampa<\/strong><\/p>\n<ul>\n<li>Kropp tillverkad av slitstarkt och l\u00e4tt flygplansklassat aluminium<\/li>\n<li>F\u00f6rb\u00e4ttrad st\u00f6tt\u00e5lighet, nya fj\u00e4drar f\u00f6r effektivare ficklampsprestanda och b\u00e4ttre batteri- och drivrutinsskydd<\/li>\n<li>Konstant ljus utan flimmer<\/li>\n<li>Valfritt snabbf\u00e4ste<\/li>\n<\/ul>\n<p><strong>Lampl\u00e4ge<\/strong><\/p>\n<ul>\n<li>Fungerar utan batterier direkt fr\u00e5n en Powerbank eller n\u00e5gon USB-adapter<\/li>\n<\/ul>\n<h3>Tekniska data<\/h3>\n<p><strong>Ljus och optik<\/strong><\/p>\n<ul>\n<li>F\u00e4rgtemperatur: Varm<\/li>\n<li>LED: Samsung LH351D<\/li>\n<li>Optik: TIR<\/li>\n<li>Ljusfl\u00f6de, lumen: 1023 lm<\/li>\n<li>R\u00e4ckvidd, meter: 104 m<\/li>\n<li>Typ av ljusstyrkestabilisering: Digital (CPU-ljusstyrkekontroll)<\/li>\n<li>Hotspot:spill: 70\u00b0:120\u00b0<\/li>\n<\/ul>\n<p><strong>L\u00e4gen<\/strong><\/p>\n<ul>\n<li>Antal l\u00e4gen: 6<\/li>\n<li>Drifttid i maximalt l\u00e4ge: 2 h 32 min (605 lm efter 4 min)<\/li>\n<li>Drifttid i minimuml\u00e4ge: 200 d<\/li>\n<li>Strobel\u00e4ge: Nej<\/li>\n<\/ul>\n<p><strong>M\u00e5tt och vikt<\/strong><\/p>\n<ul>\n<li>Huvuddiameter: 33 mm<\/li>\n<li>Kroppsdiameter: 20,4 mm<\/li>\n<li>L\u00e4ngd: 111,3 mm<\/li>\n<li>Vikt (utan batteri): 65 g<\/li>\n<\/ul>\n<p><strong>Kropp<\/strong><\/p>\n<ul>\n<li>Material: Aluminium av flygplansgrad<\/li>\n<li>N\u00f6tningsbest\u00e4ndig finish: Premium typ III h\u00e5rdanodisering 400HV<\/li>\n<li>Vattent\u00e4t och dammt\u00e4t standard: IP68<\/li>\n<li>S\u00e4kert s\u00e4nkdjup: 10 m<\/li>\n<li>S\u00e4ker fallh\u00f6jd: 10 m<\/li>\n<li>Drifttemperaturer: -25..+40 \u00b0C<\/li>\n<\/ul>\n<p><strong>Elektronik<\/strong><\/p>\n<ul>\n<li>Batterikompatibilitet: 1&#215;18650 Li-Ion<\/li>\n<li>M\u00f6jlighet att anv\u00e4nda batterier med PCB: Nej<\/li>\n<li>M\u00f6jlighet att anv\u00e4nda batterier utan PCB: Ja<\/li>\n<li>Skydd mot oavsiktlig p\u00e5slagning: Ja<\/li>\n<li>F\u00e4rgbatteriets statusindikation: Ja<\/li>\n<li>Indikation p\u00e5 l\u00e5g batteriniv\u00e5: Ja<\/li>\n<\/ul>\n","protected":false},"excerpt":{"rendered":"<p>Armytek elf V2 C2 micro USB varm har \u00f6kad ljusstyrka och bibeh\u00e5llen enkel anv\u00e4ndning! Elf C2 V2 Micro USB Varm \u00e4r den nya versionen av den popul\u00e4ra Micro USB-ficklampan med lampl\u00e4ge. Den har enkel anv\u00e4ndning och ett universellt uttag f\u00f6r bekv\u00e4m laddning hemma, p\u00e5 kontoret eller utomhus. Multifunktionell modell med upp till 1023 lumen och [&#8230;]\n","protected":false},"featured_media":288350,"comment_status":"open","ping_status":"closed","template":"","meta":[],"product_brand":[],"product_cat":[2525],"product_tag":[],"class_list":{"0":"post-288338","1":"product","2":"type-product","3":"status-publish","4":"has-post-thumbnail","6":"product_cat-jaktlampor","8":"first","9":"onbackorder","10":"taxable","11":"shipping-taxable","12":"purchasable","13":"product-type-simple"},"composite_virtual":false,"composite_layout":"","composite_add_to_cart_form_location":"","composite_editable_in_cart":false,"composite_sold_individually_context":"","composite_shop_price_calc":"","composite_components":[],"composite_scenarios":[],"group_of_quantity":0,"min_quantity":0,"max_quantity":"","exclude_order_quantity_value_rules":"no","exclude_category_quantity_rules":"no","combine_variations":"no","exclude_global_add_ons":[],"addons":[],"_links":{"self":[{"href":"https:\/\/www.huntersfriend.eu\/sv\/wp-json\/wp\/v2\/product\/288338","targetHints":{"allow":["GET"]}}],"collection":[{"href":"https:\/\/www.huntersfriend.eu\/sv\/wp-json\/wp\/v2\/product"}],"about":[{"href":"https:\/\/www.huntersfriend.eu\/sv\/wp-json\/wp\/v2\/types\/product"}],"replies":[{"embeddable":true,"href":"https:\/\/www.huntersfriend.eu\/sv\/wp-json\/wp\/v2\/comments?post=288338"}],"wp:featuredmedia":[{"embeddable":true,"href":"https:\/\/www.huntersfriend.eu\/sv\/wp-json\/wp\/v2\/media\/288350"}],"wp:attachment":[{"href":"https:\/\/www.huntersfriend.eu\/sv\/wp-json\/wp\/v2\/media?parent=288338"}],"wp:term":[{"taxonomy":"product_brand","embeddable":true,"href":"https:\/\/www.huntersfriend.eu\/sv\/wp-json\/wp\/v2\/product_brand?post=288338"},{"taxonomy":"product_cat","embeddable":true,"href":"https:\/\/www.huntersfriend.eu\/sv\/wp-json\/wp\/v2\/product_cat?post=288338"},{"taxonomy":"product_tag","embeddable":true,"href":"https:\/\/www.huntersfriend.eu\/sv\/wp-json\/wp\/v2\/product_tag?post=288338"}],"curies":[{"name":"wp","href":"https:\/\/api.w.org\/{rel}","templated":true}]}}