{"id":288310,"date":"2021-09-01T14:21:09","date_gmt":"2021-09-01T12:21:09","guid":{"rendered":"https:\/\/www.huntersfriend.eu\/product\/armytek-faste-awm-01\/"},"modified":"2025-08-27T11:16:44","modified_gmt":"2025-08-27T09:16:44","slug":"armytek-faste-awm-01","status":"publish","type":"product","link":"https:\/\/www.huntersfriend.eu\/sv\/produkt\/armytek-faste-awm-01\/","title":{"rendered":"Armytek f\u00e4ste AWM-01"},"content":{"rendered":"<p>Armytek universellt vapenf\u00e4ste. Genomt\u00e4nkt konstruktion f\u00f6r montering p\u00e5 n\u00e4stan alla typer av vapen, inklusive sida-vid-sida och \u00f6ver\/under dubbla pipor. <\/p>\n<ul>\n<li>Tillverkad av slitstarkt st\u00e5l f\u00f6r maximal tillf\u00f6rlitlighet.<\/li>\n<li>V\u00e4rmebest\u00e4ndig silikon inuti f\u00f6r att undvika repor och att ficklampan faller p\u00e5 grund av rekyl<\/li>\n<li>F\u00f6rl\u00e4ngda skruvar f\u00f6r montering p\u00e5 pipor med st\u00f6rre diameter.<\/li>\n<li><strong>5 \u00e5rs problemfri garanti<\/strong><\/li>\n<\/ul>\n<h3><strong>Tekniska egenskaper f\u00f6r f\u00e4stet<\/strong><\/h3>\n<p>F\u00e4stets diameter: 8 &#8211; 23,5 mm och 10,5 \u2013 26 mm &#8211; intervallet f\u00f6r f\u00e4stets diameter (vid montering av ficklampor med 25,4 mm kroppsdiameter)<\/p>\n<p>Kan anv\u00e4ndas med vapen: hagelgev\u00e4r och gev\u00e4r<\/p>\n<p>M\u00f6jligg\u00f6r montering av ficklampor med en huvuddiameter: upp till 42 mm<\/p>\n","protected":false},"excerpt":{"rendered":"<p>Armytek universellt vapenf\u00e4ste. Genomt\u00e4nkt konstruktion f\u00f6r montering p\u00e5 n\u00e4stan alla typer av vapen, inklusive sida-vid-sida och \u00f6ver\/under dubbla pipor. Tillverkad av slitstarkt st\u00e5l f\u00f6r maximal tillf\u00f6rlitlighet. V\u00e4rmebest\u00e4ndig silikon inuti f\u00f6r att undvika repor och att ficklampan faller p\u00e5 grund av rekyl F\u00f6rl\u00e4ngda skruvar f\u00f6r montering p\u00e5 pipor med st\u00f6rre diameter. 5 \u00e5rs problemfri garanti Tekniska [&#8230;]\n","protected":false},"featured_media":213064,"comment_status":"open","ping_status":"closed","template":"","meta":[],"product_brand":[],"product_cat":[2525],"product_tag":[],"class_list":{"0":"post-288310","1":"product","2":"type-product","3":"status-publish","4":"has-post-thumbnail","6":"product_cat-jaktlampor","8":"first","9":"instock","10":"taxable","11":"shipping-taxable","12":"purchasable","13":"product-type-simple"},"composite_virtual":false,"composite_layout":"","composite_add_to_cart_form_location":"","composite_editable_in_cart":false,"composite_sold_individually_context":"","composite_shop_price_calc":"","composite_components":[],"composite_scenarios":[],"group_of_quantity":0,"min_quantity":0,"max_quantity":"","exclude_order_quantity_value_rules":"no","exclude_category_quantity_rules":"no","combine_variations":"no","exclude_global_add_ons":[],"addons":[],"_links":{"self":[{"href":"https:\/\/www.huntersfriend.eu\/sv\/wp-json\/wp\/v2\/product\/288310","targetHints":{"allow":["GET"]}}],"collection":[{"href":"https:\/\/www.huntersfriend.eu\/sv\/wp-json\/wp\/v2\/product"}],"about":[{"href":"https:\/\/www.huntersfriend.eu\/sv\/wp-json\/wp\/v2\/types\/product"}],"replies":[{"embeddable":true,"href":"https:\/\/www.huntersfriend.eu\/sv\/wp-json\/wp\/v2\/comments?post=288310"}],"wp:featuredmedia":[{"embeddable":true,"href":"https:\/\/www.huntersfriend.eu\/sv\/wp-json\/wp\/v2\/media\/213064"}],"wp:attachment":[{"href":"https:\/\/www.huntersfriend.eu\/sv\/wp-json\/wp\/v2\/media?parent=288310"}],"wp:term":[{"taxonomy":"product_brand","embeddable":true,"href":"https:\/\/www.huntersfriend.eu\/sv\/wp-json\/wp\/v2\/product_brand?post=288310"},{"taxonomy":"product_cat","embeddable":true,"href":"https:\/\/www.huntersfriend.eu\/sv\/wp-json\/wp\/v2\/product_cat?post=288310"},{"taxonomy":"product_tag","embeddable":true,"href":"https:\/\/www.huntersfriend.eu\/sv\/wp-json\/wp\/v2\/product_tag?post=288310"}],"curies":[{"name":"wp","href":"https:\/\/api.w.org\/{rel}","templated":true}]}}