{"id":288309,"date":"2021-10-01T11:47:20","date_gmt":"2021-10-01T09:47:20","guid":{"rendered":"https:\/\/www.huntersfriend.eu\/product\/primos-2-punkts-vapenstod\/"},"modified":"2026-04-16T06:17:50","modified_gmt":"2026-04-16T04:17:50","slug":"primos-2-punkts-vapenstod","status":"publish","type":"product","link":"https:\/\/www.huntersfriend.eu\/sv\/produkt\/primos-2-punkts-vapenstod\/","title":{"rendered":"Primos 2-punkts vapenst\u00f6d"},"content":{"rendered":"<p>F\u00f6rvandla vilket stativ som helst till ett stabilt skjutst\u00f6d med 2-punkts vapenst\u00f6det. F\u00e4sts snabbt p\u00e5 alla stativ med ett 1\/4-20 g\u00e4ngm\u00f6nster. Detta tillbeh\u00f6r utvecklades f\u00f6r GEN 2 Trigger Stick, men det kan anpassas f\u00f6r anv\u00e4ndning p\u00e5 en Gen 3 Trigger Stick genom att anv\u00e4nda <a href=\"https:\/\/www.primos.com\/shooting-sticks\/accessories\/camera-mount%2Fplate-gen-3-for-gen-3-trigger-sticks\/PO-65502.html\" target=\"_self\" rel=\"noopener noreferrer\">GEN 3 Optics Mount<\/a> (modellnummer 65502). Justera enkelt h\u00f6jd och lutning. Perfekt f\u00f6r markblinds, ungdomar och j\u00e4gare med funktionsneds\u00e4ttning.    <\/p>\n<ul>\n<li>F\u00e4sts p\u00e5 Trigger Stick eller ett stativ med 1\/4-20 g\u00e4ngf\u00e4sten<\/li>\n<li>Justerbar h\u00f6jd och lutning<\/li>\n<\/ul>\n","protected":false},"excerpt":{"rendered":"<p>Extra st\u00f6d f\u00f6r Primos Trigger Stick &#8211; Olivf\u00e4rgad<\/p>\n","protected":false},"featured_media":283180,"comment_status":"open","ping_status":"closed","template":"","meta":[],"product_brand":[],"product_cat":[2570],"product_tag":[],"class_list":{"0":"post-288309","1":"product","2":"type-product","3":"status-publish","4":"has-post-thumbnail","6":"product_cat-stodpinnar-och-skjutstod","8":"first","9":"instock","10":"taxable","11":"shipping-taxable","12":"purchasable","13":"product-type-simple"},"composite_virtual":false,"composite_layout":"","composite_add_to_cart_form_location":"","composite_editable_in_cart":false,"composite_sold_individually_context":"","composite_shop_price_calc":"","composite_components":[],"composite_scenarios":[],"group_of_quantity":0,"min_quantity":0,"max_quantity":"","exclude_order_quantity_value_rules":"no","exclude_category_quantity_rules":"no","combine_variations":"no","exclude_global_add_ons":[],"addons":[],"_links":{"self":[{"href":"https:\/\/www.huntersfriend.eu\/sv\/wp-json\/wp\/v2\/product\/288309","targetHints":{"allow":["GET"]}}],"collection":[{"href":"https:\/\/www.huntersfriend.eu\/sv\/wp-json\/wp\/v2\/product"}],"about":[{"href":"https:\/\/www.huntersfriend.eu\/sv\/wp-json\/wp\/v2\/types\/product"}],"replies":[{"embeddable":true,"href":"https:\/\/www.huntersfriend.eu\/sv\/wp-json\/wp\/v2\/comments?post=288309"}],"wp:featuredmedia":[{"embeddable":true,"href":"https:\/\/www.huntersfriend.eu\/sv\/wp-json\/wp\/v2\/media\/283180"}],"wp:attachment":[{"href":"https:\/\/www.huntersfriend.eu\/sv\/wp-json\/wp\/v2\/media?parent=288309"}],"wp:term":[{"taxonomy":"product_brand","embeddable":true,"href":"https:\/\/www.huntersfriend.eu\/sv\/wp-json\/wp\/v2\/product_brand?post=288309"},{"taxonomy":"product_cat","embeddable":true,"href":"https:\/\/www.huntersfriend.eu\/sv\/wp-json\/wp\/v2\/product_cat?post=288309"},{"taxonomy":"product_tag","embeddable":true,"href":"https:\/\/www.huntersfriend.eu\/sv\/wp-json\/wp\/v2\/product_tag?post=288309"}],"curies":[{"name":"wp","href":"https:\/\/api.w.org\/{rel}","templated":true}]}}