{"id":288305,"date":"2021-10-01T11:47:25","date_gmt":"2021-10-01T09:47:25","guid":{"rendered":"https:\/\/www.huntersfriend.eu\/product\/rusan-snabbfaste-picatinny-weaver-pard-nv008\/"},"modified":"2025-08-27T11:16:40","modified_gmt":"2025-08-27T09:16:40","slug":"rusan-snabbfaste-picatinny-weaver-pard-nv008","status":"publish","type":"product","link":"https:\/\/www.huntersfriend.eu\/sv\/produkt\/rusan-snabbfaste-picatinny-weaver-pard-nv008\/","title":{"rendered":"Rusan snabbf\u00e4ste picatinny\/weaver &#8211; pard NV008"},"content":{"rendered":"<p>Snabbf\u00e4ste f\u00f6r Pard NV008 m\u00f6rkerkikare.<\/p>\n","protected":false},"excerpt":{"rendered":"<p>Snabbf\u00e4ste f\u00f6r Pard NV008 m\u00f6rkerkikare.<\/p>\n","protected":false},"featured_media":214949,"comment_status":"open","ping_status":"closed","template":"","meta":[],"product_brand":[],"product_cat":[2619],"product_tag":[],"class_list":{"0":"post-288305","1":"product","2":"type-product","3":"status-publish","4":"has-post-thumbnail","6":"product_cat-kikarsiktesringar-och-fasten","8":"first","9":"instock","10":"sale","11":"taxable","12":"shipping-taxable","13":"purchasable","14":"product-type-simple"},"composite_virtual":false,"composite_layout":"","composite_add_to_cart_form_location":"","composite_editable_in_cart":false,"composite_sold_individually_context":"","composite_shop_price_calc":"","composite_components":[],"composite_scenarios":[],"group_of_quantity":0,"min_quantity":0,"max_quantity":"","exclude_order_quantity_value_rules":"no","exclude_category_quantity_rules":"no","combine_variations":"no","exclude_global_add_ons":[],"addons":[],"_links":{"self":[{"href":"https:\/\/www.huntersfriend.eu\/sv\/wp-json\/wp\/v2\/product\/288305","targetHints":{"allow":["GET"]}}],"collection":[{"href":"https:\/\/www.huntersfriend.eu\/sv\/wp-json\/wp\/v2\/product"}],"about":[{"href":"https:\/\/www.huntersfriend.eu\/sv\/wp-json\/wp\/v2\/types\/product"}],"replies":[{"embeddable":true,"href":"https:\/\/www.huntersfriend.eu\/sv\/wp-json\/wp\/v2\/comments?post=288305"}],"wp:featuredmedia":[{"embeddable":true,"href":"https:\/\/www.huntersfriend.eu\/sv\/wp-json\/wp\/v2\/media\/214949"}],"wp:attachment":[{"href":"https:\/\/www.huntersfriend.eu\/sv\/wp-json\/wp\/v2\/media?parent=288305"}],"wp:term":[{"taxonomy":"product_brand","embeddable":true,"href":"https:\/\/www.huntersfriend.eu\/sv\/wp-json\/wp\/v2\/product_brand?post=288305"},{"taxonomy":"product_cat","embeddable":true,"href":"https:\/\/www.huntersfriend.eu\/sv\/wp-json\/wp\/v2\/product_cat?post=288305"},{"taxonomy":"product_tag","embeddable":true,"href":"https:\/\/www.huntersfriend.eu\/sv\/wp-json\/wp\/v2\/product_tag?post=288305"}],"curies":[{"name":"wp","href":"https:\/\/api.w.org\/{rel}","templated":true}]}}