{"id":288301,"date":"2021-09-01T14:22:29","date_gmt":"2021-09-01T12:22:29","guid":{"rendered":"https:\/\/www.huntersfriend.eu\/product\/armytek-wizard-v4-c2-pro-max-usb-varm\/"},"modified":"2025-08-27T11:16:20","modified_gmt":"2025-08-27T09:16:20","slug":"armytek-wizard-v4-c2-pro-max-usb-varm","status":"publish","type":"product","link":"https:\/\/www.huntersfriend.eu\/sv\/produkt\/armytek-wizard-v4-c2-pro-max-usb-varm\/","title":{"rendered":"Armytek Wizard v4 C2 Pro Max USB varm"},"content":{"rendered":"<h3>Armytek Wizard v4 C2 Pro Max USB varm multificklampa \u00e4r nu \u00e4nnu ljusare, mer p\u00e5litlig och bekv\u00e4m.<\/h3>\n<p><img decoding=\"async\" class=\"size-medium wp-image-227812 aligncenter\" src=\"https:\/\/www.huntersfriend.eu\/app\/uploads\/2021\/09\/Wizard-C2-Pro_en_warm-600x62.png\" alt=\"\" width=\"600\" height=\"62\" srcset=\"https:\/\/www.huntersfriend.eu\/app\/uploads\/2021\/09\/Wizard-C2-Pro_en_warm-600x62.png 600w, https:\/\/www.huntersfriend.eu\/app\/uploads\/2021\/09\/Wizard-C2-Pro_en_warm-768x80.png 768w, https:\/\/www.huntersfriend.eu\/app\/uploads\/2021\/09\/Wizard-C2-Pro_en_warm-300x31.png 300w, https:\/\/www.huntersfriend.eu\/app\/uploads\/2021\/09\/Wizard-C2-Pro_en_warm-200x21.png 200w, https:\/\/www.huntersfriend.eu\/app\/uploads\/2021\/09\/Wizard-C2-Pro_en_warm-190x20.png 190w, https:\/\/www.huntersfriend.eu\/app\/uploads\/2021\/09\/Wizard-C2-Pro_en_warm-750x78.png 750w, https:\/\/www.huntersfriend.eu\/app\/uploads\/2021\/09\/Wizard-C2-Pro_en_warm.png 801w\" sizes=\"(max-width: 600px) 100vw, 600px\" \/><\/p>\n<p>Wizard C2 Pro \u2013 den f\u00f6rsta multificklampan i den nya Armytek-serien. Perfekt l\u00f6sning f\u00f6r dig som s\u00f6ker en multifunktionell ficklampa f\u00f6r kontinuerlig professionell anv\u00e4ndning och vardagsbruk. Modellen har otroliga 2500 lumen ljusstyrka och upp till 131 meters r\u00e4ckvidd. Laddas fr\u00e5n valfri USB-str\u00f6mk\u00e4lla med magnetisk USB-kabel. Kraftfull magnet i bakstycket g\u00f6r att du kan f\u00e4sta ficklampan p\u00e5 vilken metallyta som helst. Setet inneh\u00e5ller bekv\u00e4m huvudmontering, kl\u00e4mma f\u00f6r att f\u00e4sta p\u00e5 kl\u00e4der eller en ryggs\u00e4ck och cykelf\u00e4ste ABM-01. Wizard C2 Pro \u00e4r kompatibel med hj\u00e4lmf\u00e4ste AHM-02 och l\u00e4mplig f\u00f6r byggnadsarbete.      <\/p>\n<h3>Wizard C2 Pro \u2013 multificklampa 3 i 1<\/h3>\n<p><strong>Pannlampa<\/strong><\/p>\n<ul>\n<li>Enkel enhandsman\u00f6vrering, p\u00e5litlig huvudmontering f\u00f6r l\u00f6pning<\/li>\n<li>Solid kropp utan l\u00e5nga sladdar, svaga gummikontakter och on\u00f6diga l\u00e5dor<\/li>\n<li>Ficklampan \u00e4r l\u00e4tt att installera, ta bort och 180\u00b0 roterbar i f\u00e4stet<\/li>\n<li>Snabbkopplingsring i gummi ger ytterligare fixering<\/li>\n<\/ul>\n<p><strong>Ficklampa f\u00f6r vardagsbruk<img decoding=\"async\" class=\"size-full wp-image-227833 alignright\" src=\"https:\/\/www.huntersfriend.eu\/app\/uploads\/2021\/09\/Set_en.png\" alt=\"\" width=\"600\" height=\"400\" srcset=\"https:\/\/www.huntersfriend.eu\/app\/uploads\/2021\/09\/Set_en.png 600w, https:\/\/www.huntersfriend.eu\/app\/uploads\/2021\/09\/Set_en-300x200.png 300w, https:\/\/www.huntersfriend.eu\/app\/uploads\/2021\/09\/Set_en-200x133.png 200w, https:\/\/www.huntersfriend.eu\/app\/uploads\/2021\/09\/Set_en-90x60.png 90w, https:\/\/www.huntersfriend.eu\/app\/uploads\/2021\/09\/Set_en-135x90.png 135w\" sizes=\"(max-width: 600px) 100vw, 600px\" \/><\/strong><\/p>\n<ul>\n<li>Kompakt design<\/li>\n<li>Bekv\u00e4m sidoknapp<\/li>\n<li>Speciell matt anti-slip finish utan grov r\u00e4ffling<\/li>\n<li>Stark inbyggd magnet och robust st\u00e5lkl\u00e4mma<\/li>\n<li>Konstant ljus utan flimmer<\/li>\n<\/ul>\n<p><strong>Cykellampa<\/strong><\/p>\n<ul>\n<li>Tillverkad av flygplansklassat aluminium<\/li>\n<li>Slitstarkt snabbf\u00e4ste i setet<\/li>\n<\/ul>\n<h3>Tekniska data<\/h3>\n<div id=\"content_features\" class=\"ty-wysiwyg-content content-features\" data-ab-smc-tab-hide=\"N|N\" data-ab-smc-more=\"More\" data-ab-smc-less=\"Less\" data-ab-smc-height=\"250\">\n<div class=\"ty-subheader\"><strong>Ljus &amp; optik<\/strong><\/div>\n<div class=\"ty-product-feature-group\">\n<ul>\n<li class=\"ty-product-feature\"><span class=\"ty-product-feature__label\">F\u00e4rgtemperatur:<\/span>Varm<\/li>\n<li class=\"ty-product-feature\"><span class=\"ty-product-feature__label\">LED:<\/span>Cree XHP50.2<\/li>\n<li class=\"ty-product-feature\"><span class=\"ty-product-feature__label\">Optik:<\/span>TIR-optik<\/li>\n<li class=\"ty-product-feature\"><span class=\"ty-product-feature__label\">Ljusl\u00e4ngd, meter:<\/span>129<span class=\"ty-product-feature__suffix\"> m<\/span><\/li>\n<li class=\"ty-product-feature\"><span class=\"ty-product-feature__label\">Typ av ljusstyrkestabilisering: <\/span>Full (konstant ljus)<\/li>\n<li class=\"ty-product-feature\"><span class=\"ty-product-feature__label\">Hotspot: <\/span>70<span class=\"ty-product-feature__suffix\">\u00b0<\/span><\/li>\n<li class=\"ty-product-feature\"><span class=\"ty-product-feature__label\">Spill: <\/span>120<span class=\"ty-product-feature__suffix\">\u00b0<\/span><\/li>\n<\/ul>\n<\/div>\n<div class=\"ty-product-feature-group\">\n<div class=\"ty-subheader\"><strong>L\u00e4gen<\/strong><\/div>\n<ul>\n<li class=\"ty-product-feature\"><span class=\"ty-product-feature__label\">Antal l\u00e4gen: <\/span>12<\/li>\n<li class=\"ty-product-feature\"><span class=\"ty-product-feature__label\">Drifttid i maxl\u00e4ge: <\/span>2 h 40 min (605 lm efter 30 s)<\/li>\n<li class=\"ty-product-feature\"><span class=\"ty-product-feature__label\">Drifttid i minimuml\u00e4ge: <\/span>200 dagar<\/li>\n<li class=\"ty-product-feature\"><span class=\"ty-product-feature__label\">Strobel\u00e4ge: Ja<\/span><\/li>\n<\/ul>\n<div class=\"ty-product-feature\"><strong>M\u00e5tt och vikt<\/strong><\/div>\n<\/div>\n<div class=\"ty-product-feature-group\">\n<ul>\n<li class=\"ty-product-feature\"><span class=\"ty-product-feature__label\">Huvuddiameter: <\/span>33<span class=\"ty-product-feature__suffix\"> mm<\/span><\/li>\n<li class=\"ty-product-feature\"><span class=\"ty-product-feature__label\">Kroppsdiameter: <\/span>20.4<span class=\"ty-product-feature__suffix\"> mm<\/span><\/li>\n<li class=\"ty-product-feature\"><span class=\"ty-product-feature__label\">L\u00e4ngd: <\/span>112<span class=\"ty-product-feature__suffix\"> mm<\/span><\/li>\n<li class=\"ty-product-feature\"><span class=\"ty-product-feature__label\">Vikt (utan batteri): <\/span>65<span class=\"ty-product-feature__suffix\"> g<\/span><\/li>\n<\/ul>\n<\/div>\n<div class=\"ty-product-feature-group\">\n<div class=\"ty-subheader\"><strong>Kropp<\/strong><\/div>\n<ul>\n<li class=\"ty-product-feature\"><span class=\"ty-product-feature__label\">Material: <\/span>Flygplansklassat aluminium<\/li>\n<li class=\"ty-product-feature\"><span class=\"ty-product-feature__label\">N\u00f6tningsbest\u00e4ndig finish: <\/span>Premium typ III h\u00e5rdanodisering 400HV<\/li>\n<li class=\"ty-product-feature\"><span class=\"ty-product-feature__label\">Vattent\u00e4t och dammt\u00e4t standard: <\/span>IP68 (h\u00f6gsta)<\/li>\n<li class=\"ty-product-feature\"><span class=\"ty-product-feature__label\">S\u00e4ker neds\u00e4nkningsdjup: <\/span>10<span class=\"ty-product-feature__suffix\"> m<\/span><\/li>\n<li class=\"ty-product-feature\"> <span class=\"ty-product-feature__label\">S\u00e4ker fallh\u00f6jd: <\/span>10<span class=\"ty-product-feature__suffix\"> m<\/span><\/li>\n<li class=\"ty-product-feature\"> <span class=\"ty-product-feature__label\">Drifttemperaturer: <\/span>-25..+40<span class=\"ty-product-feature__suffix\"> \u00b0C<\/span><\/li>\n<\/ul>\n<\/div>\n<div class=\"ty-product-feature-group\">\n<div class=\"ty-product-feature\"><strong>Elektronik<\/strong><\/div>\n<ul>\n<li class=\"ty-product-feature\"><span class=\"ty-product-feature__label\">M\u00f6jlighet att anv\u00e4nda batterier med PCB: Nej<\/span><\/li>\n<li class=\"ty-product-feature\"><span class=\"ty-product-feature__label\">M\u00f6jlighet att anv\u00e4nda batterier utan PCB: Nej<\/span><\/li>\n<li class=\"ty-product-feature\"><span class=\"ty-product-feature__label\">Skydd mot oavsiktlig p\u00e5slagning: Nej<\/span><\/li>\n<li class=\"ty-product-feature\"><span class=\"ty-product-feature__label\">F\u00e4rgbatteriets statusindikation: Nej<\/span><\/li>\n<li class=\"ty-product-feature\"><span class=\"ty-product-feature__label\">Indikation p\u00e5 l\u00e5g batteriniv\u00e5: Nej<\/span>\n<div class=\"ty-product-feature\">\n<div class=\"ty-product-feature\">\n<div class=\"ty-product-feature\">\n<div class=\"ty-product-feature\">\n<div class=\"ty-product-feature__value\"><\/div>\n<\/div>\n<\/div>\n<\/div>\n<\/div>\n<\/li>\n<\/ul>\n<\/div>\n<\/div>\n","protected":false},"excerpt":{"rendered":"<p>2330 lumen, laddare och 3500 mAh batteri, varmt ljus<\/p>\n","protected":false},"featured_media":288304,"comment_status":"open","ping_status":"closed","template":"","meta":[],"product_brand":[],"product_cat":[2525],"product_tag":[],"class_list":{"0":"post-288301","1":"product","2":"type-product","3":"status-publish","4":"has-post-thumbnail","6":"product_cat-jaktlampor","8":"first","9":"instock","10":"taxable","11":"shipping-taxable","12":"purchasable","13":"product-type-simple"},"composite_virtual":false,"composite_layout":"","composite_add_to_cart_form_location":"","composite_editable_in_cart":false,"composite_sold_individually_context":"","composite_shop_price_calc":"","composite_components":[],"composite_scenarios":[],"group_of_quantity":0,"min_quantity":0,"max_quantity":"","exclude_order_quantity_value_rules":"no","exclude_category_quantity_rules":"no","combine_variations":"no","exclude_global_add_ons":[],"addons":[],"_links":{"self":[{"href":"https:\/\/www.huntersfriend.eu\/sv\/wp-json\/wp\/v2\/product\/288301","targetHints":{"allow":["GET"]}}],"collection":[{"href":"https:\/\/www.huntersfriend.eu\/sv\/wp-json\/wp\/v2\/product"}],"about":[{"href":"https:\/\/www.huntersfriend.eu\/sv\/wp-json\/wp\/v2\/types\/product"}],"replies":[{"embeddable":true,"href":"https:\/\/www.huntersfriend.eu\/sv\/wp-json\/wp\/v2\/comments?post=288301"}],"wp:featuredmedia":[{"embeddable":true,"href":"https:\/\/www.huntersfriend.eu\/sv\/wp-json\/wp\/v2\/media\/288304"}],"wp:attachment":[{"href":"https:\/\/www.huntersfriend.eu\/sv\/wp-json\/wp\/v2\/media?parent=288301"}],"wp:term":[{"taxonomy":"product_brand","embeddable":true,"href":"https:\/\/www.huntersfriend.eu\/sv\/wp-json\/wp\/v2\/product_brand?post=288301"},{"taxonomy":"product_cat","embeddable":true,"href":"https:\/\/www.huntersfriend.eu\/sv\/wp-json\/wp\/v2\/product_cat?post=288301"},{"taxonomy":"product_tag","embeddable":true,"href":"https:\/\/www.huntersfriend.eu\/sv\/wp-json\/wp\/v2\/product_tag?post=288301"}],"curies":[{"name":"wp","href":"https:\/\/api.w.org\/{rel}","templated":true}]}}