{"id":288300,"date":"2022-03-24T14:00:41","date_gmt":"2022-03-24T12:00:41","guid":{"rendered":"https:\/\/www.huntersfriend.eu\/product\/hha-hoyt-konverteringskit\/"},"modified":"2026-04-10T11:39:43","modified_gmt":"2026-04-10T09:39:43","slug":"hha-hoyt-konverteringskit","status":"publish","type":"product","link":"https:\/\/www.huntersfriend.eu\/sv\/produkt\/hha-hoyt-konverteringskit\/","title":{"rendered":"HHA Hoyt konverteringskit"},"content":{"rendered":"<p>Hoyt-f\u00e4stet g\u00f6r det m\u00f6jligt att konvertera alla Tetra-, Tetra Max- eller King Pin-sikten f\u00f6r att passa p\u00e5 en Hoyt Picatinny-skena.<\/p>\n<p>Endast h\u00f6gerh\u00e4nta (v\u00e4nsterh\u00e4nta finns tillg\u00e4ngliga p\u00e5 specialbest\u00e4llning, v\u00e4nligen kontakta oss direkt)<\/p>\n","protected":false},"excerpt":{"rendered":"<p>Endast h\u00f6gerh\u00e4nta<\/p>\n","protected":false},"featured_media":226849,"comment_status":"open","ping_status":"closed","template":"","meta":[],"product_brand":[],"product_cat":[2690,2921],"product_tag":[],"class_list":{"0":"post-288300","1":"product","2":"type-product","3":"status-publish","4":"has-post-thumbnail","6":"product_cat-bagjaktsikten","7":"product_cat-delar-for-sikten","9":"first","10":"outofstock","11":"taxable","12":"shipping-taxable","13":"purchasable","14":"product-type-simple"},"composite_virtual":false,"composite_layout":"","composite_add_to_cart_form_location":"","composite_editable_in_cart":false,"composite_sold_individually_context":"","composite_shop_price_calc":"","composite_components":[],"composite_scenarios":[],"group_of_quantity":0,"min_quantity":0,"max_quantity":"","exclude_order_quantity_value_rules":"no","exclude_category_quantity_rules":"no","combine_variations":"no","exclude_global_add_ons":[],"addons":[],"_links":{"self":[{"href":"https:\/\/www.huntersfriend.eu\/sv\/wp-json\/wp\/v2\/product\/288300","targetHints":{"allow":["GET"]}}],"collection":[{"href":"https:\/\/www.huntersfriend.eu\/sv\/wp-json\/wp\/v2\/product"}],"about":[{"href":"https:\/\/www.huntersfriend.eu\/sv\/wp-json\/wp\/v2\/types\/product"}],"replies":[{"embeddable":true,"href":"https:\/\/www.huntersfriend.eu\/sv\/wp-json\/wp\/v2\/comments?post=288300"}],"wp:featuredmedia":[{"embeddable":true,"href":"https:\/\/www.huntersfriend.eu\/sv\/wp-json\/wp\/v2\/media\/226849"}],"wp:attachment":[{"href":"https:\/\/www.huntersfriend.eu\/sv\/wp-json\/wp\/v2\/media?parent=288300"}],"wp:term":[{"taxonomy":"product_brand","embeddable":true,"href":"https:\/\/www.huntersfriend.eu\/sv\/wp-json\/wp\/v2\/product_brand?post=288300"},{"taxonomy":"product_cat","embeddable":true,"href":"https:\/\/www.huntersfriend.eu\/sv\/wp-json\/wp\/v2\/product_cat?post=288300"},{"taxonomy":"product_tag","embeddable":true,"href":"https:\/\/www.huntersfriend.eu\/sv\/wp-json\/wp\/v2\/product_tag?post=288300"}],"curies":[{"name":"wp","href":"https:\/\/api.w.org\/{rel}","templated":true}]}}