{"id":288288,"date":"2021-09-01T14:22:30","date_gmt":"2021-09-01T12:22:30","guid":{"rendered":"https:\/\/www.huntersfriend.eu\/product\/armytek-crystal-rod\/"},"modified":"2025-08-27T11:15:44","modified_gmt":"2025-08-27T09:15:44","slug":"armytek-crystal-rod","status":"publish","type":"product","link":"https:\/\/www.huntersfriend.eu\/sv\/produkt\/armytek-crystal-rod\/","title":{"rendered":"Armytek Crystal R\u00f6d"},"content":{"rendered":"<p>Kompakt multifunktionsficklampa med vitt och r\u00f6tt ljus och ut\u00f6kad setkonfiguration. Armytek Crystal R\u00f6d kan anv\u00e4ndas p\u00e5 flera s\u00e4tt: <\/p>\n<p><strong>Pannlampa<\/strong><\/p>\n<ul>\n<li>Speciell design med genomt\u00e4nkta optiska element ger bekv\u00e4m spridningsvinkel med minimal ljusf\u00f6rlust f\u00f6r anv\u00e4ndning p\u00e5 n\u00e4ra h\u00e5ll<\/li>\n<li>Levereras med mjukt elastiskt band som \u00e4r justerbart i storlek<\/li>\n<\/ul>\n<p><strong>Ficklampa f\u00f6r vardagsbruk<\/strong><\/p>\n<ul>\n<li>L\u00e4tt och kompakt kropp tillverkad av slitstark, t\u00e5lig polykarbonat<\/li>\n<li>Bred kl\u00e4mma i rostfritt st\u00e5l f\u00f6r flera monteringsalternativ<\/li>\n<\/ul>\n<p><strong>Nyckelringslampa<\/strong><\/p>\n<ul>\n<li>Ringar f\u00f6r nycklar eller snodd tillverkade av slitstarka material<\/li>\n<\/ul>\n<p><strong>Sportficklampa<\/strong><\/p>\n<ul>\n<li>Flera ljusstyrkel\u00e4gen f\u00f6r bekv\u00e4m anv\u00e4ndning i staden eller i naturen<\/li>\n<li>Konstant vitt ljus och vit Beacon f\u00f6r anv\u00e4ndning som pannlampa eller l\u00f6plampa p\u00e5 cykel<\/li>\n<li>Tv\u00e5 s\u00e4kra silikonringar med olika diametrar f\u00f6r montering p\u00e5 cykel<\/li>\n<li>Kan monteras p\u00e5 styret eller under sadeln<\/li>\n<\/ul>\n<p><strong>Lampl\u00e4ge<\/strong><\/p>\n<ul>\n<li>Kan k\u00f6ras direkt fr\u00e5n en powerbank eller n\u00e5gon USB-str\u00f6mf\u00f6rs\u00f6rjning<\/li>\n<\/ul>\n<p><strong>R\u00f6tt ljus<\/strong><\/p>\n<ul>\n<li>F\u00f6r att bibeh\u00e5lla m\u00f6rkerseendet vid v\u00e4xling mellan att t\u00e4nda och sl\u00e4cka ljuset: i ett campingt\u00e4lt, n\u00e4r du observerar stj\u00e4rnor eller fiskar<\/li>\n<li>N\u00e4stan osynlig f\u00f6r djur och insekter<\/li>\n<li>Beacon-l\u00e4ge f\u00f6r att indikera sig sj\u00e4lv i m\u00f6rkret<\/li>\n<\/ul>\n<p><strong>Specifikationer:<\/strong><\/p>\n<div class=\"ty-subheader\"><strong>Ljus och optik<\/strong><\/div>\n<div class=\"ty-product-feature\"><span class=\"ty-product-feature__label\">F\u00e4rgtemperatur:<\/span> <span style=\"font-size: 14.4px;\">Vit<\/span><\/div>\n<div class=\"ty-product-feature\"><span class=\"ty-product-feature__label\">LED:<\/span> <span style=\"font-size: 14.4px;\">LXNZPL696 (vit) + LXNZPL696 (r\u00f6d)<\/span><\/div>\n<div class=\"ty-product-feature\"><span class=\"ty-product-feature__label\">Ljusfl\u00f6de, lumen:<\/span> <span style=\"font-size: 14.4px;\">150<\/span><span class=\"ty-product-feature__suffix\" style=\"font-size: 14.4px;\"> lm<\/span><\/div>\n<div class=\"ty-product-feature\"><span class=\"ty-product-feature__label\">Ljusfl\u00f6de (r\u00f6tt ljus), lumen:<\/span> <span style=\"font-size: 14.4px;\">30<\/span><span class=\"ty-product-feature__suffix\" style=\"font-size: 14.4px;\">lm<\/span><\/div>\n<div class=\"ty-product-feature\"><span class=\"ty-product-feature__label\">Ljusl\u00e4ngd, meter:<\/span> <span style=\"font-size: 14.4px;\">12<\/span><span class=\"ty-product-feature__suffix\" style=\"font-size: 14.4px;\"> m<\/span><\/div>\n<div class=\"ty-product-feature\"><span class=\"ty-product-feature__label\">Ljusl\u00e4ngd (r\u00f6tt ljus), meter:<\/span> <span style=\"font-size: 14.4px;\">5<\/span><span class=\"ty-product-feature__suffix\" style=\"font-size: 14.4px;\">m<\/span><\/div>\n<div class=\"ty-product-feature\"><span class=\"ty-product-feature__label\">Typ av ljusstyrkestabilisering: <\/span><span style=\"font-size: 14.4px;\">Digital (CPU-ljusstyrkekontroll)<\/span><\/div>\n<div class=\"ty-product-feature\"><span class=\"ty-product-feature__label\">Hotspot:spill:<\/span> <span style=\"font-size: 14.4px;\">70\u00b0 : 140\u00b0<\/span><\/div>\n<div><\/div>\n<div>\n<div class=\"ty-subheader\"><strong>L\u00e4gen<\/strong><\/div>\n<div class=\"ty-product-feature\"><span class=\"ty-product-feature__label\">Antal l\u00e4gen:<\/span> <span style=\"font-size: 14.4px;\">5 vitt ljus + 5 r\u00f6tt ljus<\/span><\/div>\n<div class=\"ty-product-feature\"><span class=\"ty-product-feature__label\">Drifttid i maximalt l\u00e4ge:<\/span> <span style=\"font-size: 14.4px;\">2 h 15 min<\/span><\/div>\n<div class=\"ty-product-feature\"><span class=\"ty-product-feature__label\">Drifttid i maximalt l\u00e4ge (r\u00f6tt ljus):<\/span> <span style=\"font-size: 14.4px;\">3 h<\/span><\/div>\n<div class=\"ty-product-feature\"><span class=\"ty-product-feature__label\">Drifttid i minimuml\u00e4ge:<\/span> <span style=\"font-size: 14.4px;\">50 d<\/span><\/div>\n<div class=\"ty-product-feature\"><span class=\"ty-product-feature__label\">Drifttid i minimuml\u00e4ge (r\u00f6tt ljus):<\/span> <span style=\"font-size: 14.4px;\">30 d<\/span><\/div>\n<div class=\"ty-product-feature\"><span class=\"ty-product-feature__label\">Strobel\u00e4ge: Ja<\/span><\/div>\n<div><\/div>\n<div>\n<div class=\"ty-subheader\"><strong>M\u00e5tt<\/strong><\/div>\n<div class=\"ty-product-feature\"><span class=\"ty-product-feature__label\">L\u00e4ngd:<\/span> <span style=\"font-size: 14.4px;\">63 mm<\/span><\/div>\n<div class=\"ty-product-feature\"><span class=\"ty-product-feature__label\">Bredd:<\/span> <span style=\"font-size: 14.4px;\">43 mm<\/span><\/div>\n<div class=\"ty-product-feature\"><span class=\"ty-product-feature__label\">Vikt (med batteri):<\/span> <span style=\"font-size: 14.4px;\">34 g<\/span><\/div>\n<div class=\"ty-product-feature\"><span class=\"ty-product-feature__label\">H\u00f6jd (utan kl\u00e4mma):<\/span> <span style=\"font-size: 14.4px;\">15 mm<\/span><\/div>\n<div>\n<div><\/div>\n<div class=\"ty-subheader\"><strong>Kropp<\/strong><\/div>\n<div class=\"ty-product-feature\"><span class=\"ty-product-feature__label\">Material:<\/span> <span style=\"font-size: 14.4px;\">plast<\/span><\/div>\n<div class=\"ty-product-feature\"><span class=\"ty-product-feature__label\">Vattent\u00e4t och dammt\u00e4t standard:<\/span> <span style=\"font-size: 14.4px;\">IP67<\/span><\/div>\n<div class=\"ty-product-feature\"><span class=\"ty-product-feature__label\">S\u00e4ker neds\u00e4nkningsdjup:<\/span> <span style=\"font-size: 14.4px;\">1<\/span><span class=\"ty-product-feature__suffix\" style=\"font-size: 14.4px;\"> m<\/span><\/div>\n<div class=\"ty-product-feature\"><span class=\"ty-product-feature__label\">S\u00e4ker fallh\u00f6jd:<\/span> <span style=\"font-size: 14.4px;\">10<\/span><span class=\"ty-product-feature__suffix\" style=\"font-size: 14.4px;\"> m<\/span><\/div>\n<div class=\"ty-product-feature\"><span class=\"ty-product-feature__label\">Drifttemperaturer:<\/span> <span style=\"font-size: 14.4px;\">-10..+40<\/span><span class=\"ty-product-feature__suffix\" style=\"font-size: 14.4px;\"> \u00b0C<\/span><\/div>\n<\/div>\n<div><\/div>\n<\/div>\n<div><strong><span class=\"ty-product-feature__label\">Batterikompatibilitet:<\/span><\/strong> <span style=\"font-size: 14.4px;\">1 \u0445 Li-Pol 600<\/span><\/div>\n<\/div>\n","protected":false},"excerpt":{"rendered":"<p>150 lumen\/Li-Ion-batteri ing\u00e5r<\/p>\n","protected":false},"featured_media":238233,"comment_status":"open","ping_status":"closed","template":"","meta":[],"product_brand":[],"product_cat":[2525],"product_tag":[],"class_list":{"0":"post-288288","1":"product","2":"type-product","3":"status-publish","4":"has-post-thumbnail","6":"product_cat-jaktlampor","8":"first","9":"instock","10":"taxable","11":"shipping-taxable","12":"purchasable","13":"product-type-simple"},"composite_virtual":false,"composite_layout":"","composite_add_to_cart_form_location":"","composite_editable_in_cart":false,"composite_sold_individually_context":"","composite_shop_price_calc":"","composite_components":[],"composite_scenarios":[],"group_of_quantity":0,"min_quantity":0,"max_quantity":"","exclude_order_quantity_value_rules":"no","exclude_category_quantity_rules":"no","combine_variations":"no","exclude_global_add_ons":[],"addons":[],"_links":{"self":[{"href":"https:\/\/www.huntersfriend.eu\/sv\/wp-json\/wp\/v2\/product\/288288","targetHints":{"allow":["GET"]}}],"collection":[{"href":"https:\/\/www.huntersfriend.eu\/sv\/wp-json\/wp\/v2\/product"}],"about":[{"href":"https:\/\/www.huntersfriend.eu\/sv\/wp-json\/wp\/v2\/types\/product"}],"replies":[{"embeddable":true,"href":"https:\/\/www.huntersfriend.eu\/sv\/wp-json\/wp\/v2\/comments?post=288288"}],"wp:featuredmedia":[{"embeddable":true,"href":"https:\/\/www.huntersfriend.eu\/sv\/wp-json\/wp\/v2\/media\/238233"}],"wp:attachment":[{"href":"https:\/\/www.huntersfriend.eu\/sv\/wp-json\/wp\/v2\/media?parent=288288"}],"wp:term":[{"taxonomy":"product_brand","embeddable":true,"href":"https:\/\/www.huntersfriend.eu\/sv\/wp-json\/wp\/v2\/product_brand?post=288288"},{"taxonomy":"product_cat","embeddable":true,"href":"https:\/\/www.huntersfriend.eu\/sv\/wp-json\/wp\/v2\/product_cat?post=288288"},{"taxonomy":"product_tag","embeddable":true,"href":"https:\/\/www.huntersfriend.eu\/sv\/wp-json\/wp\/v2\/product_tag?post=288288"}],"curies":[{"name":"wp","href":"https:\/\/api.w.org\/{rel}","templated":true}]}}