{"id":288286,"date":"2021-09-14T08:20:18","date_gmt":"2021-09-14T06:20:18","guid":{"rendered":"https:\/\/www.huntersfriend.eu\/product\/hawk-helium-3-st-klatterpinnar\/"},"modified":"2025-08-27T11:15:36","modified_gmt":"2025-08-27T09:15:36","slug":"hawk-helium-3-st-klatterpinnar","status":"publish","type":"product","link":"https:\/\/www.huntersfriend.eu\/sv\/produkt\/hawk-helium-3-st-klatterpinnar\/","title":{"rendered":"Hawk helium 3 st kl\u00e4tterpinnar"},"content":{"rendered":"<p>F\u00f6rmodligen de l\u00e4ttaste och mest portabla kl\u00e4tterpinnarna p\u00e5 marknaden! Helium-pinnarna har en konstruktion i flygplansklassat aluminium med viktbesparande utsk\u00e4rningar, vilket g\u00f6r varje 76 cm sektion till knappa 1,3 kg. Dubbelsidiga steg med bra grepp ger o\u00f6vertr\u00e4ffad stabilitet p\u00e5 b\u00e5da sidor vid upp- och nedstigning. F\u00f6r att skapa ett str\u00f6mlinjeformat paket f\u00f6r transport f\u00e4lls stegen upp och pinnarna ligger t\u00e4tt ihop med v\u00e5ra tysta l\u00e5stekniksugkoppar. F\u00f6r att \u00f6ka smygf\u00f6rm\u00e5gan och underl\u00e4tta installationen har en tyst reminstallation med versa-knapp lagts till varje pinne f\u00f6r att begr\u00e4nsa buller under installationen och TreeDigger\u2122-t\u00e4nder biter in i barken f\u00f6r \u00f6kad s\u00e4kerhet vid kl\u00e4ttring.    <\/p>\n<p><strong>FUNKTIONER<\/strong><\/p>\n<ul>\n<li>L\u00e4tt och portabel \u2013 Konstruktion i flygplansklassat aluminium<\/li>\n<li>Tyst l\u00e5steknik \u2013 Stegen sn\u00e4pps tyst ihop med NY sugkoppsdesign<\/li>\n<li>Tyst versa-knapp \u2013 f\u00f6rhindrar buller vid packning och installation<\/li>\n<li>Tree-Digger\u2122-t\u00e4nder \u2013 biter in i barken f\u00f6r ultimat stabilitet<\/li>\n<\/ul>\n<p>Alla HAWK kl\u00e4tterpinnar \u00e4r testade enligt TMA-standard.<\/p>\n<p><strong>SPECIFIKATIONER <\/strong><\/p>\n<ul>\n<li>Konstruktion \u2013 aluminiumpinne<\/li>\n<li>L\u00e4ngd \u2013 76 cm steg<\/li>\n<li>Bredd \u2013 25 cm<\/li>\n<li>Vikt (st) \u2013 1,3 kg<\/li>\n<li>Kapacitet \u2013 135 kg<\/li>\n<\/ul>\n","protected":false},"excerpt":{"rendered":"<p>Kl\u00e4tterpinnar f\u00f6r tr\u00e4dstativ<\/p>\n","protected":false},"featured_media":256327,"comment_status":"open","ping_status":"closed","template":"","meta":[],"product_brand":[],"product_cat":[2717],"product_tag":[],"class_list":{"0":"post-288286","1":"product","2":"type-product","3":"status-publish","4":"has-post-thumbnail","6":"product_cat-klatterpinnar-tradsteg","7":"product_shipping_class-big-sv","9":"first","10":"instock","11":"taxable","12":"shipping-taxable","13":"purchasable","14":"product-type-simple"},"composite_virtual":false,"composite_layout":"","composite_add_to_cart_form_location":"","composite_editable_in_cart":false,"composite_sold_individually_context":"","composite_shop_price_calc":"","composite_components":[],"composite_scenarios":[],"group_of_quantity":0,"min_quantity":0,"max_quantity":"","exclude_order_quantity_value_rules":"no","exclude_category_quantity_rules":"no","combine_variations":"no","exclude_global_add_ons":[],"addons":[],"_links":{"self":[{"href":"https:\/\/www.huntersfriend.eu\/sv\/wp-json\/wp\/v2\/product\/288286","targetHints":{"allow":["GET"]}}],"collection":[{"href":"https:\/\/www.huntersfriend.eu\/sv\/wp-json\/wp\/v2\/product"}],"about":[{"href":"https:\/\/www.huntersfriend.eu\/sv\/wp-json\/wp\/v2\/types\/product"}],"replies":[{"embeddable":true,"href":"https:\/\/www.huntersfriend.eu\/sv\/wp-json\/wp\/v2\/comments?post=288286"}],"wp:featuredmedia":[{"embeddable":true,"href":"https:\/\/www.huntersfriend.eu\/sv\/wp-json\/wp\/v2\/media\/256327"}],"wp:attachment":[{"href":"https:\/\/www.huntersfriend.eu\/sv\/wp-json\/wp\/v2\/media?parent=288286"}],"wp:term":[{"taxonomy":"product_brand","embeddable":true,"href":"https:\/\/www.huntersfriend.eu\/sv\/wp-json\/wp\/v2\/product_brand?post=288286"},{"taxonomy":"product_cat","embeddable":true,"href":"https:\/\/www.huntersfriend.eu\/sv\/wp-json\/wp\/v2\/product_cat?post=288286"},{"taxonomy":"product_tag","embeddable":true,"href":"https:\/\/www.huntersfriend.eu\/sv\/wp-json\/wp\/v2\/product_tag?post=288286"}],"curies":[{"name":"wp","href":"https:\/\/api.w.org\/{rel}","templated":true}]}}