{"id":288279,"date":"2021-09-21T11:46:04","date_gmt":"2021-09-21T09:46:04","guid":{"rendered":"https:\/\/www.huntersfriend.eu\/product\/bitzenburger-fjaderklamma\/"},"modified":"2025-08-27T11:15:26","modified_gmt":"2025-08-27T09:15:26","slug":"bitzenburger-fjaderklamma","status":"publish","type":"product","link":"https:\/\/www.huntersfriend.eu\/sv\/produkt\/bitzenburger-fjaderklamma\/","title":{"rendered":"Bitzenburger fj\u00e4derkl\u00e4mma"},"content":{"rendered":"<p>Den h\u00e4r produkten \u00e4r ett komplett set med jig och kl\u00e4mma (en kl\u00e4mma ing\u00e5r).<\/p>\n<p>Varje kl\u00e4mma \u00e4r precisionsslipad f\u00f6r att s\u00e4kerst\u00e4lla identisk bladmatchning.<\/p>\n<p>De h\u00f6gra och v\u00e4nstra spiralformade kl\u00e4mmorna \u00e4r slipade med en radie f\u00f6r att uppn\u00e5 en \u00e4kta spiralformad fj\u00e4der.<\/p>\n<p>Den ih\u00e5liga f\u00f6rdjupningen m\u00f6jligg\u00f6r kontroll med tummen och fingertopparna, vilket ger ett fastare grepp och en mer exakt slutprodukt.<\/p>\n<p>Gradskalan p\u00e5 baksidan av kl\u00e4mmans bas m\u00f6jligg\u00f6r konsekvent och exakt avst\u00e5nd mellan fj\u00e4drarna och vingarna fr\u00e5n nocken.<\/p>\n<p>Knivseggen p\u00e5 kl\u00e4mmans bas eliminerar ansamling av \u00f6verfl\u00f6digt lim och ger en ren och professionell slutprodukt. (Inga kladdiga pilar!) <\/p>\n<p>Bitzenburgers precisionsgjutna kl\u00e4mmor finns i tre olika modeller:<\/p>\n<ol>\n<li><strong>Raka kl\u00e4mmor (finns som jig-set)<\/strong><br \/>\nF\u00f6r rak befj\u00e4dring<\/li>\n<li><strong>H\u00f6gerkl\u00e4mmor (finns som jig-set)<\/strong><br \/>\nF\u00f6r \u00e4kta h\u00f6gerspiralformad befj\u00e4dring<\/li>\n<li><strong>V\u00e4nsterkl\u00e4mmor (finns endast som kl\u00e4mma)<\/strong><br \/>\nF\u00f6r \u00e4kta v\u00e4nsterspiralformad befj\u00e4dring<\/li>\n<\/ol>\n<p>&nbsp;<\/p>\n","protected":false},"excerpt":{"rendered":"<p>Den h\u00e4r produkten \u00e4r ett komplett set med jig och kl\u00e4mma (en kl\u00e4mma ing\u00e5r). Varje kl\u00e4mma \u00e4r precisionsslipad f\u00f6r att s\u00e4kerst\u00e4lla identisk bladmatchning. De h\u00f6gra och v\u00e4nstra spiralformade kl\u00e4mmorna \u00e4r slipade med en radie f\u00f6r att uppn\u00e5 en \u00e4kta spiralformad fj\u00e4der. Den ih\u00e5liga f\u00f6rdjupningen m\u00f6jligg\u00f6r kontroll med tummen och fingertopparna, vilket ger ett fastare grepp [&#8230;]\n","protected":false},"featured_media":38708,"comment_status":"open","ping_status":"closed","template":"","meta":[],"product_brand":[],"product_cat":[2990],"product_tag":[],"class_list":{"0":"post-288279","1":"product","2":"type-product","3":"status-publish","4":"has-post-thumbnail","6":"product_cat-fjaderfastningsjiggar","8":"first","9":"instock","10":"taxable","11":"shipping-taxable","12":"purchasable","13":"product-type-variable"},"composite_virtual":false,"composite_layout":"","composite_add_to_cart_form_location":"","composite_editable_in_cart":false,"composite_sold_individually_context":"","composite_shop_price_calc":"","composite_components":[],"composite_scenarios":[],"group_of_quantity":0,"min_quantity":0,"max_quantity":"","exclude_order_quantity_value_rules":"no","exclude_category_quantity_rules":"no","combine_variations":"no","exclude_global_add_ons":[],"addons":[],"_links":{"self":[{"href":"https:\/\/www.huntersfriend.eu\/sv\/wp-json\/wp\/v2\/product\/288279","targetHints":{"allow":["GET"]}}],"collection":[{"href":"https:\/\/www.huntersfriend.eu\/sv\/wp-json\/wp\/v2\/product"}],"about":[{"href":"https:\/\/www.huntersfriend.eu\/sv\/wp-json\/wp\/v2\/types\/product"}],"replies":[{"embeddable":true,"href":"https:\/\/www.huntersfriend.eu\/sv\/wp-json\/wp\/v2\/comments?post=288279"}],"wp:featuredmedia":[{"embeddable":true,"href":"https:\/\/www.huntersfriend.eu\/sv\/wp-json\/wp\/v2\/media\/38708"}],"wp:attachment":[{"href":"https:\/\/www.huntersfriend.eu\/sv\/wp-json\/wp\/v2\/media?parent=288279"}],"wp:term":[{"taxonomy":"product_brand","embeddable":true,"href":"https:\/\/www.huntersfriend.eu\/sv\/wp-json\/wp\/v2\/product_brand?post=288279"},{"taxonomy":"product_cat","embeddable":true,"href":"https:\/\/www.huntersfriend.eu\/sv\/wp-json\/wp\/v2\/product_cat?post=288279"},{"taxonomy":"product_tag","embeddable":true,"href":"https:\/\/www.huntersfriend.eu\/sv\/wp-json\/wp\/v2\/product_tag?post=288279"}],"curies":[{"name":"wp","href":"https:\/\/api.w.org\/{rel}","templated":true}]}}