{"id":288276,"date":"2021-09-15T11:24:05","date_gmt":"2021-09-15T09:24:05","guid":{"rendered":"https:\/\/www.huntersfriend.eu\/product\/buck-gardner-tall-timber-lockpipa-for-ander\/"},"modified":"2025-08-27T11:15:08","modified_gmt":"2025-08-27T09:15:08","slug":"buck-gardner-tall-timber-lockpipa-for-ander","status":"publish","type":"product","link":"https:\/\/www.huntersfriend.eu\/sv\/produkt\/buck-gardner-tall-timber-lockpipa-for-ander\/","title":{"rendered":"Buck Gardner Tall Timber lockpipa f\u00f6r \u00e4nder"},"content":{"rendered":"<p>Buck Gardner Tall Timber lockpipa f\u00f6r \u00e4nder \u00e4r en polykarbonatpipa med ett enkelt vass som \u00e4r gjord f\u00f6r gr\u00f6n skog under vatten. Tall Timber \u00e4r gjord f\u00f6r skallande h\u00e4lsningsrop och aggressivt matningsprat f\u00f6r att f\u00e5nga deras uppm\u00e4rksamhet och locka ner \u00e4nder genom tr\u00e4den. Oavsett om du t\u00e4vlar om allm\u00e4nna mark\u00e4nder i timret eller om du har ditt eget skogsomr\u00e5de, har Tall Timber det aggressiva, hesa ljudet du beh\u00f6ver f\u00f6r att sticka ut.  <\/p>\n<p><strong>F\u00e4rg:<\/strong> bl\u00e5\/fluorescerande gr\u00f6n<\/p>\n","protected":false},"excerpt":{"rendered":"<p>Buck Gardner Tall Timber lockpipa f\u00f6r \u00e4nder \u00e4r en polykarbonatpipa med ett enkelt vass som \u00e4r gjord f\u00f6r gr\u00f6n skog under vatten. Tall Timber \u00e4r gjord f\u00f6r skallande h\u00e4lsningsrop och aggressivt matningsprat f\u00f6r att f\u00e5nga deras uppm\u00e4rksamhet och locka ner \u00e4nder genom tr\u00e4den. Oavsett om du t\u00e4vlar om allm\u00e4nna mark\u00e4nder i timret eller om du [&#8230;]\n","protected":false},"featured_media":221685,"comment_status":"open","ping_status":"closed","template":"","meta":[],"product_brand":[],"product_cat":[2804],"product_tag":[],"class_list":{"0":"post-288276","1":"product","2":"type-product","3":"status-publish","4":"has-post-thumbnail","6":"product_cat-andlockbeten","8":"first","9":"instock","10":"taxable","11":"shipping-taxable","12":"purchasable","13":"product-type-simple"},"composite_virtual":false,"composite_layout":"","composite_add_to_cart_form_location":"","composite_editable_in_cart":false,"composite_sold_individually_context":"","composite_shop_price_calc":"","composite_components":[],"composite_scenarios":[],"group_of_quantity":0,"min_quantity":0,"max_quantity":"","exclude_order_quantity_value_rules":"no","exclude_category_quantity_rules":"no","combine_variations":"no","exclude_global_add_ons":[],"addons":[],"_links":{"self":[{"href":"https:\/\/www.huntersfriend.eu\/sv\/wp-json\/wp\/v2\/product\/288276","targetHints":{"allow":["GET"]}}],"collection":[{"href":"https:\/\/www.huntersfriend.eu\/sv\/wp-json\/wp\/v2\/product"}],"about":[{"href":"https:\/\/www.huntersfriend.eu\/sv\/wp-json\/wp\/v2\/types\/product"}],"replies":[{"embeddable":true,"href":"https:\/\/www.huntersfriend.eu\/sv\/wp-json\/wp\/v2\/comments?post=288276"}],"wp:featuredmedia":[{"embeddable":true,"href":"https:\/\/www.huntersfriend.eu\/sv\/wp-json\/wp\/v2\/media\/221685"}],"wp:attachment":[{"href":"https:\/\/www.huntersfriend.eu\/sv\/wp-json\/wp\/v2\/media?parent=288276"}],"wp:term":[{"taxonomy":"product_brand","embeddable":true,"href":"https:\/\/www.huntersfriend.eu\/sv\/wp-json\/wp\/v2\/product_brand?post=288276"},{"taxonomy":"product_cat","embeddable":true,"href":"https:\/\/www.huntersfriend.eu\/sv\/wp-json\/wp\/v2\/product_cat?post=288276"},{"taxonomy":"product_tag","embeddable":true,"href":"https:\/\/www.huntersfriend.eu\/sv\/wp-json\/wp\/v2\/product_tag?post=288276"}],"curies":[{"name":"wp","href":"https:\/\/api.w.org\/{rel}","templated":true}]}}