{"id":288275,"date":"2021-09-20T08:20:21","date_gmt":"2021-09-20T06:20:21","guid":{"rendered":"https:\/\/www.huntersfriend.eu\/product\/wasp-z-force-100-gr-2\/"},"modified":"2025-08-27T11:15:08","modified_gmt":"2025-08-27T09:15:08","slug":"wasp-z-force-100-gr-2","status":"publish","type":"product","link":"https:\/\/www.huntersfriend.eu\/sv\/produkt\/wasp-z-force-100-gr-2\/","title":{"rendered":"Wasp Z Force 100 gr"},"content":{"rendered":"<p>Z-Force mekaniska jaktspets p\u00e5 100 grain har ett unikt kullagersystem som s\u00e4kerst\u00e4ller korrekt blad\u00f6ppning vid varje skott. Dess 1 5\/8-tums sk\u00e4rdiameter, tillsammans med dess solida st\u00e5lf\u00e4ste, samverkar med dess tre blad f\u00f6r att vara det d\u00f6dligaste bakre utl\u00f6sande spetsen p\u00e5 marknaden idag. Levereras i 3-pack.  <\/p>\n","protected":false},"excerpt":{"rendered":"<p>100 gr &#8211; 3-pack<\/p>\n","protected":false},"featured_media":217318,"comment_status":"open","ping_status":"closed","template":"","meta":[],"product_brand":[],"product_cat":[2647,2765],"product_tag":[],"class_list":{"0":"post-288275","1":"product","2":"type-product","3":"status-publish","4":"has-post-thumbnail","6":"product_cat-broadheads-jakt","7":"product_cat-fyndlada-slutrea","9":"first","10":"instock","11":"sale","12":"taxable","13":"shipping-taxable","14":"purchasable","15":"product-type-simple"},"composite_virtual":false,"composite_layout":"","composite_add_to_cart_form_location":"","composite_editable_in_cart":false,"composite_sold_individually_context":"","composite_shop_price_calc":"","composite_components":[],"composite_scenarios":[],"group_of_quantity":0,"min_quantity":0,"max_quantity":"","exclude_order_quantity_value_rules":"no","exclude_category_quantity_rules":"no","combine_variations":"no","exclude_global_add_ons":[],"addons":[],"_links":{"self":[{"href":"https:\/\/www.huntersfriend.eu\/sv\/wp-json\/wp\/v2\/product\/288275","targetHints":{"allow":["GET"]}}],"collection":[{"href":"https:\/\/www.huntersfriend.eu\/sv\/wp-json\/wp\/v2\/product"}],"about":[{"href":"https:\/\/www.huntersfriend.eu\/sv\/wp-json\/wp\/v2\/types\/product"}],"replies":[{"embeddable":true,"href":"https:\/\/www.huntersfriend.eu\/sv\/wp-json\/wp\/v2\/comments?post=288275"}],"wp:featuredmedia":[{"embeddable":true,"href":"https:\/\/www.huntersfriend.eu\/sv\/wp-json\/wp\/v2\/media\/217318"}],"wp:attachment":[{"href":"https:\/\/www.huntersfriend.eu\/sv\/wp-json\/wp\/v2\/media?parent=288275"}],"wp:term":[{"taxonomy":"product_brand","embeddable":true,"href":"https:\/\/www.huntersfriend.eu\/sv\/wp-json\/wp\/v2\/product_brand?post=288275"},{"taxonomy":"product_cat","embeddable":true,"href":"https:\/\/www.huntersfriend.eu\/sv\/wp-json\/wp\/v2\/product_cat?post=288275"},{"taxonomy":"product_tag","embeddable":true,"href":"https:\/\/www.huntersfriend.eu\/sv\/wp-json\/wp\/v2\/product_tag?post=288275"}],"curies":[{"name":"wp","href":"https:\/\/api.w.org\/{rel}","templated":true}]}}