{"id":288268,"date":"2021-09-21T11:04:07","date_gmt":"2021-09-21T09:04:07","guid":{"rendered":"https:\/\/www.huntersfriend.eu\/product\/skylon-carbon-edge-6-2-fardiga-pilar\/"},"modified":"2025-08-27T11:14:53","modified_gmt":"2025-08-27T09:14:53","slug":"skylon-carbon-edge-6-2-fardiga-pilar","status":"publish","type":"product","link":"https:\/\/www.huntersfriend.eu\/sv\/produkt\/skylon-carbon-edge-6-2-fardiga-pilar\/","title":{"rendered":"Skylon carbon edge 6.2 f\u00e4rdiga pilar"},"content":{"rendered":"<h3>En prisv\u00e4rd pil som \u00e4r fabriksbefj\u00e4drad med 2-tums fanor<\/h3>\n<p>Material: 24-TONS kol<br \/>\nInnerdiameter: 6,2 mm \/ .244&#8243;<br \/>\nRakhetstolerans: <span class=\"st\">\u00b1<\/span>.005&#8243; <\/p>\n<table class=\"uk-table uk-table-striped uk-table-condensed uk-table-hover\">\n<thead>\n<tr>\n<th>SPINE<\/th>\n<th>YTTERDIAMETER<\/th>\n<th>VIKT PER TUM<\/th>\n<th>L\u00c4NGD<\/th>\n<\/tr>\n<\/thead>\n<tbody>\n<tr>\n<td>0.800&#8243;<\/td>\n<td>6.85mm<\/td>\n<td>4.20<\/td>\n<td>33&#8243;<\/td>\n<\/tr>\n<tr>\n<td>0.700&#8243;<\/td>\n<td>7.00mm<\/td>\n<td>5.12<\/td>\n<td>33&#8243;<\/td>\n<\/tr>\n<tr>\n<td>0.600&#8243;<\/td>\n<td>7.05mm<\/td>\n<td>5.58<\/td>\n<td>33&#8243;<\/td>\n<\/tr>\n<tr>\n<td>0.500&#8243;<\/td>\n<td>7.12mm<\/td>\n<td>5.80<\/td>\n<td>33&#8243;<\/td>\n<\/tr>\n<tr>\n<td>0.400&#8243;<\/td>\n<td>7.35mm<\/td>\n<td>7.33<\/td>\n<td>33&#8243;<\/td>\n<\/tr>\n<tr>\n<td>0.350&#8243;<\/td>\n<td>7.39mm<\/td>\n<td>7.61<\/td>\n<td>33&#8243;<\/td>\n<\/tr>\n<tr>\n<td>0.300&#8243;<\/td>\n<td>7.55mm<\/td>\n<td>8.50<\/td>\n<td>33&#8243;<\/td>\n<\/tr>\n<\/tbody>\n<\/table>\n<h3><span lang=\"EN-US\" style=\"color: #555555; font-size: 14.4px;\"><br \/>\nDenna spine-tabell \u00e4r normaliserad f\u00f6r moderna compoundb\u00e5gar med IBO-hastigheter mellan 280-330 fps. F\u00f6r snabbare b\u00e5gar, l\u00e4s tabellen ett block ned och till h\u00f6ger. F\u00f6r l\u00e5ngsammare b\u00e5gar, l\u00e4s tabellen ett block upp och till v\u00e4nster. Tabellen \u00e4r inte till\u00e4mplig f\u00f6r traditionella b\u00e5gar. OBS: Faktiska pilspine-avvikelser matchar inte n\u00f6dv\u00e4ndigtvis tillverkarens marknadsf\u00f6rda spine-storlekar (Gold Tip 5575, Carbon Force 200, Carbon Express 60\/75, etc.). Tillverkarens spine-storlekssystem       <\/span><strong style=\"color: #555555; font-size: 14.4px;\"><span lang=\"EN-US\">kan vara godtyckliga<\/span><\/strong><span lang=\"EN-US\" style=\"color: #555555; font-size: 14.4px;\">  (100, 200, 300, 400) och kan eller kanske inte \u00e5terspegla pilarnas faktiska spine-avvikelser. Till exempel har en &#8221;Carbon Express Maxima 250&#8243; en faktisk spine-avvikelse p\u00e5 .404&#8243;, inte .250&#8221; som storleken antyder. I det h\u00e4r fallet \u00e4r klassificeringssystemet godtyckligt. F\u00f6r att vara s\u00e4ker, ANTA INTE att en pils publicerade spine-storlek matchar pilens faktiska avvikelse. Se faktiska pilspecifikationsdata ovan innan du anv\u00e4nder detta diagram f\u00f6r att v\u00e4lja en l\u00e4mplig spine-styvhet f\u00f6r din b\u00e5ge.      <em><strong>Om du beh\u00f6ver hj\u00e4lp, ring v\u00e5r pro-shop p\u00e5 +358 45 208 6292 eller skicka ett e-postmeddelande till oss f\u00f6r hj\u00e4lp.<\/strong><\/em><\/span><\/h3>\n<p>&nbsp;<\/p>\n","protected":false},"excerpt":{"rendered":"<p>Finns i 300, 340, 400 och 500 spine med nockar och insatser inkluderade. F\u00f6rbefj\u00e4drad med 2&#8243; h\u00f6gprofilsfanor. <\/p>\n","protected":false},"featured_media":214257,"comment_status":"open","ping_status":"closed","template":"","meta":[],"product_brand":[],"product_cat":[2885],"product_tag":[],"class_list":{"0":"post-288268","1":"product","2":"type-product","3":"status-publish","4":"has-post-thumbnail","6":"product_cat-jaktpilar-i-karbon","8":"first","9":"instock","10":"taxable","11":"shipping-taxable","12":"purchasable","13":"product-type-variable"},"composite_virtual":false,"composite_layout":"","composite_add_to_cart_form_location":"","composite_editable_in_cart":false,"composite_sold_individually_context":"","composite_shop_price_calc":"","composite_components":[],"composite_scenarios":[],"group_of_quantity":0,"min_quantity":0,"max_quantity":"","exclude_order_quantity_value_rules":"no","exclude_category_quantity_rules":"no","combine_variations":"no","exclude_global_add_ons":false,"addons":[{"name":"Klipp till l\u00e4ngd","type":"multiple_choice","position":0,"required":true,"title_format":"label","default":"","description_enable":false,"description":null,"placeholder_enable":false,"placeholder":null,"display":"select","restrictions_type":"any_text","adjust_price":false,"price":"","price_type":"flat_fee","restrictions":false,"min":"0","max":"0","options":[{"label":"Klipp inte","price":"","price_type":"flat_fee","image":0,"visibility":true},{"label":"V\u00e4nligen klipp \u2013 l\u00e4gg till \u00f6nskad l\u00e4ngd i infof\u00e4ltet vid utcheckning","price":"","price_type":"flat_fee","image":0,"visibility":true}]},{"name":"Insatser","type":"multiple_choice","position":1,"required":true,"title_format":"label","default":"","description_enable":false,"description":null,"placeholder_enable":false,"placeholder":null,"display":"select","restrictions_type":"any_text","adjust_price":false,"price":"","price_type":"flat_fee","restrictions":false,"min":"0","max":"0","options":[{"label":"Installera insatser (detta \u00e4r permanent!)","price":"","price_type":"flat_fee","image":0,"visibility":true},{"label":"Installera inte insatser (inkludera l\u00f6sa)","price":"","price_type":"flat_fee","image":0,"visibility":true}]}],"_links":{"self":[{"href":"https:\/\/www.huntersfriend.eu\/sv\/wp-json\/wp\/v2\/product\/288268","targetHints":{"allow":["GET"]}}],"collection":[{"href":"https:\/\/www.huntersfriend.eu\/sv\/wp-json\/wp\/v2\/product"}],"about":[{"href":"https:\/\/www.huntersfriend.eu\/sv\/wp-json\/wp\/v2\/types\/product"}],"replies":[{"embeddable":true,"href":"https:\/\/www.huntersfriend.eu\/sv\/wp-json\/wp\/v2\/comments?post=288268"}],"wp:featuredmedia":[{"embeddable":true,"href":"https:\/\/www.huntersfriend.eu\/sv\/wp-json\/wp\/v2\/media\/214257"}],"wp:attachment":[{"href":"https:\/\/www.huntersfriend.eu\/sv\/wp-json\/wp\/v2\/media?parent=288268"}],"wp:term":[{"taxonomy":"product_brand","embeddable":true,"href":"https:\/\/www.huntersfriend.eu\/sv\/wp-json\/wp\/v2\/product_brand?post=288268"},{"taxonomy":"product_cat","embeddable":true,"href":"https:\/\/www.huntersfriend.eu\/sv\/wp-json\/wp\/v2\/product_cat?post=288268"},{"taxonomy":"product_tag","embeddable":true,"href":"https:\/\/www.huntersfriend.eu\/sv\/wp-json\/wp\/v2\/product_tag?post=288268"}],"curies":[{"name":"wp","href":"https:\/\/api.w.org\/{rel}","templated":true}]}}