{"id":288267,"date":"2021-09-28T10:41:22","date_gmt":"2021-09-28T08:41:22","guid":{"rendered":"https:\/\/www.huntersfriend.eu\/product\/alps-aura-18c-sovsack\/"},"modified":"2025-08-27T11:14:29","modified_gmt":"2025-08-27T09:14:29","slug":"alps-aura-18c-sovsack","status":"publish","type":"product","link":"https:\/\/www.huntersfriend.eu\/sv\/produkt\/alps-aura-18c-sovsack\/","title":{"rendered":"Alps Aura -18\u00b0c sovs\u00e4ck"},"content":{"rendered":"<p>Aura-serien erbjuder l\u00e4tt, komprimerbar s\u00f6mn med f\u00f6rstklassig termisk effektivitet. Aura har syntetisk TechLoft Micro-isolering som best\u00e5r av flera denier h\u00e4ftl\u00e4ngdsfibrer som har en silikoniserad finish f\u00f6r maximal isolering, loft och kompakthet. Tv\u00e5lagerskonstruktion och den konturerade mumieformen hj\u00e4lper till att maximera v\u00e4rmen under kyliga n\u00e4tter. Aura har ocks\u00e5 en isolerad br\u00f6st- och dragkedjeklaff f\u00f6r att bek\u00e4mpa v\u00e4rmef\u00f6rlust. Komfort och h\u00e5llbarhet tillhandah\u00e5lls med ett h\u00f6gkvalitativt nylon ripstop-skal och mjukt polyesterfoder. De #8 separerande dragkedjorna ger h\u00e5llbarhet och smidig anv\u00e4ndning. En andra dragkedja erbjuder ocks\u00e5 flera ventilationsalternativ eller m\u00f6jligheten att enkelt sitta upp utan att l\u00e4mna v\u00e4rmen och komforten i din v\u00e4ska. Aura erbjuds i flera storlekar och temperaturer f\u00f6r att rymma de flesta. Erbjuder dig h\u00f6gkvalitativ design och konstruktion till ett oemotst\u00e5ndligt \u00f6verkomligt pris, den l\u00e4tta, kompakta Aura kommer inte att g\u00f6ra dig besviken p\u00e5 ditt n\u00e4sta backpacking-\u00e4ventyr!        <\/p>\n<ul>\n<li>TechLoft Micro-isolering<\/li>\n<li>Extra dragkedja f\u00f6r ventilation eller f\u00f6r att sitta upp<\/li>\n<li>Tv\u00e5lagers f\u00f6rskjuten konstruktion<\/li>\n<li>#8 separerande dragkedjor<\/li>\n<li>Isolerat br\u00f6st- och dragkedjeskydd<\/li>\n<li>Yttertyg i nylon ripstop<\/li>\n<li>Polyesterfoder<\/li>\n<li>Kompressionspackp\u00e5se<\/li>\n<\/ul>\n<table border=\"3\">\n<tbody>\n<tr>\n<th colspan=\"2\">Normal<\/th>\n<\/tr>\n<tr align=\"CENTER\">\n<td><b>M\u00e5tt<\/b><\/td>\n<td>32&#8243; x 80&#8243;<\/td>\n<\/tr>\n<tr align=\"CENTER\">\n<td><b>Fyllnadsvikt<\/b><\/td>\n<td>56 oz.<\/td>\n<\/tr>\n<tr align=\"CENTER\">\n<td><b>Total vikt<\/b><\/td>\n<td>4 lbs. 13 oz. <\/td>\n<\/tr>\n<tr align=\"CENTER\">\n<td><b>Packp\u00e5sens storlek<\/b><\/td>\n<td>10.5&#8243; x 21&#8243;<\/td>\n<\/tr>\n<tr>\n<th colspan=\"2\">L\u00e5ng<\/th>\n<\/tr>\n<tr align=\"CENTER\">\n<td><b>M\u00e5tt<\/b><\/td>\n<td>34&#8243; x 86&#8243;<\/td>\n<\/tr>\n<tr align=\"CENTER\">\n<td><b>Fyllnadsvikt<\/b><\/td>\n<td>68 oz.<\/td>\n<\/tr>\n<tr align=\"CENTER\">\n<td><b>Total vikt<\/b><\/td>\n<td>5 lbs. 11 oz. <\/td>\n<\/tr>\n<tr align=\"CENTER\">\n<td><b>Packp\u00e5sens storlek<\/b><\/td>\n<td>10&#8243; x 22&#8243;<\/td>\n<\/tr>\n<\/tbody>\n<\/table>\n","protected":false},"excerpt":{"rendered":"<p>Gr\u00e5 \/ bl\u00e5<\/p>\n","protected":false},"featured_media":215882,"comment_status":"open","ping_status":"closed","template":"","meta":[],"product_brand":[],"product_cat":[878],"product_tag":[],"class_list":{"0":"post-288267","1":"product","2":"type-product","3":"status-publish","4":"has-post-thumbnail","6":"product_cat-uncategorized-sv","8":"first","9":"outofstock","10":"taxable","11":"shipping-taxable","12":"product-type-simple"},"composite_virtual":false,"composite_layout":"","composite_add_to_cart_form_location":"","composite_editable_in_cart":false,"composite_sold_individually_context":"","composite_shop_price_calc":"","composite_components":[],"composite_scenarios":[],"group_of_quantity":0,"min_quantity":0,"max_quantity":"","exclude_order_quantity_value_rules":"no","exclude_category_quantity_rules":"no","combine_variations":"no","exclude_global_add_ons":[],"addons":[],"_links":{"self":[{"href":"https:\/\/www.huntersfriend.eu\/sv\/wp-json\/wp\/v2\/product\/288267","targetHints":{"allow":["GET"]}}],"collection":[{"href":"https:\/\/www.huntersfriend.eu\/sv\/wp-json\/wp\/v2\/product"}],"about":[{"href":"https:\/\/www.huntersfriend.eu\/sv\/wp-json\/wp\/v2\/types\/product"}],"replies":[{"embeddable":true,"href":"https:\/\/www.huntersfriend.eu\/sv\/wp-json\/wp\/v2\/comments?post=288267"}],"wp:featuredmedia":[{"embeddable":true,"href":"https:\/\/www.huntersfriend.eu\/sv\/wp-json\/wp\/v2\/media\/215882"}],"wp:attachment":[{"href":"https:\/\/www.huntersfriend.eu\/sv\/wp-json\/wp\/v2\/media?parent=288267"}],"wp:term":[{"taxonomy":"product_brand","embeddable":true,"href":"https:\/\/www.huntersfriend.eu\/sv\/wp-json\/wp\/v2\/product_brand?post=288267"},{"taxonomy":"product_cat","embeddable":true,"href":"https:\/\/www.huntersfriend.eu\/sv\/wp-json\/wp\/v2\/product_cat?post=288267"},{"taxonomy":"product_tag","embeddable":true,"href":"https:\/\/www.huntersfriend.eu\/sv\/wp-json\/wp\/v2\/product_tag?post=288267"}],"curies":[{"name":"wp","href":"https:\/\/api.w.org\/{rel}","templated":true}]}}