{"id":288264,"date":"2021-10-20T14:20:18","date_gmt":"2021-10-20T12:20:18","guid":{"rendered":"https:\/\/www.huntersfriend.eu\/product\/maximal-lethal-judo-spets-for-smavilt\/"},"modified":"2025-08-27T11:14:12","modified_gmt":"2025-08-27T09:14:12","slug":"maximal-lethal-judo-spets-for-smavilt","status":"publish","type":"product","link":"https:\/\/www.huntersfriend.eu\/sv\/produkt\/maximal-lethal-judo-spets-for-smavilt\/","title":{"rendered":"Maximal lethal judo-spets f\u00f6r sm\u00e5vilt"},"content":{"rendered":"<p>Maximal Lethal judo-spetsar speciellt gjorda f\u00f6r sm\u00e5viltjakt. Judo-spetsar fastnar p\u00e5 allt de tr\u00e4ffar. Detta f\u00f6rhindrar att dina pilar f\u00f6rsvinner under gr\u00e4set.  <\/p>\n<p>De passar alla kolfiber- och aluminiumpilar som anv\u00e4nder standard 8-32 g\u00e4ngade insatser (passar inte pilar med Easton Deep Six-insatser)<\/p>\n<ol>\n<li>Perfekt f\u00f6r sm\u00e5vilt<\/li>\n<li>H\u00e5llbar<\/li>\n<li>Passar de flesta kolfiber- och aluminiumpilar p\u00e5 marknaden<\/li>\n<\/ol>\n","protected":false},"excerpt":{"rendered":"<p>6-pack 100 grain<\/p>\n","protected":false},"featured_media":220175,"comment_status":"open","ping_status":"closed","template":"","meta":[],"product_brand":[],"product_cat":[2882],"product_tag":[],"class_list":{"0":"post-288264","1":"product","2":"type-product","3":"status-publish","4":"has-post-thumbnail","6":"product_cat-smavilt-jakt","8":"first","9":"instock","10":"taxable","11":"shipping-taxable","12":"purchasable","13":"product-type-simple"},"composite_virtual":false,"composite_layout":"","composite_add_to_cart_form_location":"","composite_editable_in_cart":false,"composite_sold_individually_context":"","composite_shop_price_calc":"","composite_components":[],"composite_scenarios":[],"group_of_quantity":0,"min_quantity":0,"max_quantity":"","exclude_order_quantity_value_rules":"no","exclude_category_quantity_rules":"no","combine_variations":"no","exclude_global_add_ons":[],"addons":[],"_links":{"self":[{"href":"https:\/\/www.huntersfriend.eu\/sv\/wp-json\/wp\/v2\/product\/288264","targetHints":{"allow":["GET"]}}],"collection":[{"href":"https:\/\/www.huntersfriend.eu\/sv\/wp-json\/wp\/v2\/product"}],"about":[{"href":"https:\/\/www.huntersfriend.eu\/sv\/wp-json\/wp\/v2\/types\/product"}],"replies":[{"embeddable":true,"href":"https:\/\/www.huntersfriend.eu\/sv\/wp-json\/wp\/v2\/comments?post=288264"}],"wp:featuredmedia":[{"embeddable":true,"href":"https:\/\/www.huntersfriend.eu\/sv\/wp-json\/wp\/v2\/media\/220175"}],"wp:attachment":[{"href":"https:\/\/www.huntersfriend.eu\/sv\/wp-json\/wp\/v2\/media?parent=288264"}],"wp:term":[{"taxonomy":"product_brand","embeddable":true,"href":"https:\/\/www.huntersfriend.eu\/sv\/wp-json\/wp\/v2\/product_brand?post=288264"},{"taxonomy":"product_cat","embeddable":true,"href":"https:\/\/www.huntersfriend.eu\/sv\/wp-json\/wp\/v2\/product_cat?post=288264"},{"taxonomy":"product_tag","embeddable":true,"href":"https:\/\/www.huntersfriend.eu\/sv\/wp-json\/wp\/v2\/product_tag?post=288264"}],"curies":[{"name":"wp","href":"https:\/\/api.w.org\/{rel}","templated":true}]}}