{"id":288263,"date":"2021-10-14T14:20:34","date_gmt":"2021-10-14T12:20:34","guid":{"rendered":"https:\/\/www.huntersfriend.eu\/product\/pard-ta62-termisk-monokikare\/"},"modified":"2026-03-18T22:00:50","modified_gmt":"2026-03-18T20:00:50","slug":"pard-ta62-termisk-monokikare","status":"publish","type":"product","link":"https:\/\/www.huntersfriend.eu\/sv\/produkt\/pard-ta62-termisk-monokikare\/","title":{"rendered":"Pard TA62 termisk monokikare"},"content":{"rendered":"<p>Handh\u00e5llen termisk monokikare designad f\u00f6r att passa i en hand och enkelt i en normal jackficka. H\u00e5llbar med stabil bildkvalitet med utm\u00e4rkta detekteringsniv\u00e5er och tydligt synliga m\u00e5l. <\/p>\n<p>Wi-fi bild\u00f6verf\u00f6ring<\/p>\n<p>Prestandaparametrar<\/p>\n<table border=\"1\" width=\"999\">\n<tbody>\n<tr>\n<td width=\"63\">Modell<\/td>\n<td width=\"77\">Detektor<\/td>\n<td width=\"61\">NETD<\/td>\n<td width=\"91\">Objektiv<\/td>\n<td width=\"91\">Optisk f\u00f6rstoring<\/td>\n<td width=\"83\">Bildhastighet<\/td>\n<td width=\"81\">F\u00e4ltvinkel<\/td>\n<td width=\"135\">Total dimension<\/td>\n<td width=\"87\">Detektionsavst\u00e5nd<\/td>\n<td colspan=\"2\">Vikt (exklusive batteri)<\/td>\n<\/tr>\n<tr>\n<td>TA32<\/td>\n<td>12\u03bcm 384*288<\/td>\n<td>\u226625mk<\/td>\n<td>19\/25\/35mm<\/td>\n<td>2.7\/3.5\/4.5x<\/td>\n<td>50Hz<\/td>\n<td>13.8\u00ba\/10.6\u00ba<br \/>\n\/7.5\u00ba<\/td>\n<td>145\/153\/159*68*44<\/td>\n<td>1.2\/1.6\/2km<\/td>\n<td colspan=\"2\">288\/300\/328g<\/td>\n<\/tr>\n<tr>\n<td>TA62<\/td>\n<td>12\u03bcm 640*480<\/td>\n<td>\u226625mk<\/td>\n<td>25mm\/35mm<\/td>\n<td>2\/2.8x<\/td>\n<td>30Hz<\/td>\n<td>17.5\u00ba\/12.5\u00ba<\/td>\n<td>153\/158*68*44<\/td>\n<td>1.5\/1.8km<\/td>\n<td colspan=\"2\">300\/328g<\/td>\n<\/tr>\n<tr>\n<td colspan=\"11\">Allm\u00e4nna parametrar<\/td>\n<\/tr>\n<tr>\n<td>Digital zoom<\/td>\n<td>1\/2\/4\/6\/8x<\/td>\n<td colspan=\"2\">Fokuserings<br \/>\nomr\u00e5de<\/td>\n<td>1m-\u221e<\/td>\n<td>Avst\u00e5nd till<br \/>\nutg\u00e5ngspupill<\/td>\n<td>15mm<\/td>\n<td>Dioptri<br \/>\njustering<\/td>\n<td>\u00b15D<\/td>\n<td width=\"73\">Batteri<\/td>\n<td width=\"87\">18650<\/td>\n<\/tr>\n<tr>\n<td>Okular<br \/>\nuppl\u00f6sning<\/td>\n<td>1024*768<br \/>\nOLED<\/td>\n<td colspan=\"2\">Arbetstemperatur\n<\/td>\n<td>&#8211; \u223d 30\u00baC +60\u00baC<\/td>\n<td>\u00d6verf\u00f6rings<br \/>\nl\u00e4ge<\/td>\n<td>WiFi\/HDMI<\/td>\n<td>Skydds<br \/>\nprestanda<\/td>\n<td>IP67<\/td>\n<td>Lagringstyp<\/td>\n<td>TF-kort<br \/>\n(max128G)<\/td>\n<\/tr>\n<tr>\n<td>Bildhastighet<\/td>\n<td>30 fps<\/td>\n<td colspan=\"2\">Batteritid<\/td>\n<td>5H (Max)<\/td>\n<td>Videoformat<\/td>\n<td>AV<\/td>\n<td>Material h\u00f6lje<\/td>\n<td colspan=\"3\">AL6061 + Plast<\/td>\n<\/tr>\n<tr>\n<td>Sp\u00e4nning<\/td>\n<td>3.7V<\/td>\n<td colspan=\"2\">Video<br \/>\nuppl\u00f6sning<\/td>\n<td>1440*1080<\/td>\n<td>Laddningsport<br \/>\ntyp<\/td>\n<td>TYPE-C<\/td>\n<td>Bildl\u00e4ge<\/td>\n<td colspan=\"3\">Vit varm\/R\u00f6dVarm\/SvartVarm<br \/>\n\/kant\/Himmel\/J\u00e4rnVarm<\/td>\n<\/tr>\n<\/tbody>\n<\/table>\n","protected":false},"excerpt":{"rendered":"<p>Handh\u00e5llen termisk monokikare designad f\u00f6r att passa i en hand och enkelt i en normal jackficka. H\u00e5llbar med stabil bildkvalitet med utm\u00e4rkta detekteringsniv\u00e5er och tydligt synliga m\u00e5l. Wi-fi bild\u00f6verf\u00f6ring Prestandaparametrar Modell Detektor NETD Objektiv Optisk f\u00f6rstoring Bildhastighet F\u00e4ltvinkel Total dimension Detektionsavst\u00e5nd Vikt (exklusive batteri) TA32 12\u03bcm 384*288 \u226625mk 19\/25\/35mm 2.7\/3.5\/4.5x 50Hz 13.8\u00ba\/10.6\u00ba \/7.5\u00ba 145\/153\/159*68*44 1.2\/1.6\/2km [&#8230;]\n","protected":false},"featured_media":216167,"comment_status":"open","ping_status":"closed","template":"","meta":[],"product_brand":[],"product_cat":[2765,2529],"product_tag":[],"class_list":{"0":"post-288263","1":"product","2":"type-product","3":"status-publish","4":"has-post-thumbnail","6":"product_cat-fyndlada-slutrea","7":"product_cat-varmebilder","9":"first","10":"outofstock","11":"featured","12":"taxable","13":"shipping-taxable","14":"purchasable","15":"product-type-variable"},"composite_virtual":false,"composite_layout":"","composite_add_to_cart_form_location":"","composite_editable_in_cart":false,"composite_sold_individually_context":"","composite_shop_price_calc":"","composite_components":[],"composite_scenarios":[],"group_of_quantity":0,"min_quantity":0,"max_quantity":"","exclude_order_quantity_value_rules":"no","exclude_category_quantity_rules":"no","combine_variations":"no","exclude_global_add_ons":[],"addons":[],"_links":{"self":[{"href":"https:\/\/www.huntersfriend.eu\/sv\/wp-json\/wp\/v2\/product\/288263","targetHints":{"allow":["GET"]}}],"collection":[{"href":"https:\/\/www.huntersfriend.eu\/sv\/wp-json\/wp\/v2\/product"}],"about":[{"href":"https:\/\/www.huntersfriend.eu\/sv\/wp-json\/wp\/v2\/types\/product"}],"replies":[{"embeddable":true,"href":"https:\/\/www.huntersfriend.eu\/sv\/wp-json\/wp\/v2\/comments?post=288263"}],"wp:featuredmedia":[{"embeddable":true,"href":"https:\/\/www.huntersfriend.eu\/sv\/wp-json\/wp\/v2\/media\/216167"}],"wp:attachment":[{"href":"https:\/\/www.huntersfriend.eu\/sv\/wp-json\/wp\/v2\/media?parent=288263"}],"wp:term":[{"taxonomy":"product_brand","embeddable":true,"href":"https:\/\/www.huntersfriend.eu\/sv\/wp-json\/wp\/v2\/product_brand?post=288263"},{"taxonomy":"product_cat","embeddable":true,"href":"https:\/\/www.huntersfriend.eu\/sv\/wp-json\/wp\/v2\/product_cat?post=288263"},{"taxonomy":"product_tag","embeddable":true,"href":"https:\/\/www.huntersfriend.eu\/sv\/wp-json\/wp\/v2\/product_tag?post=288263"}],"curies":[{"name":"wp","href":"https:\/\/api.w.org\/{rel}","templated":true}]}}