{"id":288262,"date":"2021-10-14T14:20:33","date_gmt":"2021-10-14T12:20:33","guid":{"rendered":"https:\/\/www.huntersfriend.eu\/product\/pard-ta32-19mm-termisk-monokular\/"},"modified":"2025-08-27T11:14:00","modified_gmt":"2025-08-27T09:14:00","slug":"pard-ta32-19mm-termisk-monokular","status":"publish","type":"product","link":"https:\/\/www.huntersfriend.eu\/sv\/produkt\/pard-ta32-19mm-termisk-monokular\/","title":{"rendered":"Pard TA32 19mm termisk monokul\u00e4r"},"content":{"rendered":"<p>TA32 \u00e4r en t\u00e5lig och h\u00f6gkvalitativ handh\u00e5llen termisk kamera. Termisk bildsensor med NETD   &lt;25mK s\u00e4kerst\u00e4ller perfekt detaljigenk\u00e4nning \u00e4ven n\u00e4r milj\u00f6ns termiska kontrast \u00e4r l\u00e5g. De minsta temperaturskillnaderna kommer att vara tydligt synliga under regn, dimma eller kalla morgnar under de sv\u00e5raste f\u00f6rh\u00e5llandena f\u00f6r en termisk kamera. Inbyggd Wi-Fi-modul ger anslutning av TA32 termisk kameraenhet med Android- eller iOS-smartphones eller -surfplattor. Smarttelefonen och den termiska kameran skapar n\u00e5gra unika funktioner som direkt bildstr\u00f6mning, nedladdning och delning av inspelade filer, anv\u00e4ndare kan enkelt dela of\u00f6rgl\u00f6mliga \u00f6gonblick med v\u00e4nner via sina mobila enheter. De 6 olika f\u00e4rgvisningsl\u00e4gena f\u00f6rb\u00e4ttrar visningen under varierande f\u00f6rh\u00e5llanden. L\u00e4get &#8221;White Hot&#8221; anv\u00e4nds ofta bland anv\u00e4ndare, &#8221;Black Hot&#8221; ger den b\u00e4sta observationseffekten vid detektering av vilda djur p\u00e5 natten. &#8221;Red Hot&#8221; hj\u00e4lper till att minska eller f\u00f6rhindra \u00f6verexponering av bakgrundsljus fr\u00e5n okularet. &#8221;Iron Hot&#8221;, &#8221;Edge&#8221; och &#8221;Sky&#8221; ger olika synliga effekter och upplevelser f\u00f6r anv\u00e4ndarna. TA32 \u00e4r utrustad med en kraftfull l\u00e5ngdistansobjektiv kombinerad med en 384&#215;288 och 12um pixel pitch h\u00f6gk\u00e4nslig termisk bildsensor, vilket ger en enast\u00e5ende l\u00e5ngdistansdetekteringsf\u00f6rm\u00e5ga. Ett standardobjekt p\u00e5 1,8 m h\u00f6jd kan detekteras upp till 2000 m bort i en helt m\u00f6rk situation.<\/p>\n<p>Viktiga funktioner:<\/p>\n<table border=\"1\" width=\"999\">\n<tbody>\n<tr>\n<td width=\"63\">Modell<\/td>\n<td width=\"77\">Detektor<\/td>\n<td width=\"61\">NETD<\/td>\n<td width=\"91\">Objektiv<\/td>\n<td width=\"91\">Optisk f\u00f6rstoring<\/td>\n<td width=\"83\">Bildhastighet<\/td>\n<td width=\"81\">F\u00e4ltvinkel<\/td>\n<td width=\"135\">Total dimension<\/td>\n<td width=\"87\">Detektionsavst\u00e5nd<\/td>\n<td colspan=\"2\">Vikt (exklusive batteri)<\/td>\n<\/tr>\n<tr>\n<td>TA32<\/td>\n<td>12\u03bcm 384*288<\/td>\n<td>\u226625mk<\/td>\n<td>19\/25\/35mm<\/td>\n<td>2.7\/3.5\/4.5x<\/td>\n<td>50Hz<\/td>\n<td>13.8\u00ba\/10.6\u00ba<br \/>\n\/7.5\u00ba<\/td>\n<td>145\/153\/159*68*44<\/td>\n<td>1.2\/1.6\/2km<\/td>\n<td colspan=\"2\">288\/300\/328g<\/td>\n<\/tr>\n<\/tbody>\n<\/table>\n<p>&nbsp;<\/p>\n<p>Allm\u00e4nna parametrar:<\/p>\n<table border=\"1\" width=\"999\">\n<tbody>\n<tr>\n<td>Digital zoom<\/td>\n<td>1\/2\/4\/6\/8x<\/td>\n<td colspan=\"2\">Fokuserings<br \/>\nomr\u00e5de<\/td>\n<td>1m-\u221e<\/td>\n<td>Avst\u00e5nd till<br \/>\nutg\u00e5ngspupill<\/td>\n<td>15mm<\/td>\n<td>Dioptri<br \/>\njustering<\/td>\n<td>\u00b15D<\/td>\n<td width=\"73\">Batteri<\/td>\n<td width=\"87\">18650<\/td>\n<\/tr>\n<tr>\n<td>Okular<br \/>\nuppl\u00f6sning<\/td>\n<td>1024*768<br \/>\nOLED<\/td>\n<td colspan=\"2\">Arbetstemperatur\n<\/td>\n<td>&#8211; \u223d 30\u00baC +60\u00baC<\/td>\n<td>\u00d6verf\u00f6rings<br \/>\nl\u00e4ge<\/td>\n<td>WiFi\/HDMI<\/td>\n<td>Skydds<br \/>\nprestanda<\/td>\n<td>IP67<\/td>\n<td>Lagringstyp<\/td>\n<td>TF-kort<br \/>\n(max128G)<\/td>\n<\/tr>\n<tr>\n<td>Bildhastighet<\/td>\n<td>30 fps<\/td>\n<td colspan=\"2\">Batteritid<\/td>\n<td>5H (Max)<\/td>\n<td>Videoformat<\/td>\n<td>AV<\/td>\n<td>Material h\u00f6lje<\/td>\n<td colspan=\"3\">AL6061 + Plast<\/td>\n<\/tr>\n<tr>\n<td>Sp\u00e4nning<\/td>\n<td>3.7V<\/td>\n<td colspan=\"2\">Video<br \/>\nuppl\u00f6sning<\/td>\n<td>1440*1080<\/td>\n<td>Laddningsport<br \/>\ntyp<\/td>\n<td>TYPE-C<\/td>\n<td>Bildl\u00e4ge<\/td>\n<td colspan=\"3\">Vit varm\/R\u00f6dVarm\/svart<\/td>\n<\/tr>\n<\/tbody>\n<\/table>\n","protected":false},"excerpt":{"rendered":"<p>TA32 \u00e4r en t\u00e5lig och h\u00f6gkvalitativ handh\u00e5llen termisk kamera. Termisk bildsensor med NETD &lt;25mK s\u00e4kerst\u00e4ller perfekt detaljigenk\u00e4nning \u00e4ven n\u00e4r milj\u00f6ns termiska kontrast \u00e4r l\u00e5g. De minsta temperaturskillnaderna kommer att vara tydligt synliga under regn, dimma eller kalla morgnar under de sv\u00e5raste f\u00f6rh\u00e5llandena f\u00f6r en termisk kamera. Inbyggd Wi-Fi-modul ger anslutning av TA32 termisk kameraenhet med [&#8230;]\n","protected":false},"featured_media":216149,"comment_status":"open","ping_status":"closed","template":"","meta":[],"product_brand":[],"product_cat":[878],"product_tag":[],"class_list":{"0":"post-288262","1":"product","2":"type-product","3":"status-publish","4":"has-post-thumbnail","6":"product_cat-uncategorized-sv","8":"first","9":"outofstock","10":"sale","11":"featured","12":"taxable","13":"shipping-taxable","14":"purchasable","15":"product-type-simple"},"composite_virtual":false,"composite_layout":"","composite_add_to_cart_form_location":"","composite_editable_in_cart":false,"composite_sold_individually_context":"","composite_shop_price_calc":"","composite_components":[],"composite_scenarios":[],"group_of_quantity":0,"min_quantity":0,"max_quantity":"","exclude_order_quantity_value_rules":"no","exclude_category_quantity_rules":"no","combine_variations":"no","exclude_global_add_ons":[],"addons":[],"_links":{"self":[{"href":"https:\/\/www.huntersfriend.eu\/sv\/wp-json\/wp\/v2\/product\/288262","targetHints":{"allow":["GET"]}}],"collection":[{"href":"https:\/\/www.huntersfriend.eu\/sv\/wp-json\/wp\/v2\/product"}],"about":[{"href":"https:\/\/www.huntersfriend.eu\/sv\/wp-json\/wp\/v2\/types\/product"}],"replies":[{"embeddable":true,"href":"https:\/\/www.huntersfriend.eu\/sv\/wp-json\/wp\/v2\/comments?post=288262"}],"wp:featuredmedia":[{"embeddable":true,"href":"https:\/\/www.huntersfriend.eu\/sv\/wp-json\/wp\/v2\/media\/216149"}],"wp:attachment":[{"href":"https:\/\/www.huntersfriend.eu\/sv\/wp-json\/wp\/v2\/media?parent=288262"}],"wp:term":[{"taxonomy":"product_brand","embeddable":true,"href":"https:\/\/www.huntersfriend.eu\/sv\/wp-json\/wp\/v2\/product_brand?post=288262"},{"taxonomy":"product_cat","embeddable":true,"href":"https:\/\/www.huntersfriend.eu\/sv\/wp-json\/wp\/v2\/product_cat?post=288262"},{"taxonomy":"product_tag","embeddable":true,"href":"https:\/\/www.huntersfriend.eu\/sv\/wp-json\/wp\/v2\/product_tag?post=288262"}],"curies":[{"name":"wp","href":"https:\/\/api.w.org\/{rel}","templated":true}]}}