{"id":288261,"date":"2021-11-15T12:40:35","date_gmt":"2021-11-15T10:40:35","guid":{"rendered":"https:\/\/www.huntersfriend.eu\/product\/armytek-predator-v3-5-pro-magnet-usb-varm\/"},"modified":"2025-08-27T11:13:59","modified_gmt":"2025-08-27T09:13:59","slug":"armytek-predator-v3-5-pro-magnet-usb-varm","status":"publish","type":"product","link":"https:\/\/www.huntersfriend.eu\/sv\/produkt\/armytek-predator-v3-5-pro-magnet-usb-varm\/","title":{"rendered":"Armytek Predator V3.5 Pro magnet USB varm"},"content":{"rendered":"<p>Armytek Predator V3.5 Pro Magnet USB Varm \u00e4r den mest l\u00e5ngkastande taktiska ficklampan fr\u00e5n Armytek, nu med magnetisk laddare.<\/p>\n<p><img decoding=\"async\" class=\"size-medium wp-image-228032 aligncenter\" src=\"https:\/\/www.huntersfriend.eu\/app\/uploads\/2021\/11\/Kuva-600x84.jpg\" alt=\"\" width=\"600\" height=\"84\" srcset=\"https:\/\/www.huntersfriend.eu\/app\/uploads\/2021\/11\/Kuva-600x84.jpg 600w, https:\/\/www.huntersfriend.eu\/app\/uploads\/2021\/11\/Kuva-300x42.jpg 300w, https:\/\/www.huntersfriend.eu\/app\/uploads\/2021\/11\/Kuva-200x28.jpg 200w, https:\/\/www.huntersfriend.eu\/app\/uploads\/2021\/11\/Kuva-190x26.jpg 190w, https:\/\/www.huntersfriend.eu\/app\/uploads\/2021\/11\/Kuva-646x90.jpg 646w, https:\/\/www.huntersfriend.eu\/app\/uploads\/2021\/11\/Kuva.jpg 703w\" sizes=\"(max-width: 600px) 100vw, 600px\" \/><\/p>\n<p>Armytek Predator V3.5 Pro Magnet USB Varm \u00e4r en taktisk modell med smal ljusstr\u00e5le med imponerande kastl\u00e4ngd f\u00f6r specialiserade uppgifter och jakt. Den nya generationens ficklampa har beh\u00e5llit de b\u00e4sta egenskaperna fr\u00e5n den tidigare versionen, samtidigt som den f\u00e5tt en h\u00f6gteknologisk uppdatering. <\/p>\n<p>En tydlig central ljuspunkt med minimalt spillljus g\u00f6r det m\u00f6jligt att belysa objekt p\u00e5 ett avst\u00e5nd upp till 494 meter. Idealisk f\u00f6r anv\u00e4ndning p\u00e5 ett avst\u00e5nd av 100\u2013300 meter. Ficklampan levereras med en snabb magnetisk laddare och ett 18650 Li-Ion 3500 mAh-batteri. Den kan anv\u00e4ndas direkt ur f\u00f6rpackningen och laddas fr\u00e5n valfri USB-str\u00f6mk\u00e4lla: en v\u00e4gg- eller biladapter, samt en powerbank.   <\/p>\n<p>Silikongrepp, tyst taktisk bakknapp, kompatibilitet med alla vapenf\u00e4sten, original fj\u00e4rrbrytare och f\u00e4rgfilter: en genomt\u00e4nkt design garanterar den mest effektiva taktiska anv\u00e4ndningen.<\/p>\n<p>Genomt\u00e4nkt upps\u00e4ttning tillbeh\u00f6r tillg\u00e4ngliga.<\/p>\n<p><strong>Grepp<\/strong><\/p>\n<ul>\n<li>Skades\u00e4kert ergonomiskt silikongrepp f\u00f6r bekv\u00e4mt taktiskt grepp<\/li>\n<\/ul>\n<p><strong>H\u00f6lster<img decoding=\"async\" class=\"size-full wp-image-228034 alignright\" src=\"https:\/\/www.huntersfriend.eu\/app\/uploads\/2021\/11\/Predator_v3.5_Pro-Set-EN.jpg\" alt=\"\" width=\"600\" height=\"400\" srcset=\"https:\/\/www.huntersfriend.eu\/app\/uploads\/2021\/11\/Predator_v3.5_Pro-Set-EN.jpg 600w, https:\/\/www.huntersfriend.eu\/app\/uploads\/2021\/11\/Predator_v3.5_Pro-Set-EN-300x200.jpg 300w, https:\/\/www.huntersfriend.eu\/app\/uploads\/2021\/11\/Predator_v3.5_Pro-Set-EN-200x133.jpg 200w, https:\/\/www.huntersfriend.eu\/app\/uploads\/2021\/11\/Predator_v3.5_Pro-Set-EN-90x60.jpg 90w, https:\/\/www.huntersfriend.eu\/app\/uploads\/2021\/11\/Predator_v3.5_Pro-Set-EN-135x90.jpg 135w\" sizes=\"(max-width: 600px) 100vw, 600px\" \/><\/strong><\/p>\n<ul>\n<li>Kraftigt nylonh\u00f6lster med flera f\u00e4stalternativ: p\u00e5 ett b\u00e4lte av valfri bredd, p\u00e5 ett Molle-f\u00e4ste, p\u00e5 utrustning tack vare en slitstark st\u00e5lring<\/li>\n<\/ul>\n<p><strong>Kl\u00e4mma<\/strong><\/p>\n<ul>\n<li>St\u00e5lkl\u00e4mma med slitstark svart titanbel\u00e4ggning f\u00f6r montering p\u00e5 kl\u00e4der, utrustning eller b\u00e4lte<\/li>\n<\/ul>\n<p><strong>Snodd<\/strong><\/p>\n<ul>\n<li>Justerbar handledsrem tillverkad av kraftig fallsk\u00e4rmslina och st\u00e5lkarbinhake f\u00f6r snabb borttagning och installation p\u00e5 ficklampan<\/li>\n<\/ul>\n<h3>Tekniska data<\/h3>\n<p><strong>Ljus och optik<\/strong><\/p>\n<ul>\n<li>F\u00e4rgtemperatur: Varm<\/li>\n<li>LED: Cree XHP35HI<\/li>\n<li>Optik: Sl\u00e4t reflektor<\/li>\n<li>Ljusfl\u00f6de, lumen: 1400 lm<\/li>\n<li>Ljusl\u00e4ngd, meter: 494 m<\/li>\n<li>Typ av ljusstyrkestabilisering: Full (konstant ljus)<\/li>\n<li>Hotspot:spill: 5\u00b0:40\u00b0<\/li>\n<\/ul>\n<p><strong>L\u00e4gen<\/strong><\/p>\n<ul>\n<li>Antal l\u00e4gen: 6<\/li>\n<li>Drifttid i maximalt l\u00e4ge: 1 h 33 min (650 lm efter 3 min)<\/li>\n<li>Drifttid i minimil\u00e4ge: 32 h<\/li>\n<li>Strobel\u00e4ge: Ja<\/li>\n<\/ul>\n<p><strong>M\u00e5tt och vikt<\/strong><\/p>\n<ul>\n<li>Huvuddiameter: 41 mm<\/li>\n<li>Kroppsdiameter: 25,4 mm<\/li>\n<li>L\u00e4ngd: 160 mm<\/li>\n<li>Vikt (utan batteri): 136 g<\/li>\n<\/ul>\n<p><strong>Kropp<\/strong><\/p>\n<ul>\n<li>Material: Aluminium av flygplansgrad<\/li>\n<li>N\u00f6tningsbest\u00e4ndig finish: Premium typ III h\u00e5rdanodisering 400HV<\/li>\n<li>Vattent\u00e4t och dammt\u00e4t standard: IP68<\/li>\n<li>S\u00e4kert neds\u00e4nkningsdjup: 25 m<\/li>\n<li>S\u00e4ker fallh\u00f6jd: 25 m<\/li>\n<li>Drifttemperaturer: -40..+40 \u00b0C<\/li>\n<\/ul>\n<p><strong>Elektronik<\/strong><\/p>\n<ul>\n<li>Batterikompatibilitet: 1&#215;18650 Li-Ion<\/li>\n<li>M\u00f6jlighet att anv\u00e4nda batterier med PCB: Ja<\/li>\n<li>M\u00f6jlighet att anv\u00e4nda batterier utan PCB: Ja<\/li>\n<li>Skydd mot oavsiktlig p\u00e5slagning: Ja<\/li>\n<li>F\u00e4rgbatteriets statusindikation: Nej<\/li>\n<li>Indikation p\u00e5 l\u00e5g batteriniv\u00e5: Ja<\/li>\n<\/ul>\n","protected":false},"excerpt":{"rendered":"<p>Armytek Predator V3.5 Pro Magnet USB Varm \u00e4r den mest l\u00e5ngkastande taktiska ficklampan fr\u00e5n Armytek, nu med magnetisk laddare. Armytek Predator V3.5 Pro Magnet USB Varm \u00e4r en taktisk modell med smal ljusstr\u00e5le med imponerande kastl\u00e4ngd f\u00f6r specialiserade uppgifter och jakt. Den nya generationens ficklampa har beh\u00e5llit de b\u00e4sta egenskaperna fr\u00e5n den tidigare versionen, samtidigt [&#8230;]\n","protected":false},"featured_media":246919,"comment_status":"open","ping_status":"closed","template":"","meta":[],"product_brand":[],"product_cat":[2525],"product_tag":[],"class_list":{"0":"post-288261","1":"product","2":"type-product","3":"status-publish","4":"has-post-thumbnail","6":"product_cat-jaktlampor","8":"first","9":"instock","10":"taxable","11":"shipping-taxable","12":"purchasable","13":"product-type-simple"},"composite_virtual":false,"composite_layout":"","composite_add_to_cart_form_location":"","composite_editable_in_cart":false,"composite_sold_individually_context":"","composite_shop_price_calc":"","composite_components":[],"composite_scenarios":[],"group_of_quantity":0,"min_quantity":0,"max_quantity":"","exclude_order_quantity_value_rules":"no","exclude_category_quantity_rules":"no","combine_variations":"no","exclude_global_add_ons":[],"addons":[],"_links":{"self":[{"href":"https:\/\/www.huntersfriend.eu\/sv\/wp-json\/wp\/v2\/product\/288261","targetHints":{"allow":["GET"]}}],"collection":[{"href":"https:\/\/www.huntersfriend.eu\/sv\/wp-json\/wp\/v2\/product"}],"about":[{"href":"https:\/\/www.huntersfriend.eu\/sv\/wp-json\/wp\/v2\/types\/product"}],"replies":[{"embeddable":true,"href":"https:\/\/www.huntersfriend.eu\/sv\/wp-json\/wp\/v2\/comments?post=288261"}],"wp:featuredmedia":[{"embeddable":true,"href":"https:\/\/www.huntersfriend.eu\/sv\/wp-json\/wp\/v2\/media\/246919"}],"wp:attachment":[{"href":"https:\/\/www.huntersfriend.eu\/sv\/wp-json\/wp\/v2\/media?parent=288261"}],"wp:term":[{"taxonomy":"product_brand","embeddable":true,"href":"https:\/\/www.huntersfriend.eu\/sv\/wp-json\/wp\/v2\/product_brand?post=288261"},{"taxonomy":"product_cat","embeddable":true,"href":"https:\/\/www.huntersfriend.eu\/sv\/wp-json\/wp\/v2\/product_cat?post=288261"},{"taxonomy":"product_tag","embeddable":true,"href":"https:\/\/www.huntersfriend.eu\/sv\/wp-json\/wp\/v2\/product_tag?post=288261"}],"curies":[{"name":"wp","href":"https:\/\/api.w.org\/{rel}","templated":true}]}}