{"id":288258,"date":"2022-02-07T15:20:25","date_gmt":"2022-02-07T13:20:25","guid":{"rendered":"https:\/\/www.huntersfriend.eu\/product\/livebilder-av-ankommande-ander-under-tidig-sasong\/"},"modified":"2025-08-27T11:13:54","modified_gmt":"2025-08-27T09:13:54","slug":"livebilder-av-ankommande-ander-under-tidig-sasong","status":"publish","type":"product","link":"https:\/\/www.huntersfriend.eu\/sv\/produkt\/livebilder-av-ankommande-ander-under-tidig-sasong\/","title":{"rendered":"Livebilder av ankommande \u00e4nder under tidig s\u00e4song"},"content":{"rendered":"<p>Under den tidiga s\u00e4songen \u00e4r de flesta \u00e4nder inte fullt utvecklade med sina vinterf\u00e4rger. Detta 6-pack inneh\u00e5ller 3 positioner av LIVE Mallards med f\u00e4rgscheman som matchar hur Mallard-drakar ser ut under den tidiga s\u00e4songen. Tillverkad av ett premium EVA-material som ger h\u00e5llbarhet och kombineras med verklighetstrogna f\u00e4rgscheman. Detta hel-drakpaket \u00e4r utformat f\u00f6r att ge dig en realistisk spridning f\u00f6r de tidiga s\u00e4songsjakterna.   <\/p>\n<h2>FUNKTIONER<\/h2>\n<ul>\n<li>Premium EVA-material<\/li>\n<li>Design i ett stycke<\/li>\n<li>Full storlek<\/li>\n<li>6-pack: 2 betande, 2 vilande, 2 uppr\u00e4ttst\u00e5ende<\/li>\n<\/ul>\n<p><strong>Obs: Onlinebest\u00e4llningar \u00e4r begr\u00e4nsade till en l\u00e5da per best\u00e4llning. F\u00f6r st\u00f6rre m\u00e4ngder, v\u00e4nligen kontakta kundtj\u00e4nst direkt f\u00f6r att se om leveranskostnader. <\/strong><\/p>\n","protected":false},"excerpt":{"rendered":"<p><strong>Obs: Onlinebest\u00e4llningar \u00e4r begr\u00e4nsade till en l\u00e5da per best\u00e4llning. F\u00f6r st\u00f6rre m\u00e4ngder, v\u00e4nligen kontakta kundtj\u00e4nst direkt f\u00f6r att se om leveranskostnader <\/strong><\/p>\n","protected":false},"featured_media":235381,"comment_status":"open","ping_status":"closed","template":"","meta":[],"product_brand":[],"product_cat":[2527],"product_tag":[],"class_list":{"0":"post-288258","1":"product","2":"type-product","3":"status-publish","4":"has-post-thumbnail","6":"product_cat-andbeten","7":"product_shipping_class-big-sv","9":"first","10":"instock","11":"sale","12":"taxable","13":"shipping-taxable","14":"purchasable","15":"product-type-simple"},"composite_virtual":false,"composite_layout":"","composite_add_to_cart_form_location":"","composite_editable_in_cart":false,"composite_sold_individually_context":"","composite_shop_price_calc":"","composite_components":[],"composite_scenarios":[],"group_of_quantity":0,"min_quantity":0,"max_quantity":"","exclude_order_quantity_value_rules":"no","exclude_category_quantity_rules":"no","combine_variations":"no","exclude_global_add_ons":[],"addons":[],"_links":{"self":[{"href":"https:\/\/www.huntersfriend.eu\/sv\/wp-json\/wp\/v2\/product\/288258","targetHints":{"allow":["GET"]}}],"collection":[{"href":"https:\/\/www.huntersfriend.eu\/sv\/wp-json\/wp\/v2\/product"}],"about":[{"href":"https:\/\/www.huntersfriend.eu\/sv\/wp-json\/wp\/v2\/types\/product"}],"replies":[{"embeddable":true,"href":"https:\/\/www.huntersfriend.eu\/sv\/wp-json\/wp\/v2\/comments?post=288258"}],"wp:featuredmedia":[{"embeddable":true,"href":"https:\/\/www.huntersfriend.eu\/sv\/wp-json\/wp\/v2\/media\/235381"}],"wp:attachment":[{"href":"https:\/\/www.huntersfriend.eu\/sv\/wp-json\/wp\/v2\/media?parent=288258"}],"wp:term":[{"taxonomy":"product_brand","embeddable":true,"href":"https:\/\/www.huntersfriend.eu\/sv\/wp-json\/wp\/v2\/product_brand?post=288258"},{"taxonomy":"product_cat","embeddable":true,"href":"https:\/\/www.huntersfriend.eu\/sv\/wp-json\/wp\/v2\/product_cat?post=288258"},{"taxonomy":"product_tag","embeddable":true,"href":"https:\/\/www.huntersfriend.eu\/sv\/wp-json\/wp\/v2\/product_tag?post=288258"}],"curies":[{"name":"wp","href":"https:\/\/api.w.org\/{rel}","templated":true}]}}