{"id":288255,"date":"2022-01-04T12:20:16","date_gmt":"2022-01-04T10:20:16","guid":{"rendered":"https:\/\/www.huntersfriend.eu\/product\/burrel-atelkameraskyddsbox\/"},"modified":"2025-08-27T11:13:43","modified_gmt":"2025-08-27T09:13:43","slug":"burrel-atelkameraskyddsbox","status":"publish","type":"product","link":"https:\/\/www.huntersfriend.eu\/sv\/produkt\/burrel-atelkameraskyddsbox\/","title":{"rendered":"Burrel \u00c5telkameraskyddsbox"},"content":{"rendered":"<p>Skydda din Burrel \u00e5telkamera med en s\u00e4kerhetsbox i metall. M\u00f6jligt att anv\u00e4nda med ett extra vajerl\u00e5s. <\/p>\n<p><strong>Kompatibel med f\u00f6ljande kameramodeller:<\/strong><\/p>\n<ul>\n<li>Burrel Edge HD<\/li>\n<li>Burrel S12 HD+SMS III<\/li>\n<li>Burrel Edge HD+4G<\/li>\n<\/ul>\n","protected":false},"excerpt":{"rendered":"<p>Skydda din Burrel \u00e5telkamera med en s\u00e4kerhetsbox i metall. M\u00f6jligt att anv\u00e4nda med ett extra vajerl\u00e5s. Kompatibel med f\u00f6ljande kameramodeller: Burrel Edge HD Burrel S12 HD+SMS III Burrel Edge HD+4G<\/p>\n","protected":false},"featured_media":221047,"comment_status":"open","ping_status":"closed","template":"","meta":[],"product_brand":[],"product_cat":[2573],"product_tag":[],"class_list":{"0":"post-288255","1":"product","2":"type-product","3":"status-publish","4":"has-post-thumbnail","6":"product_cat-tillbehor-for-atelkameror","8":"first","9":"instock","10":"taxable","11":"shipping-taxable","12":"purchasable","13":"product-type-simple"},"composite_virtual":false,"composite_layout":"","composite_add_to_cart_form_location":"","composite_editable_in_cart":false,"composite_sold_individually_context":"","composite_shop_price_calc":"","composite_components":[],"composite_scenarios":[],"group_of_quantity":0,"min_quantity":0,"max_quantity":"","exclude_order_quantity_value_rules":"no","exclude_category_quantity_rules":"no","combine_variations":"no","exclude_global_add_ons":[],"addons":[],"_links":{"self":[{"href":"https:\/\/www.huntersfriend.eu\/sv\/wp-json\/wp\/v2\/product\/288255","targetHints":{"allow":["GET"]}}],"collection":[{"href":"https:\/\/www.huntersfriend.eu\/sv\/wp-json\/wp\/v2\/product"}],"about":[{"href":"https:\/\/www.huntersfriend.eu\/sv\/wp-json\/wp\/v2\/types\/product"}],"replies":[{"embeddable":true,"href":"https:\/\/www.huntersfriend.eu\/sv\/wp-json\/wp\/v2\/comments?post=288255"}],"wp:featuredmedia":[{"embeddable":true,"href":"https:\/\/www.huntersfriend.eu\/sv\/wp-json\/wp\/v2\/media\/221047"}],"wp:attachment":[{"href":"https:\/\/www.huntersfriend.eu\/sv\/wp-json\/wp\/v2\/media?parent=288255"}],"wp:term":[{"taxonomy":"product_brand","embeddable":true,"href":"https:\/\/www.huntersfriend.eu\/sv\/wp-json\/wp\/v2\/product_brand?post=288255"},{"taxonomy":"product_cat","embeddable":true,"href":"https:\/\/www.huntersfriend.eu\/sv\/wp-json\/wp\/v2\/product_cat?post=288255"},{"taxonomy":"product_tag","embeddable":true,"href":"https:\/\/www.huntersfriend.eu\/sv\/wp-json\/wp\/v2\/product_tag?post=288255"}],"curies":[{"name":"wp","href":"https:\/\/api.w.org\/{rel}","templated":true}]}}