{"id":288251,"date":"2021-10-12T11:20:52","date_gmt":"2021-10-12T09:20:52","guid":{"rendered":"https:\/\/www.huntersfriend.eu\/product\/muzzy-trocar-hb-hybrid-expanderbar\/"},"modified":"2025-11-11T15:40:05","modified_gmt":"2025-11-11T13:40:05","slug":"muzzy-trocar-hb-hybrid-expanderbar","status":"publish","type":"product","link":"https:\/\/www.huntersfriend.eu\/sv\/produkt\/muzzy-trocar-hb-hybrid-expanderbar\/","title":{"rendered":"Muzzy Trocar HB hybrid expanderbar"},"content":{"rendered":"<h2><strong>Muzzy Trocar HB<\/strong><\/h2>\n<h3><strong>Funktioner:<\/strong><\/h3>\n<ul>\n<li>4-blad (2 fasta och 2 mekaniska)<\/li>\n<li>Finns i 100<\/li>\n<li>Mejselspets<\/li>\n<li>Hylsa i rostfritt st\u00e5l<\/li>\n<li>0,035&#8243; tjocka blad<\/li>\n<li>1 &#8221; fast blads sk\u00e4rdiameter<\/li>\n<li>1 5\/8&#8243; expanderbar sk\u00e4rdiameter<\/li>\n<li>2 5\/8&#8243; total sk\u00e4rdiameter<\/li>\n<li>F\u00f6rskjutna fasta blad f\u00f6r att inducera rotation<\/li>\n<li>3 per f\u00f6rpackning<\/li>\n<\/ul>\n<p><strong>Trocar HB och HBX<\/strong> har b\u00e5da 0,035-tums tjocka, kirurgiskt skarpa mekaniska blad i rostfritt st\u00e5l som h\u00e5lls t\u00e4tt intill hylsan i massivt st\u00e5l under flygning, men de f\u00e4lls ut p\u00e5 ett tillf\u00f6rlitligt s\u00e4tt med en 1 5\/8\u201d expanderbar sk\u00e4rdiameter. De fasta bladen \u00e4r ocks\u00e5 0,035 tum tjocka och har en sk\u00e4rdiameter p\u00e5 1\u201d. De har en f\u00f6rskjutning f\u00f6r \u00f6kad noggrannhet och stabilitet. Den totala sk\u00e4rdiametern f\u00f6r HB och HBX \u00e4r 2 5\/8\u201d. Trocar HB och HBX har en benkrossande mejselspets.    <\/p>\n","protected":false},"excerpt":{"rendered":"<p>3-pack, 4-blad 100 gr<\/p>\n","protected":false},"featured_media":220160,"comment_status":"open","ping_status":"closed","template":"","meta":[],"product_brand":[],"product_cat":[878],"product_tag":[],"class_list":{"0":"post-288251","1":"product","2":"type-product","3":"status-publish","4":"has-post-thumbnail","6":"product_cat-uncategorized-sv","8":"first","9":"outofstock","10":"taxable","11":"shipping-taxable","12":"purchasable","13":"product-type-simple"},"composite_virtual":false,"composite_layout":"","composite_add_to_cart_form_location":"","composite_editable_in_cart":false,"composite_sold_individually_context":"","composite_shop_price_calc":"","composite_components":[],"composite_scenarios":[],"group_of_quantity":0,"min_quantity":0,"max_quantity":"","exclude_order_quantity_value_rules":"no","exclude_category_quantity_rules":"no","combine_variations":"no","exclude_global_add_ons":[],"addons":[],"_links":{"self":[{"href":"https:\/\/www.huntersfriend.eu\/sv\/wp-json\/wp\/v2\/product\/288251","targetHints":{"allow":["GET"]}}],"collection":[{"href":"https:\/\/www.huntersfriend.eu\/sv\/wp-json\/wp\/v2\/product"}],"about":[{"href":"https:\/\/www.huntersfriend.eu\/sv\/wp-json\/wp\/v2\/types\/product"}],"replies":[{"embeddable":true,"href":"https:\/\/www.huntersfriend.eu\/sv\/wp-json\/wp\/v2\/comments?post=288251"}],"wp:featuredmedia":[{"embeddable":true,"href":"https:\/\/www.huntersfriend.eu\/sv\/wp-json\/wp\/v2\/media\/220160"}],"wp:attachment":[{"href":"https:\/\/www.huntersfriend.eu\/sv\/wp-json\/wp\/v2\/media?parent=288251"}],"wp:term":[{"taxonomy":"product_brand","embeddable":true,"href":"https:\/\/www.huntersfriend.eu\/sv\/wp-json\/wp\/v2\/product_brand?post=288251"},{"taxonomy":"product_cat","embeddable":true,"href":"https:\/\/www.huntersfriend.eu\/sv\/wp-json\/wp\/v2\/product_cat?post=288251"},{"taxonomy":"product_tag","embeddable":true,"href":"https:\/\/www.huntersfriend.eu\/sv\/wp-json\/wp\/v2\/product_tag?post=288251"}],"curies":[{"name":"wp","href":"https:\/\/api.w.org\/{rel}","templated":true}]}}