{"id":288250,"date":"2021-10-12T11:20:51","date_gmt":"2021-10-12T09:20:51","guid":{"rendered":"https:\/\/www.huntersfriend.eu\/product\/muzzy-trocar-offset\/"},"modified":"2026-03-18T14:26:05","modified_gmt":"2026-03-18T12:26:05","slug":"muzzy-trocar-offset","status":"publish","type":"product","link":"https:\/\/www.huntersfriend.eu\/sv\/produkt\/muzzy-trocar-offset\/","title":{"rendered":"Muzzy trocar offset"},"content":{"rendered":"<h2><strong>Muzzy trocar 3-blads jaktspets<\/strong><\/h2>\n<h3><strong>Funktioner:<\/strong><\/h3>\n<ul>\n<li>3-blads jaktspets<\/li>\n<li>Finns i 100 grain<\/li>\n<li>Trocar-spets<\/li>\n<li>Solid hylsa i rostfritt st\u00e5l<\/li>\n<li>.035&#8243; tjocka h\u00f6ger spiral SS-blad<\/li>\n<li>1 3\/16\u201d sk\u00e4rdiameter<\/li>\n<li>3 per f\u00f6rpackning<\/li>\n<\/ul>\n<p><strong>Muzzy Trocar Broadheads<\/strong> har en solid hylsa i ett stycke av rostfritt st\u00e5l och en h\u00f6ger offset-bladdesign f\u00f6r exceptionell jaktspetsflygning och konsistens med h\u00f6ger offset, h\u00f6ger spiral eller rak fj\u00e4der, vilket resulterar i \u00f6kad noggrannhet p\u00e5 l\u00e4ngre avst\u00e5nd. Trocar-spetsen \u00e4r k\u00e4nd f\u00f6r benbrytande penetration, och den superkorta kompakta designen f\u00f6r exakt flygning och utm\u00e4rkta in- och utg\u00e5ngsh\u00e5l f\u00f6r \u00f6kad blodf\u00f6rlust och st\u00f6rre blodsp\u00e5r. <\/p>\n","protected":false},"excerpt":{"rendered":"<p>3-pack, 3 blad 100 gr<\/p>\n","protected":false},"featured_media":220157,"comment_status":"open","ping_status":"closed","template":"","meta":[],"product_brand":[],"product_cat":[878],"product_tag":[],"class_list":{"0":"post-288250","1":"product","2":"type-product","3":"status-publish","4":"has-post-thumbnail","6":"product_cat-uncategorized-sv","8":"first","9":"outofstock","10":"taxable","11":"shipping-taxable","12":"purchasable","13":"product-type-simple"},"composite_virtual":false,"composite_layout":"","composite_add_to_cart_form_location":"","composite_editable_in_cart":false,"composite_sold_individually_context":"","composite_shop_price_calc":"","composite_components":[],"composite_scenarios":[],"group_of_quantity":0,"min_quantity":0,"max_quantity":"","exclude_order_quantity_value_rules":"no","exclude_category_quantity_rules":"no","combine_variations":"no","exclude_global_add_ons":[],"addons":[],"_links":{"self":[{"href":"https:\/\/www.huntersfriend.eu\/sv\/wp-json\/wp\/v2\/product\/288250","targetHints":{"allow":["GET"]}}],"collection":[{"href":"https:\/\/www.huntersfriend.eu\/sv\/wp-json\/wp\/v2\/product"}],"about":[{"href":"https:\/\/www.huntersfriend.eu\/sv\/wp-json\/wp\/v2\/types\/product"}],"replies":[{"embeddable":true,"href":"https:\/\/www.huntersfriend.eu\/sv\/wp-json\/wp\/v2\/comments?post=288250"}],"wp:featuredmedia":[{"embeddable":true,"href":"https:\/\/www.huntersfriend.eu\/sv\/wp-json\/wp\/v2\/media\/220157"}],"wp:attachment":[{"href":"https:\/\/www.huntersfriend.eu\/sv\/wp-json\/wp\/v2\/media?parent=288250"}],"wp:term":[{"taxonomy":"product_brand","embeddable":true,"href":"https:\/\/www.huntersfriend.eu\/sv\/wp-json\/wp\/v2\/product_brand?post=288250"},{"taxonomy":"product_cat","embeddable":true,"href":"https:\/\/www.huntersfriend.eu\/sv\/wp-json\/wp\/v2\/product_cat?post=288250"},{"taxonomy":"product_tag","embeddable":true,"href":"https:\/\/www.huntersfriend.eu\/sv\/wp-json\/wp\/v2\/product_tag?post=288250"}],"curies":[{"name":"wp","href":"https:\/\/api.w.org\/{rel}","templated":true}]}}