{"id":288245,"date":"2021-10-20T14:20:19","date_gmt":"2021-10-20T12:20:19","guid":{"rendered":"https:\/\/www.huntersfriend.eu\/product\/g5-megameat-jaktspets\/"},"modified":"2026-03-18T22:00:55","modified_gmt":"2026-03-18T20:00:55","slug":"g5-megameat-jaktspets","status":"publish","type":"product","link":"https:\/\/www.huntersfriend.eu\/sv\/produkt\/g5-megameat-jaktspets\/","title":{"rendered":"G5 Megameat jaktspets"},"content":{"rendered":"<p>Med 3 blad och en enorm sk\u00e4rdiameter p\u00e5 2 tum, g\u00f6r G5 Megameat Mechanical Broadhead mer \u00e4n tillr\u00e4ckligt med skada, och det betyder korta blodsp\u00e5r med enklare \u00e5terh\u00e4mtningar f\u00f6r dig! En l\u00e4ttanv\u00e4nd sn\u00e4ppl\u00e5skrage h\u00e5ller bladen s\u00e4kra under flygning f\u00f6r f\u00e4ltpunktsnoggrannhet samtidigt som de \u00f6ppnas f\u00f6r att leverera en massiv 2&#8243; sk\u00e4rdiameter vid tr\u00e4ff. Mejselspetsen f\u00f6rb\u00e4ttrar G5 Megameat Mechanical Broadheads f\u00f6rm\u00e5ga att bryta igenom ben. <\/p>\n<ul>\n<li>Enorm 2&#8243; sk\u00e4rdiameter<\/li>\n<li>Sn\u00e4ppl\u00e5skrage h\u00e5ller bladen s\u00e4kra under flygning<\/li>\n<li>Superskarpa blad \u00f6ppnas tillf\u00f6rlitligt vid tr\u00e4ff<\/li>\n<li>Blad och krage \u00e4r utbytbara<\/li>\n<\/ul>\n","protected":false},"excerpt":{"rendered":"<p>3-pack<\/p>\n","protected":false},"featured_media":216327,"comment_status":"open","ping_status":"closed","template":"","meta":[],"product_brand":[],"product_cat":[2647],"product_tag":[],"class_list":{"0":"post-288245","1":"product","2":"type-product","3":"status-publish","4":"has-post-thumbnail","6":"product_cat-broadheads-jakt","8":"first","9":"outofstock","10":"taxable","11":"shipping-taxable","12":"purchasable","13":"product-type-variable"},"composite_virtual":false,"composite_layout":"","composite_add_to_cart_form_location":"","composite_editable_in_cart":false,"composite_sold_individually_context":"","composite_shop_price_calc":"","composite_components":[],"composite_scenarios":[],"group_of_quantity":0,"min_quantity":0,"max_quantity":"","exclude_order_quantity_value_rules":"no","exclude_category_quantity_rules":"no","combine_variations":"no","exclude_global_add_ons":[],"addons":[],"_links":{"self":[{"href":"https:\/\/www.huntersfriend.eu\/sv\/wp-json\/wp\/v2\/product\/288245","targetHints":{"allow":["GET"]}}],"collection":[{"href":"https:\/\/www.huntersfriend.eu\/sv\/wp-json\/wp\/v2\/product"}],"about":[{"href":"https:\/\/www.huntersfriend.eu\/sv\/wp-json\/wp\/v2\/types\/product"}],"replies":[{"embeddable":true,"href":"https:\/\/www.huntersfriend.eu\/sv\/wp-json\/wp\/v2\/comments?post=288245"}],"wp:featuredmedia":[{"embeddable":true,"href":"https:\/\/www.huntersfriend.eu\/sv\/wp-json\/wp\/v2\/media\/216327"}],"wp:attachment":[{"href":"https:\/\/www.huntersfriend.eu\/sv\/wp-json\/wp\/v2\/media?parent=288245"}],"wp:term":[{"taxonomy":"product_brand","embeddable":true,"href":"https:\/\/www.huntersfriend.eu\/sv\/wp-json\/wp\/v2\/product_brand?post=288245"},{"taxonomy":"product_cat","embeddable":true,"href":"https:\/\/www.huntersfriend.eu\/sv\/wp-json\/wp\/v2\/product_cat?post=288245"},{"taxonomy":"product_tag","embeddable":true,"href":"https:\/\/www.huntersfriend.eu\/sv\/wp-json\/wp\/v2\/product_tag?post=288245"}],"curies":[{"name":"wp","href":"https:\/\/api.w.org\/{rel}","templated":true}]}}