{"id":288244,"date":"2021-10-20T14:20:17","date_gmt":"2021-10-20T12:20:17","guid":{"rendered":"https:\/\/www.huntersfriend.eu\/product\/maximal-fangstjudo-for-smavilt\/"},"modified":"2025-08-27T11:13:14","modified_gmt":"2025-08-27T09:13:14","slug":"maximal-fangstjudo-for-smavilt","status":"publish","type":"product","link":"https:\/\/www.huntersfriend.eu\/sv\/produkt\/maximal-fangstjudo-for-smavilt\/","title":{"rendered":"Maximal f\u00e5ngstjudo f\u00f6r sm\u00e5vilt"},"content":{"rendered":"<p>Trubbig fj\u00e4derbelastad jaktspets f\u00f6r sm\u00e5vilt.<\/p>\n<ol>\n<li>Vikt: 100gr<\/li>\n<li>Har fj\u00e4derbelastade armar<\/li>\n<li>Sex spetsar per f\u00f6rpackning<\/li>\n<li>Perfekt f\u00f6r sm\u00e5viltsjakt<\/li>\n<\/ol>\n","protected":false},"excerpt":{"rendered":"<p>6-pack 100 grain<\/p>\n","protected":false},"featured_media":220857,"comment_status":"open","ping_status":"closed","template":"","meta":[],"product_brand":[],"product_cat":[2882],"product_tag":[],"class_list":{"0":"post-288244","1":"product","2":"type-product","3":"status-publish","4":"has-post-thumbnail","6":"product_cat-smavilt-jakt","8":"first","9":"instock","10":"taxable","11":"shipping-taxable","12":"purchasable","13":"product-type-simple"},"composite_virtual":false,"composite_layout":"","composite_add_to_cart_form_location":"","composite_editable_in_cart":false,"composite_sold_individually_context":"","composite_shop_price_calc":"","composite_components":[],"composite_scenarios":[],"group_of_quantity":0,"min_quantity":0,"max_quantity":"","exclude_order_quantity_value_rules":"no","exclude_category_quantity_rules":"no","combine_variations":"no","exclude_global_add_ons":[],"addons":[],"_links":{"self":[{"href":"https:\/\/www.huntersfriend.eu\/sv\/wp-json\/wp\/v2\/product\/288244","targetHints":{"allow":["GET"]}}],"collection":[{"href":"https:\/\/www.huntersfriend.eu\/sv\/wp-json\/wp\/v2\/product"}],"about":[{"href":"https:\/\/www.huntersfriend.eu\/sv\/wp-json\/wp\/v2\/types\/product"}],"replies":[{"embeddable":true,"href":"https:\/\/www.huntersfriend.eu\/sv\/wp-json\/wp\/v2\/comments?post=288244"}],"wp:featuredmedia":[{"embeddable":true,"href":"https:\/\/www.huntersfriend.eu\/sv\/wp-json\/wp\/v2\/media\/220857"}],"wp:attachment":[{"href":"https:\/\/www.huntersfriend.eu\/sv\/wp-json\/wp\/v2\/media?parent=288244"}],"wp:term":[{"taxonomy":"product_brand","embeddable":true,"href":"https:\/\/www.huntersfriend.eu\/sv\/wp-json\/wp\/v2\/product_brand?post=288244"},{"taxonomy":"product_cat","embeddable":true,"href":"https:\/\/www.huntersfriend.eu\/sv\/wp-json\/wp\/v2\/product_cat?post=288244"},{"taxonomy":"product_tag","embeddable":true,"href":"https:\/\/www.huntersfriend.eu\/sv\/wp-json\/wp\/v2\/product_tag?post=288244"}],"curies":[{"name":"wp","href":"https:\/\/api.w.org\/{rel}","templated":true}]}}