{"id":288240,"date":"2021-11-08T12:22:45","date_gmt":"2021-11-08T10:22:45","guid":{"rendered":"https:\/\/www.huntersfriend.eu\/product\/lumenok-utbytesbatteri-rb\/"},"modified":"2025-08-27T11:13:07","modified_gmt":"2025-08-27T09:13:07","slug":"lumenok-utbytesbatteri-rb","status":"publish","type":"product","link":"https:\/\/www.huntersfriend.eu\/sv\/produkt\/lumenok-utbytesbatteri-rb\/","title":{"rendered":"Lumenok utbytesbatteri RB"},"content":{"rendered":"<p class=\"font_9\">RB Lumenok utbytesbatterier kan anv\u00e4ndas f\u00f6r att ge ny kraft till dina Lumenoks. De kan anv\u00e4ndas i f\u00f6ljande Lumenok-modeller: Lumenok Signature, Lumenok GT, Lumenok H och Lumenok X (tillverkade f\u00f6re 2019). Nya Lumenok X anv\u00e4nder RBS.  <\/p>\n<p class=\"font_9\">\nFunktioner<\/p>\n<p>Lumenok RB \u00e4r ett 2-pack BR-435 utbytesbatterier f\u00f6r dina Lumenoks.<br \/>\nVarje batteri v\u00e4ger 12 grains.<\/p>\n","protected":false},"excerpt":{"rendered":"<p>Passar alla Lumenoks f\u00f6rutom New Lumenok X \u2013 2-pack<\/p>\n","protected":false},"featured_media":220178,"comment_status":"open","ping_status":"closed","template":"","meta":[],"product_brand":[],"product_cat":[2880],"product_tag":[],"class_list":{"0":"post-288240","1":"product","2":"type-product","3":"status-publish","4":"has-post-thumbnail","6":"product_cat-nockar-och-insatser","8":"first","9":"instock","10":"taxable","11":"shipping-taxable","12":"purchasable","13":"product-type-simple"},"composite_virtual":false,"composite_layout":"","composite_add_to_cart_form_location":"","composite_editable_in_cart":false,"composite_sold_individually_context":"","composite_shop_price_calc":"","composite_components":[],"composite_scenarios":[],"group_of_quantity":0,"min_quantity":0,"max_quantity":"","exclude_order_quantity_value_rules":"no","exclude_category_quantity_rules":"no","combine_variations":"no","exclude_global_add_ons":[],"addons":[],"_links":{"self":[{"href":"https:\/\/www.huntersfriend.eu\/sv\/wp-json\/wp\/v2\/product\/288240","targetHints":{"allow":["GET"]}}],"collection":[{"href":"https:\/\/www.huntersfriend.eu\/sv\/wp-json\/wp\/v2\/product"}],"about":[{"href":"https:\/\/www.huntersfriend.eu\/sv\/wp-json\/wp\/v2\/types\/product"}],"replies":[{"embeddable":true,"href":"https:\/\/www.huntersfriend.eu\/sv\/wp-json\/wp\/v2\/comments?post=288240"}],"wp:featuredmedia":[{"embeddable":true,"href":"https:\/\/www.huntersfriend.eu\/sv\/wp-json\/wp\/v2\/media\/220178"}],"wp:attachment":[{"href":"https:\/\/www.huntersfriend.eu\/sv\/wp-json\/wp\/v2\/media?parent=288240"}],"wp:term":[{"taxonomy":"product_brand","embeddable":true,"href":"https:\/\/www.huntersfriend.eu\/sv\/wp-json\/wp\/v2\/product_brand?post=288240"},{"taxonomy":"product_cat","embeddable":true,"href":"https:\/\/www.huntersfriend.eu\/sv\/wp-json\/wp\/v2\/product_cat?post=288240"},{"taxonomy":"product_tag","embeddable":true,"href":"https:\/\/www.huntersfriend.eu\/sv\/wp-json\/wp\/v2\/product_tag?post=288240"}],"curies":[{"name":"wp","href":"https:\/\/api.w.org\/{rel}","templated":true}]}}