{"id":288239,"date":"2021-12-21T15:20:11","date_gmt":"2021-12-21T13:20:11","guid":{"rendered":"https:\/\/www.huntersfriend.eu\/product\/garmin-xero-a1i-pro\/"},"modified":"2026-03-31T07:30:27","modified_gmt":"2026-03-31T05:30:27","slug":"garmin-xero-a1i-pro","status":"publish","type":"product","link":"https:\/\/www.huntersfriend.eu\/sv\/produkt\/garmin-xero-a1i-pro\/","title":{"rendered":"Garmin xero A1i pro"},"content":{"rendered":"<p id=\"js__product__info__variation\" class=\"app__product__info__subtitle\"><span style=\"font-size: 100%;\">Automatiskt avst\u00e5ndsinst\u00e4llande digitalt sikte med tv\u00e5f\u00e4rgade LED-stift och mikrojusterbara skenor. Du beh\u00f6ver inte gissa avst\u00e5ndet till m\u00e5let. Det h\u00e4r siktet ber\u00e4knar det automatiskt. St\u00e4ll in dubbla stiftf\u00e4rger s\u00e5 att du snabbt hittar r\u00e4tt avst\u00e5nd. Finjustera snabbt siktet f\u00f6r den enklaste installationen hittills. Skapar automatiskt en stiftstapel till det uppskattade maximala avst\u00e5ndet f\u00f6r din pilb\u00e5ge baserat p\u00e5 pilhastighet, dragl\u00e4ngd och pildiameter. L\u00e4tt att s\u00e4tta p\u00e5, l\u00e4tt att ta av. Om du reser med din pilb\u00e5ge kommer du att \u00e4lska funktionen f\u00f6r snabb borttagning. Ett \u00e5rs batteritid inneb\u00e4r mer tid f\u00f6r jakt och mer sj\u00e4lvf\u00f6rtroende i ditt skott.        <\/span><\/p>\n<p>Viktiga funktioner:<\/p>\n<ul>\n<li>\n<p class=\"app__feature__card__title light left\" data-test=\"gc__heading\">ANPASSNINGSBARA PILPROFILER Xero A1i PRO sparar stiftinst\u00e4llningar f\u00f6r flera pilkonfigurationer, s\u00e5 att du kan byta fr\u00e5n din tr\u00e4ningsinst\u00e4llning till din jaktinst\u00e4llning p\u00e5 n\u00e5gra sekunder.<\/p>\n<\/li>\n<li>\n<p class=\"app__feature__card__title light left\" data-test=\"gc__heading\">MIKROJUSTERINGAR Mikrojusterbara skenor g\u00f6r att du kan g\u00f6ra snabba, exakta \u00e4ndringar f\u00f6r h\u00f6jd, vindavdrift och laserriktmedelsjustering.<\/p>\n<\/li>\n<li>\n<p class=\"app__feature__card__title light left\" data-test=\"gc__heading\">LASER LOCATE\u2122-FUNKTION V\u00e5r waypoint-projektionsfunktion paras ihop med en kompatibel Garmin GPS-enhet (s\u00e4ljs separat) f\u00f6r att visa m\u00e5lets exakta plats n\u00e4r skottet eller avst\u00e5ndet togs.<\/p>\n<\/li>\n<li>\n<p class=\"app__feature__card__title light left\" data-test=\"gc__heading\">AUTOMATISK STIFTSTAPEL Kalibrera din 20-yards stift, ange din pilb\u00e5gshastighet, dragl\u00e4ngd och pildiameter s\u00e5 skapar Xero A1i PRO automatiskt en stiftstapel till din pilb\u00e5ges uppskattade maximala avst\u00e5nd.<\/p>\n<\/li>\n<li>\n<p class=\"app__feature__card__title light left\" data-test=\"gc__heading\">SNABBFRIG\u00d6RINGSFUNKTION Ta enkelt bort pilb\u00e5gssiktet f\u00f6r resor och s\u00e4tt sedan tillbaka det i sitt ursprungliga l\u00e4ge p\u00e5 n\u00e5gra sekunder n\u00e4r du \u00e4r redo att anv\u00e4nda det.<\/p>\n<\/li>\n<li>\n<p class=\"app__feature__card__title light left\" data-test=\"gc__heading\">TV\u00c5F\u00c4RGADE LED-STIFT Identifiera enkelt f\u00f6rinst\u00e4llda avst\u00e5nd genom att anv\u00e4nda alternerande stiftf\u00e4rger f\u00f6r fasta stift.<\/p>\n<\/li>\n<li>\n<p class=\"app__feature__card__title light left\" data-test=\"gc__heading\">LASERAVST\u00c5NDSM\u00c4TARE F\u00e5 omedelbart vinkelkompenserat avst\u00e5nd till vilt upp till 100 yards bort eller reflekterande m\u00e5l upp till 300 yards bort<\/p>\n<\/li>\n<li>\n<p class=\"app__feature__card__title light left\" data-test=\"gc__heading\">DYNAMISK NIV\u00c5 Se nivelleringsinformation direkt bredvid stiftet med variabel k\u00e4nslighet baserat p\u00e5 skottavst\u00e5nd, s\u00e5 du beh\u00f6ver inte flytta fokus f\u00f6r att se om ditt skott \u00e4r i niv\u00e5.<\/p>\n<\/li>\n<li>\n<p class=\"app__feature__card__title light left\" data-test=\"gc__heading\">FLYGSPETS Se en blinkande stift ovanf\u00f6r siktpunkten som visar den uppskattade spetsen av din pils flygbana.<\/p>\n<\/li>\n<li>\n<p class=\"app__feature__card__title light left\" data-test=\"gc__heading\">XTRA DISTANCE-L\u00c4GE I det h\u00e4r l\u00e4get kan du st\u00e4lla in ditt sikte i ett ut\u00f6kat l\u00e4ge f\u00f6r att visa stift ut till l\u00e4ngre avst\u00e5nd.<\/p>\n<\/li>\n<li>\n<p class=\"app__feature__card__title light left\" data-test=\"gc__heading\">LJUDL\u00d6S AVTRYCKARE Montera knappen p\u00e5 det mest bekv\u00e4ma st\u00e4llet f\u00f6r ditt grepp. Med minimal r\u00f6relse, i vila eller fullt drag, kan du m\u00e4ta upp till 100 yards p\u00e5 vilt eller upp till 300 yards p\u00e5 reflekterande m\u00e5l. <\/p>\n<\/li>\n<\/ul>\n<p>&nbsp;<\/p>\n<table>\n<tbody>\n<tr>\n<th scope=\"row\">FYSISKA M\u00c5TT<\/th>\n<td>9,2\u201d x 5,0\u201d x 3,7\u201d (233,8 x 127,2 x 94,7 mm) (inkluderar enhet och f\u00e4ste)<\/td>\n<\/tr>\n<tr>\n<th scope=\"row\">DISPLAYSTORLEK<\/th>\n<td>1,00&#8243;B x 0,42&#8243;H (2,5 x 1,1 cm); 2,0&#8243; diagonal (5,0 cm)<\/td>\n<\/tr>\n<tr>\n<th scope=\"row\">DISPLAYUPPL\u00d6SNING<\/th>\n<td>160 x 68 pixlar<\/td>\n<\/tr>\n<tr>\n<th scope=\"row\">DISPLAYTYP<\/th>\n<td>synlig i solljus, transflektiv memory-in-pixel (MIP)<\/td>\n<\/tr>\n<tr>\n<th scope=\"row\">VIKT<\/th>\n<td>18,0 oz (510,3 g) (inkluderar enhet och f\u00e4ste)<\/td>\n<\/tr>\n<tr>\n<th scope=\"row\">BATTERITYP<\/th>\n<td>2 litium AAA (ing\u00e5r)<\/td>\n<\/tr>\n<tr>\n<th scope=\"row\">BATTERITID<\/th>\n<td>Upp till 1 \u00e5r<\/td>\n<\/tr>\n<tr>\n<th scope=\"row\"><a href=\"http:\/\/www.garmin.com\/waterrating\" target=\"_blank\" rel=\"noopener\">VATTENT\u00c4THET<\/a><\/th>\n<td>IPX7<\/td>\n<\/tr>\n<\/tbody>\n<\/table>\n<p>&nbsp;<\/p>\n<p>I l\u00e5dan:<\/p>\n<ul>\n<li>Xero A1i PRO pilb\u00e5gssikte (h\u00f6ger- eller v\u00e4nsterh\u00e4nt beroende p\u00e5 vald version)<\/li>\n<li>F\u00e4ste (Hoyt-versionen inkluderar picatinny-f\u00e4ste)<\/li>\n<li>Skyddsv\u00e4ska<\/li>\n<li>2 AAA litiumbatterier<\/li>\n<li>3 Allen-sexkantnycklar<\/li>\n<li>2 skruvar<\/li>\n<li>Griptejp<\/li>\n<li>microUSB-kabel<\/li>\n<li>Dokumentation<\/li>\n<\/ul>\n","protected":false},"excerpt":{"rendered":"<p>Automatiskt avst\u00e5ndsinst\u00e4llande digitalt sikte med tv\u00e5f\u00e4rgade LED-stift och mikrojusterbara skenor. Du beh\u00f6ver inte gissa avst\u00e5ndet till m\u00e5let. Det h\u00e4r siktet ber\u00e4knar det automatiskt. St\u00e4ll in dubbla stiftf\u00e4rger s\u00e5 att du snabbt hittar r\u00e4tt avst\u00e5nd. Finjustera snabbt siktet f\u00f6r den enklaste installationen hittills. Skapar automatiskt en stiftstapel till det uppskattade maximala avst\u00e5ndet f\u00f6r din pilb\u00e5ge baserat [&#8230;]\n","protected":false},"featured_media":246887,"comment_status":"open","ping_status":"closed","template":"","meta":[],"product_brand":[],"product_cat":[878],"product_tag":[],"class_list":{"0":"post-288239","1":"product","2":"type-product","3":"status-publish","4":"has-post-thumbnail","6":"product_cat-uncategorized-sv","8":"first","9":"outofstock","10":"taxable","11":"shipping-taxable","12":"purchasable","13":"product-type-variable"},"composite_virtual":false,"composite_layout":"","composite_add_to_cart_form_location":"","composite_editable_in_cart":false,"composite_sold_individually_context":"","composite_shop_price_calc":"","composite_components":[],"composite_scenarios":[],"group_of_quantity":0,"min_quantity":0,"max_quantity":"","exclude_order_quantity_value_rules":"no","exclude_category_quantity_rules":"no","combine_variations":"no","exclude_global_add_ons":[],"addons":[],"_links":{"self":[{"href":"https:\/\/www.huntersfriend.eu\/sv\/wp-json\/wp\/v2\/product\/288239","targetHints":{"allow":["GET"]}}],"collection":[{"href":"https:\/\/www.huntersfriend.eu\/sv\/wp-json\/wp\/v2\/product"}],"about":[{"href":"https:\/\/www.huntersfriend.eu\/sv\/wp-json\/wp\/v2\/types\/product"}],"replies":[{"embeddable":true,"href":"https:\/\/www.huntersfriend.eu\/sv\/wp-json\/wp\/v2\/comments?post=288239"}],"wp:featuredmedia":[{"embeddable":true,"href":"https:\/\/www.huntersfriend.eu\/sv\/wp-json\/wp\/v2\/media\/246887"}],"wp:attachment":[{"href":"https:\/\/www.huntersfriend.eu\/sv\/wp-json\/wp\/v2\/media?parent=288239"}],"wp:term":[{"taxonomy":"product_brand","embeddable":true,"href":"https:\/\/www.huntersfriend.eu\/sv\/wp-json\/wp\/v2\/product_brand?post=288239"},{"taxonomy":"product_cat","embeddable":true,"href":"https:\/\/www.huntersfriend.eu\/sv\/wp-json\/wp\/v2\/product_cat?post=288239"},{"taxonomy":"product_tag","embeddable":true,"href":"https:\/\/www.huntersfriend.eu\/sv\/wp-json\/wp\/v2\/product_tag?post=288239"}],"curies":[{"name":"wp","href":"https:\/\/api.w.org\/{rel}","templated":true}]}}