{"id":288238,"date":"2021-11-01T12:21:07","date_gmt":"2021-11-01T10:21:07","guid":{"rendered":"https:\/\/www.huntersfriend.eu\/product\/sitka-stratus-ws-mossa-optifade-elevated-ii\/"},"modified":"2025-09-18T14:08:49","modified_gmt":"2025-09-18T12:08:49","slug":"sitka-stratus-ws-mossa-optifade-elevated-ii","status":"publish","type":"product","link":"https:\/\/www.huntersfriend.eu\/sv\/produkt\/sitka-stratus-ws-mossa-optifade-elevated-ii\/","title":{"rendered":"SITKA Stratus WS-m\u00f6ssa (Optifade Elevated II)"},"content":{"rendered":"<p>Stratus-m\u00f6ssan \u00e4r den mest m\u00e5ngsidiga ytterbekl\u00e4dnaden f\u00f6r j\u00e4gare av vitsvanshjortar, med mikro-fleece GORE-TEX INFINIUM\u2122 WINDSTOPPER\u00ae-teknik och akustiska portar f\u00f6r att h\u00f6ra hjortar n\u00e4rma sig tidigare.<\/p>\n","protected":false},"excerpt":{"rendered":"<p>Varm m\u00f6ssa med akustiska h\u00f6rselportar<\/p>\n","protected":false},"featured_media":229073,"comment_status":"open","ping_status":"closed","template":"","meta":[],"product_brand":[],"product_cat":[878],"product_tag":[],"class_list":{"0":"post-288238","1":"product","2":"type-product","3":"status-publish","4":"has-post-thumbnail","6":"product_cat-uncategorized-sv","8":"first","9":"outofstock","10":"taxable","11":"shipping-taxable","12":"purchasable","13":"product-type-simple"},"composite_virtual":false,"composite_layout":"","composite_add_to_cart_form_location":"","composite_editable_in_cart":false,"composite_sold_individually_context":"","composite_shop_price_calc":"","composite_components":[],"composite_scenarios":[],"group_of_quantity":0,"min_quantity":0,"max_quantity":"","exclude_order_quantity_value_rules":"no","exclude_category_quantity_rules":"no","combine_variations":"no","exclude_global_add_ons":[],"addons":[],"_links":{"self":[{"href":"https:\/\/www.huntersfriend.eu\/sv\/wp-json\/wp\/v2\/product\/288238","targetHints":{"allow":["GET"]}}],"collection":[{"href":"https:\/\/www.huntersfriend.eu\/sv\/wp-json\/wp\/v2\/product"}],"about":[{"href":"https:\/\/www.huntersfriend.eu\/sv\/wp-json\/wp\/v2\/types\/product"}],"replies":[{"embeddable":true,"href":"https:\/\/www.huntersfriend.eu\/sv\/wp-json\/wp\/v2\/comments?post=288238"}],"wp:featuredmedia":[{"embeddable":true,"href":"https:\/\/www.huntersfriend.eu\/sv\/wp-json\/wp\/v2\/media\/229073"}],"wp:attachment":[{"href":"https:\/\/www.huntersfriend.eu\/sv\/wp-json\/wp\/v2\/media?parent=288238"}],"wp:term":[{"taxonomy":"product_brand","embeddable":true,"href":"https:\/\/www.huntersfriend.eu\/sv\/wp-json\/wp\/v2\/product_brand?post=288238"},{"taxonomy":"product_cat","embeddable":true,"href":"https:\/\/www.huntersfriend.eu\/sv\/wp-json\/wp\/v2\/product_cat?post=288238"},{"taxonomy":"product_tag","embeddable":true,"href":"https:\/\/www.huntersfriend.eu\/sv\/wp-json\/wp\/v2\/product_tag?post=288238"}],"curies":[{"name":"wp","href":"https:\/\/api.w.org\/{rel}","templated":true}]}}