{"id":288229,"date":"2021-11-08T12:22:44","date_gmt":"2021-11-08T10:22:44","guid":{"rendered":"https:\/\/www.huntersfriend.eu\/product\/lumenok-lysande-nock\/"},"modified":"2025-08-27T11:12:43","modified_gmt":"2025-08-27T09:12:43","slug":"lumenok-lysande-nock","status":"publish","type":"product","link":"https:\/\/www.huntersfriend.eu\/sv\/produkt\/lumenok-lysande-nock\/","title":{"rendered":"Lumenok lysande nock"},"content":{"rendered":"<p>Originalet och fortfarande det b\u00e4sta!<\/p>\n<p>S Nock (Passar .244&#8243; &#8211; .245&#8243;, 6,5 mm ID) &#8211; Vikt 26 grains &#8211; Tillverkad med en \u00e4kta Burt Coyote-nock.<\/p>\n<p>H Nock (Passar .232&#8243; \/ 6 mm &#8211; ID) Axlar och v\u00e5ra H-adaptrar f\u00f6r alla 4 mm ID-axlar) &#8211; Vikt &#8211; 24 grains &#8211; Tillverkad med en Bohning HE-nock.<\/p>\n<p>X Nock (Passar .204&#8243; \/ 5 mm ID) Vikt &#8211; 24 grains &#8211; Tillverkad med R Nock fr\u00e5n Black Eagle<\/p>\n<p>GT Nock (Passar .246&#8243; ID-axlar) Vikt &#8211; 26 grains &#8211; Tillverkad med en \u00e4kta Burt Coyote-nock.<\/p>\n<p>Varje Lumenok \u00e4r utrustad med ett utbytbart batteri (Artikelnummer RB) f\u00f6rutom X som anv\u00e4nder RBS).<\/p>\n<p>Lumenok lysande pilnock aktiveras vid skott\u00f6gonblicket f\u00f6r att l\u00e5ta b\u00e5gskyttar f\u00f6lja pilens bana. Denna Lumenok-modell ger upp till 40 timmars belysning och kan ses fr\u00e5n stora avst\u00e5nd. Inga magneter kr\u00e4vs f\u00f6r aktivering.  <\/p>\n","protected":false},"excerpt":{"rendered":"<p>3-pack.<\/p>\n","protected":false},"featured_media":218709,"comment_status":"open","ping_status":"closed","template":"","meta":[],"product_brand":[],"product_cat":[2765,2880],"product_tag":[],"class_list":{"0":"post-288229","1":"product","2":"type-product","3":"status-publish","4":"has-post-thumbnail","6":"product_cat-fyndlada-slutrea","7":"product_cat-nockar-och-insatser","9":"first","10":"instock","11":"sale","12":"taxable","13":"shipping-taxable","14":"purchasable","15":"product-type-variable"},"composite_virtual":false,"composite_layout":"","composite_add_to_cart_form_location":"","composite_editable_in_cart":false,"composite_sold_individually_context":"","composite_shop_price_calc":"","composite_components":[],"composite_scenarios":[],"group_of_quantity":0,"min_quantity":0,"max_quantity":"","exclude_order_quantity_value_rules":"no","exclude_category_quantity_rules":"no","combine_variations":"no","exclude_global_add_ons":[],"addons":[],"_links":{"self":[{"href":"https:\/\/www.huntersfriend.eu\/sv\/wp-json\/wp\/v2\/product\/288229","targetHints":{"allow":["GET"]}}],"collection":[{"href":"https:\/\/www.huntersfriend.eu\/sv\/wp-json\/wp\/v2\/product"}],"about":[{"href":"https:\/\/www.huntersfriend.eu\/sv\/wp-json\/wp\/v2\/types\/product"}],"replies":[{"embeddable":true,"href":"https:\/\/www.huntersfriend.eu\/sv\/wp-json\/wp\/v2\/comments?post=288229"}],"wp:featuredmedia":[{"embeddable":true,"href":"https:\/\/www.huntersfriend.eu\/sv\/wp-json\/wp\/v2\/media\/218709"}],"wp:attachment":[{"href":"https:\/\/www.huntersfriend.eu\/sv\/wp-json\/wp\/v2\/media?parent=288229"}],"wp:term":[{"taxonomy":"product_brand","embeddable":true,"href":"https:\/\/www.huntersfriend.eu\/sv\/wp-json\/wp\/v2\/product_brand?post=288229"},{"taxonomy":"product_cat","embeddable":true,"href":"https:\/\/www.huntersfriend.eu\/sv\/wp-json\/wp\/v2\/product_cat?post=288229"},{"taxonomy":"product_tag","embeddable":true,"href":"https:\/\/www.huntersfriend.eu\/sv\/wp-json\/wp\/v2\/product_tag?post=288229"}],"curies":[{"name":"wp","href":"https:\/\/api.w.org\/{rel}","templated":true}]}}