{"id":288228,"date":"2021-12-30T12:20:31","date_gmt":"2021-12-30T10:20:31","guid":{"rendered":"https:\/\/www.huntersfriend.eu\/product\/meopta-meopro-optika6-1-6x24-sfp-4c-2\/"},"modified":"2025-08-27T11:12:26","modified_gmt":"2025-08-27T09:12:26","slug":"meopta-meopro-optika6-1-6x24-sfp-4c-2","status":"publish","type":"product","link":"https:\/\/www.huntersfriend.eu\/sv\/produkt\/meopta-meopro-optika6-1-6x24-sfp-4c-2\/","title":{"rendered":"Meopta MeoPro Optika6 1-6&#215;24 SFP, 4C"},"content":{"rendered":"<p>Meopta MeoPro Optika6 1-6&#215;24 SFP passar b\u00e4st f\u00f6r snabba t\u00e4vlingar och jakt p\u00e5 medell\u00e5ngt avst\u00e5nd. 1X i botten av 6x f\u00f6rstoring m\u00f6jligg\u00f6r snabb reflexiv skjutning, medan 6x g\u00f6r att du enkelt kan nollst\u00e4lla mer avl\u00e4gsna m\u00e5l. Second Focal Plane (SFP) -modeller har t\u00e4ckta 0,5 MOA vind- och h\u00f6jdjusteringar.  <\/p>\n<ul>\n<li>MeoBright-bel\u00e4ggningar<\/li>\n<li>MeoShield-bel\u00e4ggningar<\/li>\n<li>Hydrofobisk bel\u00e4ggning<\/li>\n<li>Nollst\u00e4llning av vind- och h\u00f6jdjustering<\/li>\n<li>Nollstopp p\u00e5 utvalda modeller<\/li>\n<li>Inkluderar justerbar och avtagbar spak f\u00f6r effektjustering<\/li>\n<li>4C riktmedel<\/li>\n<\/ul>\n<h3>Specifikationer<\/h3>\n<table width=\"530\">\n<tbody>\n<tr>\n<td width=\"466\">F\u00f6rstoring<\/td>\n<td width=\"64\">1 &#8211; 6 x<\/td>\n<\/tr>\n<tr>\n<td>Objektivlins<\/td>\n<td>24 mm<\/td>\n<\/tr>\n<tr>\n<td>Filterg\u00e4nga objektiv<\/td>\n<td>M28.2&#215;0.75<\/td>\n<\/tr>\n<tr>\n<td>Huvudtubstorlek<\/td>\n<td>30 mm<\/td>\n<\/tr>\n<tr>\n<td>\u00d6gonavst\u00e5nd, mm<\/td>\n<td>100 mm<\/td>\n<\/tr>\n<tr>\n<td>Synf\u00e4lt, m\/100m<\/td>\n<td>36.5-6.3<\/td>\n<\/tr>\n<tr>\n<td>Synf\u00e4lt<\/td>\n<td>20.7 &#8211; 3.6 \u00b0<\/td>\n<\/tr>\n<tr>\n<td>Fokalplansposition<\/td>\n<td>2<\/td>\n<\/tr>\n<tr>\n<td>Dioptrikompensation<\/td>\n<td>-2.5 \/ 3.5 D<\/td>\n<\/tr>\n<tr>\n<td>Dagsljustransmission<\/td>\n<td>91 %<\/td>\n<\/tr>\n<tr>\n<td>Tr\u00e4ffl\u00e4ges\u00e4ndring per klick, cm\/100m<\/td>\n<td>1.5<\/td>\n<\/tr>\n<tr>\n<td>Justeringsomf\u00e5ng vind och h\u00f6jd, cm\/100m<\/td>\n<td>349<\/td>\n<\/tr>\n<tr>\n<td>Parallaxjustering<\/td>\n<td>ne y\/n<\/td>\n<\/tr>\n<tr>\n<td>L\u00e4ngd, mm<\/td>\n<td>256 mm<\/td>\n<\/tr>\n<tr>\n<td>Vikt, g<\/td>\n<td>578<\/td>\n<\/tr>\n<\/tbody>\n<\/table>\n<p>10 \u00e5rs garanti vid registrering.<\/p>\n","protected":false},"excerpt":{"rendered":"<p>Belyst riktmedel, 30 mm huvudtub<\/p>\n","protected":false},"featured_media":220696,"comment_status":"open","ping_status":"closed","template":"","meta":[],"product_brand":[],"product_cat":[2526],"product_tag":[],"class_list":{"0":"post-288228","1":"product","2":"type-product","3":"status-publish","4":"has-post-thumbnail","6":"product_cat-kikarsikten-och-optik","8":"first","9":"outofstock","10":"taxable","11":"shipping-taxable","12":"purchasable","13":"product-type-simple"},"composite_virtual":false,"composite_layout":"","composite_add_to_cart_form_location":"","composite_editable_in_cart":false,"composite_sold_individually_context":"","composite_shop_price_calc":"","composite_components":[],"composite_scenarios":[],"group_of_quantity":0,"min_quantity":0,"max_quantity":"","exclude_order_quantity_value_rules":"no","exclude_category_quantity_rules":"no","combine_variations":"no","exclude_global_add_ons":[],"addons":[],"_links":{"self":[{"href":"https:\/\/www.huntersfriend.eu\/sv\/wp-json\/wp\/v2\/product\/288228","targetHints":{"allow":["GET"]}}],"collection":[{"href":"https:\/\/www.huntersfriend.eu\/sv\/wp-json\/wp\/v2\/product"}],"about":[{"href":"https:\/\/www.huntersfriend.eu\/sv\/wp-json\/wp\/v2\/types\/product"}],"replies":[{"embeddable":true,"href":"https:\/\/www.huntersfriend.eu\/sv\/wp-json\/wp\/v2\/comments?post=288228"}],"wp:featuredmedia":[{"embeddable":true,"href":"https:\/\/www.huntersfriend.eu\/sv\/wp-json\/wp\/v2\/media\/220696"}],"wp:attachment":[{"href":"https:\/\/www.huntersfriend.eu\/sv\/wp-json\/wp\/v2\/media?parent=288228"}],"wp:term":[{"taxonomy":"product_brand","embeddable":true,"href":"https:\/\/www.huntersfriend.eu\/sv\/wp-json\/wp\/v2\/product_brand?post=288228"},{"taxonomy":"product_cat","embeddable":true,"href":"https:\/\/www.huntersfriend.eu\/sv\/wp-json\/wp\/v2\/product_cat?post=288228"},{"taxonomy":"product_tag","embeddable":true,"href":"https:\/\/www.huntersfriend.eu\/sv\/wp-json\/wp\/v2\/product_tag?post=288228"}],"curies":[{"name":"wp","href":"https:\/\/api.w.org\/{rel}","templated":true}]}}