{"id":288227,"date":"2021-12-27T15:41:30","date_gmt":"2021-12-27T13:41:30","guid":{"rendered":"https:\/\/www.huntersfriend.eu\/product\/lucky-hd-floater-bluebill-drake\/"},"modified":"2025-08-27T11:12:18","modified_gmt":"2025-08-27T09:12:18","slug":"lucky-hd-floater-bluebill-drake","status":"publish","type":"product","link":"https:\/\/www.huntersfriend.eu\/sv\/produkt\/lucky-hd-floater-bluebill-drake\/","title":{"rendered":"Lucky HD floater bluebill Drake"},"content":{"rendered":"<p>L\u00e4mna spinnsp\u00f6na hemma, Lucky HD Floater \u00e4r din l\u00f6sning med roterande vingar f\u00f6r djupt vatten och situationer med stark str\u00f6m. Med en \u00f6verdimensionerad bluebill floater-design med en viktad k\u00f6l och svarta korrugerade vingar f\u00f6r att generera en stor blixt. Ny modul glider in i toppen av betet och \u00e4r helt vattent\u00e4t. Lucky HD Floater g\u00e5r i 12\u201314 timmar p\u00e5 4 AA-batterier. HD Remote Kit 2.0-redo \u2013 s\u00e4ljs separat.    <\/p>\n<ul>\n<li>\u00d6verdimensionerad bete-snideri som t\u00e5l m\u00e5nga \u00e5rs anv\u00e4ndning<\/li>\n<li>Floater-design med viktad k\u00f6l<\/li>\n<li>Inkluderar magnetiska korrugerade vingar<\/li>\n<li>Vattent\u00e4t hj\u00e4rnbox glider in i toppen av betet<\/li>\n<li>Kr\u00e4ver 4 AA-batterier<\/li>\n<li>Kommer att k\u00f6ras i 12\u201314 timmar<\/li>\n<li>HD Remote Kit-redo \u2013 s\u00e4ljs separat<\/li>\n<\/ul>\n","protected":false},"excerpt":{"rendered":"<p>6V-batteri<\/p>\n","protected":false},"featured_media":220569,"comment_status":"open","ping_status":"closed","template":"","meta":[],"product_brand":[],"product_cat":[878],"product_tag":[],"class_list":{"0":"post-288227","1":"product","2":"type-product","3":"status-publish","4":"has-post-thumbnail","6":"product_cat-uncategorized-sv","8":"first","9":"outofstock","10":"taxable","11":"shipping-taxable","12":"purchasable","13":"product-type-simple"},"composite_virtual":false,"composite_layout":"","composite_add_to_cart_form_location":"","composite_editable_in_cart":false,"composite_sold_individually_context":"","composite_shop_price_calc":"","composite_components":[],"composite_scenarios":[],"group_of_quantity":0,"min_quantity":0,"max_quantity":"","exclude_order_quantity_value_rules":"no","exclude_category_quantity_rules":"no","combine_variations":"no","exclude_global_add_ons":[],"addons":[],"_links":{"self":[{"href":"https:\/\/www.huntersfriend.eu\/sv\/wp-json\/wp\/v2\/product\/288227","targetHints":{"allow":["GET"]}}],"collection":[{"href":"https:\/\/www.huntersfriend.eu\/sv\/wp-json\/wp\/v2\/product"}],"about":[{"href":"https:\/\/www.huntersfriend.eu\/sv\/wp-json\/wp\/v2\/types\/product"}],"replies":[{"embeddable":true,"href":"https:\/\/www.huntersfriend.eu\/sv\/wp-json\/wp\/v2\/comments?post=288227"}],"wp:featuredmedia":[{"embeddable":true,"href":"https:\/\/www.huntersfriend.eu\/sv\/wp-json\/wp\/v2\/media\/220569"}],"wp:attachment":[{"href":"https:\/\/www.huntersfriend.eu\/sv\/wp-json\/wp\/v2\/media?parent=288227"}],"wp:term":[{"taxonomy":"product_brand","embeddable":true,"href":"https:\/\/www.huntersfriend.eu\/sv\/wp-json\/wp\/v2\/product_brand?post=288227"},{"taxonomy":"product_cat","embeddable":true,"href":"https:\/\/www.huntersfriend.eu\/sv\/wp-json\/wp\/v2\/product_cat?post=288227"},{"taxonomy":"product_tag","embeddable":true,"href":"https:\/\/www.huntersfriend.eu\/sv\/wp-json\/wp\/v2\/product_tag?post=288227"}],"curies":[{"name":"wp","href":"https:\/\/api.w.org\/{rel}","templated":true}]}}