{"id":288224,"date":"2021-12-27T14:57:27","date_gmt":"2021-12-27T12:57:27","guid":{"rendered":"https:\/\/www.huntersfriend.eu\/product\/hoyt-carbon-go-stix-2\/"},"modified":"2026-03-04T07:23:50","modified_gmt":"2026-03-04T05:23:50","slug":"hoyt-carbon-go-stix-2","status":"publish","type":"product","link":"https:\/\/www.huntersfriend.eu\/sv\/produkt\/hoyt-carbon-go-stix-2\/","title":{"rendered":"Hoyt carbon go-stix"},"content":{"rendered":"<p>Carbon Go-Stix \u00e4r unikt utformad f\u00f6r att enkelt st\u00e4lla pilb\u00e5gen uppr\u00e4tt utan att addera on\u00f6dig vikt eller storlek. Till skillnad fr\u00e5n andra pilb\u00e5gsstativ kan Go-Stix sitta kvar p\u00e5 pilb\u00e5gen medan du skjuter utan att p\u00e5verka skottet. Detta f\u00f6rhindrar behovet av att ta bort den f\u00f6re ett skott, vilket g\u00f6r den perfekt f\u00f6r pilb\u00e5gsmonterade lockg\u00e4ss, n\u00e4r du sitter i g\u00f6mslet eller smyger i h\u00f6gl\u00e4nderna. Go-Stix-kolfiberst\u00e4ngerna \u00e4r l\u00e4tta att ta bort och stabilisatoranslutningen har ett snabbkopplingssystem f\u00f6r att packa eller f\u00f6rvara pilb\u00e5gen utan att beh\u00f6va ta bort hela enheten.   <\/p>\n","protected":false},"excerpt":{"rendered":"<p>Carbon Go-Stix \u00e4r unikt utformad f\u00f6r att enkelt st\u00e4lla pilb\u00e5gen uppr\u00e4tt utan att addera on\u00f6dig vikt eller storlek. Till skillnad fr\u00e5n andra pilb\u00e5gsstativ kan Go-Stix sitta kvar p\u00e5 pilb\u00e5gen medan du skjuter utan att p\u00e5verka skottet. Detta f\u00f6rhindrar behovet av att ta bort den f\u00f6re ett skott, vilket g\u00f6r den perfekt f\u00f6r pilb\u00e5gsmonterade lockg\u00e4ss, n\u00e4r [&#8230;]\n","protected":false},"featured_media":221598,"comment_status":"open","ping_status":"closed","template":"","meta":[],"product_brand":[],"product_cat":[878],"product_tag":[],"class_list":{"0":"post-288224","1":"product","2":"type-product","3":"status-publish","4":"has-post-thumbnail","6":"product_cat-uncategorized-sv","8":"first","9":"outofstock","10":"sale","11":"taxable","12":"shipping-taxable","13":"purchasable","14":"product-type-simple"},"composite_virtual":false,"composite_layout":"","composite_add_to_cart_form_location":"","composite_editable_in_cart":false,"composite_sold_individually_context":"","composite_shop_price_calc":"","composite_components":[],"composite_scenarios":[],"group_of_quantity":0,"min_quantity":0,"max_quantity":"","exclude_order_quantity_value_rules":"no","exclude_category_quantity_rules":"no","combine_variations":"no","exclude_global_add_ons":[],"addons":[],"_links":{"self":[{"href":"https:\/\/www.huntersfriend.eu\/sv\/wp-json\/wp\/v2\/product\/288224","targetHints":{"allow":["GET"]}}],"collection":[{"href":"https:\/\/www.huntersfriend.eu\/sv\/wp-json\/wp\/v2\/product"}],"about":[{"href":"https:\/\/www.huntersfriend.eu\/sv\/wp-json\/wp\/v2\/types\/product"}],"replies":[{"embeddable":true,"href":"https:\/\/www.huntersfriend.eu\/sv\/wp-json\/wp\/v2\/comments?post=288224"}],"wp:featuredmedia":[{"embeddable":true,"href":"https:\/\/www.huntersfriend.eu\/sv\/wp-json\/wp\/v2\/media\/221598"}],"wp:attachment":[{"href":"https:\/\/www.huntersfriend.eu\/sv\/wp-json\/wp\/v2\/media?parent=288224"}],"wp:term":[{"taxonomy":"product_brand","embeddable":true,"href":"https:\/\/www.huntersfriend.eu\/sv\/wp-json\/wp\/v2\/product_brand?post=288224"},{"taxonomy":"product_cat","embeddable":true,"href":"https:\/\/www.huntersfriend.eu\/sv\/wp-json\/wp\/v2\/product_cat?post=288224"},{"taxonomy":"product_tag","embeddable":true,"href":"https:\/\/www.huntersfriend.eu\/sv\/wp-json\/wp\/v2\/product_tag?post=288224"}],"curies":[{"name":"wp","href":"https:\/\/api.w.org\/{rel}","templated":true}]}}