{"id":288223,"date":"2021-12-09T01:00:29","date_gmt":"2021-12-08T23:00:29","guid":{"rendered":"https:\/\/www.huntersfriend.eu\/product\/slick-trick-magnum-4-pack\/"},"modified":"2026-01-06T10:12:21","modified_gmt":"2026-01-06T08:12:21","slug":"slick-trick-magnum-4-pack","status":"publish","type":"product","link":"https:\/\/www.huntersfriend.eu\/sv\/produkt\/slick-trick-magnum-4-pack\/","title":{"rendered":"Slick trick Magnum 4-pack"},"content":{"rendered":"<p>Ett superkort jaktspets designat f\u00f6r att konkurrera med flykten och sk\u00e4rdiametern hos mekaniska spetsar, med det sj\u00e4lvf\u00f6rtroende och den tillf\u00f6rlitlighet som bara en design med fast blad kan ge. Med en sk\u00e4rdiameter p\u00e5 1 1\/8 tum ger denna l\u00e5gprofilsdesign med fyra blad f\u00f6r\u00f6dande resultat och \u00e4r den perfekta designen f\u00f6r att hantera de otroliga hastigheterna hos dagens avancerade b\u00e5gar. <\/p>\n<p>Detta \u00e4r ett 4-pack med jaktspetsar.<\/p>\n","protected":false},"excerpt":{"rendered":"<p>100 gr eller 125 gr 4-pack<\/p>\n","protected":false},"featured_media":225166,"comment_status":"open","ping_status":"closed","template":"","meta":[],"product_brand":[],"product_cat":[2647],"product_tag":[],"class_list":{"0":"post-288223","1":"product","2":"type-product","3":"status-publish","4":"has-post-thumbnail","6":"product_cat-broadheads-jakt","8":"first","9":"outofstock","10":"taxable","11":"shipping-taxable","12":"purchasable","13":"product-type-variable"},"composite_virtual":false,"composite_layout":"","composite_add_to_cart_form_location":"","composite_editable_in_cart":false,"composite_sold_individually_context":"","composite_shop_price_calc":"","composite_components":[],"composite_scenarios":[],"group_of_quantity":0,"min_quantity":0,"max_quantity":"","exclude_order_quantity_value_rules":"no","exclude_category_quantity_rules":"no","combine_variations":"no","exclude_global_add_ons":[],"addons":[],"_links":{"self":[{"href":"https:\/\/www.huntersfriend.eu\/sv\/wp-json\/wp\/v2\/product\/288223","targetHints":{"allow":["GET"]}}],"collection":[{"href":"https:\/\/www.huntersfriend.eu\/sv\/wp-json\/wp\/v2\/product"}],"about":[{"href":"https:\/\/www.huntersfriend.eu\/sv\/wp-json\/wp\/v2\/types\/product"}],"replies":[{"embeddable":true,"href":"https:\/\/www.huntersfriend.eu\/sv\/wp-json\/wp\/v2\/comments?post=288223"}],"wp:featuredmedia":[{"embeddable":true,"href":"https:\/\/www.huntersfriend.eu\/sv\/wp-json\/wp\/v2\/media\/225166"}],"wp:attachment":[{"href":"https:\/\/www.huntersfriend.eu\/sv\/wp-json\/wp\/v2\/media?parent=288223"}],"wp:term":[{"taxonomy":"product_brand","embeddable":true,"href":"https:\/\/www.huntersfriend.eu\/sv\/wp-json\/wp\/v2\/product_brand?post=288223"},{"taxonomy":"product_cat","embeddable":true,"href":"https:\/\/www.huntersfriend.eu\/sv\/wp-json\/wp\/v2\/product_cat?post=288223"},{"taxonomy":"product_tag","embeddable":true,"href":"https:\/\/www.huntersfriend.eu\/sv\/wp-json\/wp\/v2\/product_tag?post=288223"}],"curies":[{"name":"wp","href":"https:\/\/api.w.org\/{rel}","templated":true}]}}