{"id":288222,"date":"2022-02-07T15:20:26","date_gmt":"2022-02-07T13:20:26","guid":{"rendered":"https:\/\/www.huntersfriend.eu\/product\/slutlig-inflygning-live-full-body-mallards\/"},"modified":"2025-08-27T11:12:13","modified_gmt":"2025-08-27T09:12:13","slug":"slutlig-inflygning-live-full-body-mallards","status":"publish","type":"product","link":"https:\/\/www.huntersfriend.eu\/sv\/produkt\/slutlig-inflygning-live-full-body-mallards\/","title":{"rendered":"Slutlig inflygning live full body mallards"},"content":{"rendered":"<h1>LIVE FULL BODY MALLARDS<\/h1>\n<p>Dessa lockf\u00e5glar tar full body Mallards till n\u00e4sta niv\u00e5! Tillverkade av ett premium EVA-material som ger \u00f6verl\u00e4gsen h\u00e5llbarhet, b\u00e4ttre f\u00e4rgh\u00e4ftning och g\u00f6r lockf\u00e5glarna l\u00e4tta. Materialet har lite eftergift som f\u00f6rhindrar sprickbildning men ocks\u00e5 h\u00e5ller formen. Precis som p\u00e5 de flytande Mallards \u00e4r detaljerna p\u00e5 dessa s\u00e5 realistiska som det bara g\u00e5r. Med Zero Gravity Motion System kommer de att vicka och dansa i den minsta bris. Anv\u00e4nd dem i f\u00e4lt, grunt vatten eller p\u00e5 kanten av en vattenmilj\u00f6.     <\/p>\n<h2>FUNKTIONER<\/h2>\n<ul>\n<li>Premium EVA-material<\/li>\n<li>Fantastiska fj\u00e4derdetaljer fr\u00e5n v\u00e4rldsm\u00e4starutsk\u00e4raren Pat Godin<\/li>\n<li>Full storlek<\/li>\n<li>En del<\/li>\n<li>Zero gravity motion system<\/li>\n<li>16-tums fiberpinnar<\/li>\n<\/ul>\n<h2>INKLUDERAR:<\/h2>\n<ul>\n<li>V\u00e4ska med 12 fack<\/li>\n<li>12-pack<\/li>\n<li>4 drake resters<\/li>\n<li>4 drake feeders<\/li>\n<li>2 hen callers<\/li>\n<li>2 hen feeders<\/li>\n<\/ul>\n<p><strong>Observera: Onlinebest\u00e4llningar \u00e4r begr\u00e4nsade till en l\u00e5da per best\u00e4llning. F\u00f6r st\u00f6rre m\u00e4ngder, kontakta kundtj\u00e4nst direkt f\u00f6r att se om leveranskostnader <\/strong><\/p>\n","protected":false},"excerpt":{"rendered":"<p><strong>Observera: Onlinebest\u00e4llningar \u00e4r begr\u00e4nsade till en l\u00e5da per best\u00e4llning. F\u00f6r st\u00f6rre m\u00e4ngder, kontakta kundtj\u00e4nst direkt f\u00f6r att se om leveranskostnader <\/strong><\/p>\n","protected":false},"featured_media":235458,"comment_status":"open","ping_status":"closed","template":"","meta":[],"product_brand":[],"product_cat":[878],"product_tag":[],"class_list":{"0":"post-288222","1":"product","2":"type-product","3":"status-publish","4":"has-post-thumbnail","6":"product_cat-uncategorized-sv","7":"product_shipping_class-big-sv","9":"first","10":"outofstock","11":"taxable","12":"shipping-taxable","13":"purchasable","14":"product-type-simple"},"composite_virtual":false,"composite_layout":"","composite_add_to_cart_form_location":"","composite_editable_in_cart":false,"composite_sold_individually_context":"","composite_shop_price_calc":"","composite_components":[],"composite_scenarios":[],"group_of_quantity":0,"min_quantity":0,"max_quantity":"","exclude_order_quantity_value_rules":"no","exclude_category_quantity_rules":"no","combine_variations":"no","exclude_global_add_ons":[],"addons":[],"_links":{"self":[{"href":"https:\/\/www.huntersfriend.eu\/sv\/wp-json\/wp\/v2\/product\/288222","targetHints":{"allow":["GET"]}}],"collection":[{"href":"https:\/\/www.huntersfriend.eu\/sv\/wp-json\/wp\/v2\/product"}],"about":[{"href":"https:\/\/www.huntersfriend.eu\/sv\/wp-json\/wp\/v2\/types\/product"}],"replies":[{"embeddable":true,"href":"https:\/\/www.huntersfriend.eu\/sv\/wp-json\/wp\/v2\/comments?post=288222"}],"wp:featuredmedia":[{"embeddable":true,"href":"https:\/\/www.huntersfriend.eu\/sv\/wp-json\/wp\/v2\/media\/235458"}],"wp:attachment":[{"href":"https:\/\/www.huntersfriend.eu\/sv\/wp-json\/wp\/v2\/media?parent=288222"}],"wp:term":[{"taxonomy":"product_brand","embeddable":true,"href":"https:\/\/www.huntersfriend.eu\/sv\/wp-json\/wp\/v2\/product_brand?post=288222"},{"taxonomy":"product_cat","embeddable":true,"href":"https:\/\/www.huntersfriend.eu\/sv\/wp-json\/wp\/v2\/product_cat?post=288222"},{"taxonomy":"product_tag","embeddable":true,"href":"https:\/\/www.huntersfriend.eu\/sv\/wp-json\/wp\/v2\/product_tag?post=288222"}],"curies":[{"name":"wp","href":"https:\/\/api.w.org\/{rel}","templated":true}]}}