{"id":288220,"date":"2022-02-02T12:20:19","date_gmt":"2022-02-02T10:20:19","guid":{"rendered":"https:\/\/www.huntersfriend.eu\/product\/lockschmiede-grauganslocker-v2-gragaslockpipa\/"},"modified":"2025-08-27T11:12:11","modified_gmt":"2025-08-27T09:12:11","slug":"lockschmiede-grauganslocker-v2-gragaslockpipa","status":"publish","type":"product","link":"https:\/\/www.huntersfriend.eu\/sv\/produkt\/lockschmiede-grauganslocker-v2-gragaslockpipa\/","title":{"rendered":"Lockschmiede grauganslocker V2 \u2013 gr\u00e5g\u00e5slockpipa"},"content":{"rendered":"<p id=\"tw-target-text\" class=\"tw-data-text tw-text-large tw-ta\" dir=\"ltr\" data-placeholder=\"K\u00e4\u00e4nn\u00f6s\"><span class=\"Y2IQFc\" lang=\"en\">Lockschmiede Grauganslocker V2 gr\u00e5g\u00e5slockpipa \u00e4r en l\u00e4ttspelad gr\u00e5g\u00e5slockpipa med l\u00e5ngt r\u00f6r, tillverkad av valn\u00f6t och akrylplast. Denna h\u00f6gkvalitativa gr\u00e5g\u00e5slockpipa \u00e4r perfekt f\u00f6r dem som inte gillar lockpipor med korta r\u00f6r. Lockpipan producerar alla n\u00f6dv\u00e4ndiga ljud fr\u00e5n en gr\u00e5g\u00e5s som kr\u00e4vs f\u00f6r att framg\u00e5ngsrikt locka dem.  <\/span><\/p>\n","protected":false},"excerpt":{"rendered":"<p>Lockschmiede Grauganslocker V2 gr\u00e5g\u00e5slockpipa \u00e4r en l\u00e4ttspelad gr\u00e5g\u00e5slockpipa med l\u00e5ngt r\u00f6r, tillverkad av valn\u00f6t och akrylplast. Denna h\u00f6gkvalitativa gr\u00e5g\u00e5slockpipa \u00e4r perfekt f\u00f6r dem som inte gillar lockpipor med korta r\u00f6r. Lockpipan producerar alla n\u00f6dv\u00e4ndiga ljud fr\u00e5n en gr\u00e5g\u00e5s som kr\u00e4vs f\u00f6r att framg\u00e5ngsrikt locka dem.<\/p>\n","protected":false},"featured_media":256795,"comment_status":"open","ping_status":"closed","template":"","meta":[],"product_brand":[],"product_cat":[2805],"product_tag":[],"class_list":{"0":"post-288220","1":"product","2":"type-product","3":"status-publish","4":"has-post-thumbnail","6":"product_cat-gaslockpipor","8":"first","9":"onbackorder","10":"taxable","11":"shipping-taxable","12":"purchasable","13":"product-type-simple"},"composite_virtual":false,"composite_layout":"","composite_add_to_cart_form_location":"","composite_editable_in_cart":false,"composite_sold_individually_context":"","composite_shop_price_calc":"","composite_components":[],"composite_scenarios":[],"group_of_quantity":0,"min_quantity":0,"max_quantity":"","exclude_order_quantity_value_rules":"no","exclude_category_quantity_rules":"no","combine_variations":"no","exclude_global_add_ons":[],"addons":[],"_links":{"self":[{"href":"https:\/\/www.huntersfriend.eu\/sv\/wp-json\/wp\/v2\/product\/288220","targetHints":{"allow":["GET"]}}],"collection":[{"href":"https:\/\/www.huntersfriend.eu\/sv\/wp-json\/wp\/v2\/product"}],"about":[{"href":"https:\/\/www.huntersfriend.eu\/sv\/wp-json\/wp\/v2\/types\/product"}],"replies":[{"embeddable":true,"href":"https:\/\/www.huntersfriend.eu\/sv\/wp-json\/wp\/v2\/comments?post=288220"}],"wp:featuredmedia":[{"embeddable":true,"href":"https:\/\/www.huntersfriend.eu\/sv\/wp-json\/wp\/v2\/media\/256795"}],"wp:attachment":[{"href":"https:\/\/www.huntersfriend.eu\/sv\/wp-json\/wp\/v2\/media?parent=288220"}],"wp:term":[{"taxonomy":"product_brand","embeddable":true,"href":"https:\/\/www.huntersfriend.eu\/sv\/wp-json\/wp\/v2\/product_brand?post=288220"},{"taxonomy":"product_cat","embeddable":true,"href":"https:\/\/www.huntersfriend.eu\/sv\/wp-json\/wp\/v2\/product_cat?post=288220"},{"taxonomy":"product_tag","embeddable":true,"href":"https:\/\/www.huntersfriend.eu\/sv\/wp-json\/wp\/v2\/product_tag?post=288220"}],"curies":[{"name":"wp","href":"https:\/\/api.w.org\/{rel}","templated":true}]}}